{"id":6516,"date":"2024-10-23T11:21:06","date_gmt":"2024-10-23T08:21:06","guid":{"rendered":"https:\/\/olkatoiminta.fi\/?page_id=6516"},"modified":"2024-11-14T14:58:32","modified_gmt":"2024-11-14T12:58:32","slug":"mer-information-om-olka","status":"publish","type":"page","link":"https:\/\/olkatoiminta.fi\/sv\/mer-information-om-olka\/","title":{"rendered":"Mer information om OLKA"},"content":{"rendered":"\t\t<div data-elementor-type=\"wp-page\" data-elementor-id=\"6516\" class=\"elementor elementor-6516 elementor-259\" data-elementor-post-type=\"page\">\n\t\t\t\t\t\t<section class=\"elementor-section elementor-top-section elementor-element elementor-element-02aee93 elementor-section-content-middle elementor-section-boxed elementor-section-height-default elementor-section-height-default\" data-id=\"02aee93\" data-element_type=\"section\" data-e-type=\"section\">\n\t\t\t\t\t\t<div class=\"elementor-container elementor-column-gap-default\">\n\t\t\t\t\t<div class=\"elementor-column elementor-col-50 elementor-top-column elementor-element elementor-element-bb9562a\" data-id=\"bb9562a\" data-element_type=\"column\" data-e-type=\"column\">\n\t\t\t<div class=\"elementor-widget-wrap elementor-element-populated\">\n\t\t\t\t\t\t<div class=\"elementor-element elementor-element-3cd39f0 elementor-widget elementor-widget-theme-post-title elementor-page-title elementor-widget-heading\" data-id=\"3cd39f0\" data-element_type=\"widget\" data-e-type=\"widget\" data-widget_type=\"theme-post-title.default\">\n\t\t\t\t<div class=\"elementor-widget-container\">\n\t\t\t\t\t<h1 class=\"elementor-heading-title elementor-size-default\">Mer information om OLKA<\/h1>\t\t\t\t<\/div>\n\t\t\t\t<\/div>\n\t\t\t\t<div class=\"elementor-element elementor-element-5618e5a elementor-widget elementor-widget-text-editor\" data-id=\"5618e5a\" data-element_type=\"widget\" data-e-type=\"widget\" data-widget_type=\"text-editor.default\">\n\t\t\t\t<div class=\"elementor-widget-container\">\n\t\t\t\t\t\t\t\t\t<p>OLKA:s verksamhet bedrivs i samarbete med ett v\u00e4lf\u00e4rdsomr\u00e5de\/sjukhus och organisationer.<\/p>\t\t\t\t\t\t\t\t<\/div>\n\t\t\t\t<\/div>\n\t\t\t\t<div class=\"elementor-element elementor-element-3210f6b elementor-widget elementor-widget-table-of-contents\" data-id=\"3210f6b\" data-element_type=\"widget\" data-e-type=\"widget\" data-settings=\"{&quot;headings_by_tags&quot;:[&quot;h2&quot;],&quot;exclude_headings_by_selector&quot;:[],&quot;marker_view&quot;:&quot;bullets&quot;,&quot;no_headings_message&quot;:&quot;No headings were found on this page.&quot;,&quot;icon&quot;:{&quot;value&quot;:&quot;fas fa-circle&quot;,&quot;library&quot;:&quot;fa-solid&quot;},&quot;min_height&quot;:{&quot;unit&quot;:&quot;px&quot;,&quot;size&quot;:&quot;&quot;,&quot;sizes&quot;:[]},&quot;min_height_tablet&quot;:{&quot;unit&quot;:&quot;px&quot;,&quot;size&quot;:&quot;&quot;,&quot;sizes&quot;:[]},&quot;min_height_mobile&quot;:{&quot;unit&quot;:&quot;px&quot;,&quot;size&quot;:&quot;&quot;,&quot;sizes&quot;:[]}}\" data-widget_type=\"table-of-contents.default\">\n\t\t\t\t<div class=\"elementor-widget-container\">\n\t\t\t\t\t\t\t\t\t<div id=\"elementor-toc__3210f6b\" class=\"elementor-toc__body\">\n\t\t\t<div class=\"elementor-toc__spinner-container\">\n\t\t\t\t<i class=\"elementor-toc__spinner eicon-animation-spin eicon-loading\" aria-hidden=\"true\"><\/i>\t\t\t<\/div>\n\t\t<\/div>\n\t\t\t\t\t\t<\/div>\n\t\t\t\t<\/div>\n\t\t\t\t\t<\/div>\n\t\t<\/div>\n\t\t\t\t<div class=\"elementor-column elementor-col-50 elementor-top-column elementor-element elementor-element-957fdbe\" data-id=\"957fdbe\" data-element_type=\"column\" data-e-type=\"column\">\n\t\t\t<div class=\"elementor-widget-wrap elementor-element-populated\">\n\t\t\t\t\t\t<div class=\"elementor-element elementor-element-865ab64 elementor-widget elementor-widget-image\" data-id=\"865ab64\" data-element_type=\"widget\" data-e-type=\"widget\" data-widget_type=\"image.default\">\n\t\t\t\t<div class=\"elementor-widget-container\">\n\t\t\t\t\t\t\t\t\t\t\t\t\t\t\t<img decoding=\"async\" src=\"https:\/\/olkatoiminta.fi\/wp-content\/uploads\/elementor\/thumbs\/olka-toiminta-tuki-vapaaehtoistoiminta-sairaalassa-opvz9ub32a0q9iqkixvum25fjipn653nrb4zdqcb3g.jpg\" title=\"olka-toiminta-tuki-vapaaehtoistoiminta-sairaalassa\" alt=\"olka-toiminta-tuki-vapaaehtoistoiminta-sairaalassa\" loading=\"lazy\" \/>\t\t\t\t\t\t\t\t\t\t\t\t\t\t\t<\/div>\n\t\t\t\t<\/div>\n\t\t\t\t\t<\/div>\n\t\t<\/div>\n\t\t\t\t\t<\/div>\n\t\t<\/section>\n\t\t\t\t<section class=\"elementor-section elementor-top-section elementor-element elementor-element-3a46fb1 elementor-section-boxed elementor-section-height-default elementor-section-height-default\" data-id=\"3a46fb1\" data-element_type=\"section\" data-e-type=\"section\">\n\t\t\t\t\t\t<div class=\"elementor-container elementor-column-gap-default\">\n\t\t\t\t\t<div class=\"elementor-column elementor-col-33 elementor-top-column elementor-element elementor-element-65b9f8d\" data-id=\"65b9f8d\" data-element_type=\"column\" data-e-type=\"column\">\n\t\t\t<div class=\"elementor-widget-wrap elementor-element-populated\">\n\t\t\t\t\t\t<div class=\"elementor-element elementor-element-aa4acbe elementor-widget elementor-widget-heading\" data-id=\"aa4acbe\" data-element_type=\"widget\" data-e-type=\"widget\" data-widget_type=\"heading.default\">\n\t\t\t\t<div class=\"elementor-widget-container\">\n\t\t\t\t\t<h2 class=\"elementor-heading-title elementor-size-default\">Dessa g\u00f6r verksamheten m\u00f6jlig<\/h2>\t\t\t\t<\/div>\n\t\t\t\t<\/div>\n\t\t\t\t\t<\/div>\n\t\t<\/div>\n\t\t\t\t<div class=\"elementor-column elementor-col-66 elementor-top-column elementor-element elementor-element-4428111\" data-id=\"4428111\" data-element_type=\"column\" data-e-type=\"column\">\n\t\t\t<div class=\"elementor-widget-wrap elementor-element-populated\">\n\t\t\t\t\t\t<div class=\"elementor-element elementor-element-9bd1fae elementor-widget elementor-widget-text-editor\" data-id=\"9bd1fae\" data-element_type=\"widget\" data-e-type=\"widget\" data-widget_type=\"text-editor.default\">\n\t\t\t\t<div class=\"elementor-widget-container\">\n\t\t\t\t\t\t\t\t\t<p>Det nationella OLKA-n\u00e4tverket leds i samarbete med <a href=\"https:\/\/hyte.fi\/\" target=\"_blank\" rel=\"noopener\">HyTe ry<\/a> (tidigare EJY ry) och <a href=\"https:\/\/www.hus.fi\/sv\/om-oss\/utveckling-inom-hus\/kunddelaktighet\" target=\"_blank\" rel=\"noopener\">HUS-sammanslutningen<\/a>. N\u00e4tverket ansvarar gemensamt f\u00f6r att utveckla verksamhetsmodellen. Den lokala verksamheten i respektive omr\u00e5de bedrivs i samarbete med den koordinerande organisationen och v\u00e4lf\u00e4rdsomr\u00e5det\/sjukhuset.<\/p><p><a href=\"https:\/\/www.stea.fi\/sv\/\" target=\"_blank\" rel=\"noopener\">Social- och h\u00e4lsoorganisationernas underst\u00f6dscentral STEA<\/a> hj\u00e4lper organisationerna att koordinera OLKA-verksamheten.<\/p><p>OLKA-verksamhetens inneh\u00e5ll skapas av organisationer, den specialiserade sjukv\u00e5rden och prim\u00e4rv\u00e5rden inom v\u00e4lf\u00e4rdsomr\u00e5det samt av volont\u00e4rer p\u00e5 <a href=\"https:\/\/olkatoiminta.fi\/sv\/olka-aktorer-i-finland\/\">olika h\u00e5ll i Finland<\/a>.<\/p>\t\t\t\t\t\t\t\t<\/div>\n\t\t\t\t<\/div>\n\t\t\t\t\t<\/div>\n\t\t<\/div>\n\t\t\t\t\t<\/div>\n\t\t<\/section>\n\t\t\t\t<section class=\"elementor-section elementor-top-section elementor-element elementor-element-1264a0a elementor-section-boxed elementor-section-height-default elementor-section-height-default\" data-id=\"1264a0a\" data-element_type=\"section\" data-e-type=\"section\" data-settings=\"{&quot;background_background&quot;:&quot;classic&quot;}\">\n\t\t\t\t\t\t<div class=\"elementor-container elementor-column-gap-default\">\n\t\t\t\t\t<div class=\"elementor-column elementor-col-33 elementor-top-column elementor-element elementor-element-83373a9\" data-id=\"83373a9\" data-element_type=\"column\" data-e-type=\"column\">\n\t\t\t<div class=\"elementor-widget-wrap elementor-element-populated\">\n\t\t\t\t\t\t<div class=\"elementor-element elementor-element-33441f4 elementor-widget elementor-widget-heading\" data-id=\"33441f4\" data-element_type=\"widget\" data-e-type=\"widget\" data-widget_type=\"heading.default\">\n\t\t\t\t<div class=\"elementor-widget-container\">\n\t\t\t\t\t<h2 class=\"elementor-heading-title elementor-size-default\">Hur startade OLKA?<\/h2>\t\t\t\t<\/div>\n\t\t\t\t<\/div>\n\t\t\t\t\t<\/div>\n\t\t<\/div>\n\t\t\t\t<div class=\"elementor-column elementor-col-66 elementor-top-column elementor-element elementor-element-b331940\" data-id=\"b331940\" data-element_type=\"column\" data-e-type=\"column\">\n\t\t\t<div class=\"elementor-widget-wrap elementor-element-populated\">\n\t\t\t\t\t\t<div class=\"elementor-element elementor-element-f46f08e elementor-widget elementor-widget-text-editor\" data-id=\"f46f08e\" data-element_type=\"widget\" data-e-type=\"widget\" data-widget_type=\"text-editor.default\">\n\t\t\t\t<div class=\"elementor-widget-container\">\n\t\t\t\t\t\t\t\t\t<p>OLKA skapades i samarbete mellan HUS och HyTe ry (tidigare EJY ry). HUS projekt Idealsjukhuset (Ihannesairaala) bj\u00f6d \u00e5ren 2006\u20132009 in EJY, Espoon J\u00e4rjest\u00f6jen Yhteis\u00f6, f\u00f6r att f\u00e5 organisationernas perspektiv p\u00e5 utvecklingen av samarbetet mellan sjukhus och organisationer.<\/p><p>Det finns m\u00e5nga organisationer som st\u00f6ttar patienter. D\u00e4rf\u00f6r \u00f6nskade sjukhuset att organisationssamarbetet skulle koordineras och att de skulle f\u00e5 kompetens f\u00f6r att starta upp volont\u00e4rverksamhet. \u00c5r 2011 startade projektet Kamratst\u00f6dsrecept (Vertaisresepti) som skapade ramar f\u00f6r att inf\u00f6rliva patientf\u00f6reningar och volont\u00e4rverksamhet p\u00e5 sjukhuset. Projektet Kamratst\u00f6dsrecept genomf\u00f6rdes med st\u00f6d av projektbidrag fr\u00e5n Penningautomatf\u00f6reningen som EJY rf beviljades i samarbete med HUS utvecklingsenhet.<\/p><p>Verksamheten fick namnet OLKA och registrerades som sam\u00e4gd av utvecklarna. Det lilla r:et bredvid namnet visar att det \u00e4r ett registrerat varum\u00e4rke.<\/p><p>V\u00e5ren 2013 \u00f6ppnades den f\u00f6rsta OLKA-punkten p\u00e5 Mejlans tornsjukhus och samtidigt p\u00e5b\u00f6rjades kamratst\u00f6dsverksamhet p\u00e5 enheten f\u00f6r br\u00f6stkirurgi i samarbete med tv\u00e5 patientf\u00f6reningar. S\u00e5 sm\u00e5ningom ut\u00f6kades verksamheten inom HUS. Verksamheten vidareutvecklades och b\u00f6rjade v\u00e4cka intresse \u00e4ven p\u00e5 andra h\u00e5ll i Finland. I dag finns verksamhet i <a href=\"https:\/\/olkatoiminta.fi\/sv\/olka-aktorer-i-finland\/\">olika delar av Finland<\/a>.<\/p>\t\t\t\t\t\t\t\t<\/div>\n\t\t\t\t<\/div>\n\t\t\t\t\t<\/div>\n\t\t<\/div>\n\t\t\t\t\t<\/div>\n\t\t<\/section>\n\t\t\t\t<section class=\"elementor-section elementor-top-section elementor-element elementor-element-1852505 elementor-section-boxed elementor-section-height-default elementor-section-height-default\" data-id=\"1852505\" data-element_type=\"section\" data-e-type=\"section\">\n\t\t\t\t\t\t<div class=\"elementor-container elementor-column-gap-no\">\n\t\t\t\t\t<div class=\"elementor-column elementor-col-100 elementor-top-column elementor-element elementor-element-2b8a55e\" data-id=\"2b8a55e\" data-element_type=\"column\" data-e-type=\"column\">\n\t\t\t<div class=\"elementor-widget-wrap elementor-element-populated\">\n\t\t\t\t\t\t<div class=\"elementor-element elementor-element-f137ab8 elementor-widget__width-auto elementor-widget elementor-widget-heading\" data-id=\"f137ab8\" data-element_type=\"widget\" data-e-type=\"widget\" data-widget_type=\"heading.default\">\n\t\t\t\t<div class=\"elementor-widget-container\">\n\t\t\t\t\t<h2 class=\"elementor-heading-title elementor-size-default\">Visste du att ...<\/h2>\t\t\t\t<\/div>\n\t\t\t\t<\/div>\n\t\t\t\t\t<\/div>\n\t\t<\/div>\n\t\t\t\t\t<\/div>\n\t\t<\/section>\n\t\t\t\t<section class=\"elementor-section elementor-top-section elementor-element elementor-element-359dff3 elementor-section-boxed elementor-section-height-default elementor-section-height-default\" data-id=\"359dff3\" data-element_type=\"section\" data-e-type=\"section\">\n\t\t\t\t\t\t<div class=\"elementor-container elementor-column-gap-default\">\n\t\t\t\t\t<div class=\"elementor-column elementor-col-33 elementor-top-column elementor-element elementor-element-52d95c7\" data-id=\"52d95c7\" data-element_type=\"column\" data-e-type=\"column\" data-settings=\"{&quot;background_background&quot;:&quot;classic&quot;}\">\n\t\t\t<div class=\"elementor-widget-wrap elementor-element-populated\">\n\t\t\t\t\t\t<div class=\"elementor-element elementor-element-2065928 elementor-view-default elementor-widget elementor-widget-icon\" data-id=\"2065928\" data-element_type=\"widget\" data-e-type=\"widget\" data-widget_type=\"icon.default\">\n\t\t\t\t<div class=\"elementor-widget-container\">\n\t\t\t\t\t\t\t<div class=\"elementor-icon-wrapper\">\n\t\t\t<div class=\"elementor-icon\">\n\t\t\t<i aria-hidden=\"true\" class=\"fas fa-info-circle\"><\/i>\t\t\t<\/div>\n\t\t<\/div>\n\t\t\t\t\t\t<\/div>\n\t\t\t\t<\/div>\n\t\t\t\t<div class=\"elementor-element elementor-element-231da8a elementor-position-top elementor-widget elementor-widget-image-box\" data-id=\"231da8a\" data-element_type=\"widget\" data-e-type=\"widget\" data-widget_type=\"image-box.default\">\n\t\t\t\t<div class=\"elementor-widget-container\">\n\t\t\t\t\t<div class=\"elementor-image-box-wrapper\"><figure class=\"elementor-image-box-img\"><img fetchpriority=\"high\" decoding=\"async\" width=\"600\" height=\"400\" src=\"https:\/\/olkatoiminta.fi\/wp-content\/uploads\/OLKA-faktalaatikko-ilme.jpg\" class=\"attachment-full size-full wp-image-6518\" alt=\"\" \/><\/figure><div class=\"elementor-image-box-content\"><p class=\"elementor-image-box-description\">Namnet OLKA syftar p\u00e5 det finska ordet f\u00f6r en axel som man kan luta sig mot. Ordet OLKA \u00f6vers\u00e4tts inte, utan det heter OLKA p\u00e5 alla spr\u00e5k.\nMan valde f\u00e4rger som s\u00e4rskiljer sig fr\u00e5n b\u00e5de HUS och HyTe ry:s f\u00e4rger och som signalerar gl\u00e4dje och ljus. Under resans g\u00e5ng har det ocks\u00e5 inf\u00f6rlivats en ljusgr\u00f6n f\u00e4rg som st\u00e5r f\u00f6r volont\u00e4rverksamheten. Varje f\u00e4rg har en viktig betydelse.\n<\/p><\/div><\/div>\t\t\t\t<\/div>\n\t\t\t\t<\/div>\n\t\t\t\t\t<\/div>\n\t\t<\/div>\n\t\t\t\t<div class=\"elementor-column elementor-col-33 elementor-top-column elementor-element elementor-element-c50a358\" data-id=\"c50a358\" data-element_type=\"column\" data-e-type=\"column\" data-settings=\"{&quot;background_background&quot;:&quot;classic&quot;}\">\n\t\t\t<div class=\"elementor-widget-wrap elementor-element-populated\">\n\t\t\t\t\t\t<div class=\"elementor-element elementor-element-98f3bcf elementor-view-default elementor-widget elementor-widget-icon\" data-id=\"98f3bcf\" data-element_type=\"widget\" data-e-type=\"widget\" data-widget_type=\"icon.default\">\n\t\t\t\t<div class=\"elementor-widget-container\">\n\t\t\t\t\t\t\t<div class=\"elementor-icon-wrapper\">\n\t\t\t<div class=\"elementor-icon\">\n\t\t\t<i aria-hidden=\"true\" class=\"fas fa-info-circle\"><\/i>\t\t\t<\/div>\n\t\t<\/div>\n\t\t\t\t\t\t<\/div>\n\t\t\t\t<\/div>\n\t\t\t\t<div class=\"elementor-element elementor-element-4146663 elementor-position-top elementor-widget elementor-widget-image-box\" data-id=\"4146663\" data-element_type=\"widget\" data-e-type=\"widget\" data-widget_type=\"image-box.default\">\n\t\t\t\t<div class=\"elementor-widget-container\">\n\t\t\t\t\t<div class=\"elementor-image-box-wrapper\"><figure class=\"elementor-image-box-img\"><img decoding=\"async\" width=\"600\" height=\"400\" src=\"https:\/\/olkatoiminta.fi\/wp-content\/uploads\/1-1.png\" class=\"attachment-full size-full wp-image-6524\" alt=\"\" \/><\/figure><div class=\"elementor-image-box-content\"><p class=\"elementor-image-box-description\">N\u00e4r coronaviruspandemin spred sig till Finland fanns det inte m\u00f6jlighet att ge kamratst\u00f6d p\u00e5 plats p\u00e5 sjukhusen. OLKA b\u00f6rjade d\u00e5 utveckla en tids- och platsoberoende kamratst\u00f6dstj\u00e4nst som skulle fungera s\u00e4kert i en mobilapp. S\u00e5 uppstod kamratst\u00f6dsappen Toivo som \u00e4r en kamratst\u00f6dstj\u00e4nst som \u00e4r gemensam f\u00f6r tiotals olika organisationer.  \n&nbsp;<br>\n\n<a>L\u00e4s dig mer om Toivo.<\/a><\/p><\/div><\/div>\t\t\t\t<\/div>\n\t\t\t\t<\/div>\n\t\t\t\t\t<\/div>\n\t\t<\/div>\n\t\t\t\t<div class=\"elementor-column elementor-col-33 elementor-top-column elementor-element elementor-element-c7b86a3\" data-id=\"c7b86a3\" data-element_type=\"column\" data-e-type=\"column\" data-settings=\"{&quot;background_background&quot;:&quot;classic&quot;}\">\n\t\t\t<div class=\"elementor-widget-wrap elementor-element-populated\">\n\t\t\t\t\t\t<div class=\"elementor-element elementor-element-25148d4 elementor-view-default elementor-widget elementor-widget-icon\" data-id=\"25148d4\" data-element_type=\"widget\" data-e-type=\"widget\" data-widget_type=\"icon.default\">\n\t\t\t\t<div class=\"elementor-widget-container\">\n\t\t\t\t\t\t\t<div class=\"elementor-icon-wrapper\">\n\t\t\t<div class=\"elementor-icon\">\n\t\t\t<i aria-hidden=\"true\" class=\"fas fa-info-circle\"><\/i>\t\t\t<\/div>\n\t\t<\/div>\n\t\t\t\t\t\t<\/div>\n\t\t\t\t<\/div>\n\t\t\t\t<div class=\"elementor-element elementor-element-a39f508 elementor-position-top elementor-widget elementor-widget-image-box\" data-id=\"a39f508\" data-element_type=\"widget\" data-e-type=\"widget\" data-widget_type=\"image-box.default\">\n\t\t\t\t<div class=\"elementor-widget-container\">\n\t\t\t\t\t<div class=\"elementor-image-box-wrapper\"><figure class=\"elementor-image-box-img\"><img decoding=\"async\" width=\"600\" height=\"400\" src=\"https:\/\/olkatoiminta.fi\/wp-content\/uploads\/Vertaistalon-kuva.png\" class=\"attachment-full size-full wp-image-6522\" alt=\"\" \/><\/figure><div class=\"elementor-image-box-content\"><p class=\"elementor-image-box-description\">Webbtj\u00e4nsten Kamrathuset.fi som underh\u00e5lls av OLKA \u00f6ppnades i H\u00e4lsobyn i juni 2017. P\u00e5 webbplatsen hittar du information om kamratst\u00f6d och f\u00f6reningar som erbjuder kamratst\u00f6d.  \n&nbsp;<br>\n<a href=\"https:\/\/www.terveyskyla.fi\/sv\/kamrathuset\" target=\"_blank\" rel=\"noopener\">L\u00e4r dig mer om webbplatsen Kamrathuset.fi.<\/a><\/p><\/div><\/div>\t\t\t\t<\/div>\n\t\t\t\t<\/div>\n\t\t\t\t\t<\/div>\n\t\t<\/div>\n\t\t\t\t\t<\/div>\n\t\t<\/section>\n\t\t\t\t<section class=\"elementor-section elementor-top-section elementor-element elementor-element-38835fe elementor-section-boxed elementor-section-height-default elementor-section-height-default\" data-id=\"38835fe\" data-element_type=\"section\" data-e-type=\"section\">\n\t\t\t\t\t\t<div class=\"elementor-container elementor-column-gap-default\">\n\t\t\t\t\t<div class=\"elementor-column elementor-col-33 elementor-top-column elementor-element elementor-element-3784f8b\" data-id=\"3784f8b\" data-element_type=\"column\" data-e-type=\"column\">\n\t\t\t<div class=\"elementor-widget-wrap elementor-element-populated\">\n\t\t\t\t\t\t<div class=\"elementor-element elementor-element-209c405 elementor-widget elementor-widget-heading\" data-id=\"209c405\" data-element_type=\"widget\" data-e-type=\"widget\" data-widget_type=\"heading.default\">\n\t\t\t\t<div class=\"elementor-widget-container\">\n\t\t\t\t\t<h2 class=\"elementor-heading-title elementor-size-default\">L\u00e4rdomsprov<\/h2>\t\t\t\t<\/div>\n\t\t\t\t<\/div>\n\t\t\t\t\t<\/div>\n\t\t<\/div>\n\t\t\t\t<div class=\"elementor-column elementor-col-66 elementor-top-column elementor-element elementor-element-30e0404\" data-id=\"30e0404\" data-element_type=\"column\" data-e-type=\"column\">\n\t\t\t<div class=\"elementor-widget-wrap elementor-element-populated\">\n\t\t\t\t\t\t<div class=\"elementor-element elementor-element-8e035b3 elementor-widget elementor-widget-text-editor\" data-id=\"8e035b3\" data-element_type=\"widget\" data-e-type=\"widget\" data-widget_type=\"text-editor.default\">\n\t\t\t\t<div class=\"elementor-widget-container\">\n\t\t\t\t\t\t\t\t\t<p>Det har gjorts l\u00e4rdomsprov om OLKA:s verksamhet. L\u00e4r dig mer om det!<\/p>\t\t\t\t\t\t\t\t<\/div>\n\t\t\t\t<\/div>\n\t\t\t\t<div class=\"elementor-element elementor-element-2311073 elementor-widget elementor-widget-button\" data-id=\"2311073\" data-element_type=\"widget\" data-e-type=\"widget\" data-widget_type=\"button.default\">\n\t\t\t\t<div class=\"elementor-widget-container\">\n\t\t\t\t\t\t\t\t\t<div class=\"elementor-button-wrapper\">\n\t\t\t\t\t<a class=\"elementor-button elementor-button-link elementor-size-sm\" href=\"https:\/\/olkatoiminta.fi\/tietoa-olkasta\/opinnaytetyot\/\">\n\t\t\t\t\t\t<span class=\"elementor-button-content-wrapper\">\n\t\t\t\t\t\t\t\t\t<span class=\"elementor-button-text\">L\u00e4s mer om<\/span>\n\t\t\t\t\t<\/span>\n\t\t\t\t\t<\/a>\n\t\t\t\t<\/div>\n\t\t\t\t\t\t\t\t<\/div>\n\t\t\t\t<\/div>\n\t\t\t\t\t<\/div>\n\t\t<\/div>\n\t\t\t\t\t<\/div>\n\t\t<\/section>\n\t\t\t\t<section class=\"elementor-section elementor-top-section elementor-element elementor-element-7d3fd23 elementor-section-boxed elementor-section-height-default elementor-section-height-default\" data-id=\"7d3fd23\" data-element_type=\"section\" data-e-type=\"section\">\n\t\t\t\t\t\t<div class=\"elementor-container elementor-column-gap-default\">\n\t\t\t\t\t<div class=\"elementor-column elementor-col-33 elementor-top-column elementor-element elementor-element-4efb42e\" data-id=\"4efb42e\" data-element_type=\"column\" data-e-type=\"column\">\n\t\t\t<div class=\"elementor-widget-wrap elementor-element-populated\">\n\t\t\t\t\t\t<div class=\"elementor-element elementor-element-ab95813 elementor-widget elementor-widget-heading\" data-id=\"ab95813\" data-element_type=\"widget\" data-e-type=\"widget\" data-widget_type=\"heading.default\">\n\t\t\t\t<div class=\"elementor-widget-container\">\n\t\t\t\t\t<h2 class=\"elementor-heading-title elementor-size-default\">Grafiska riktlinjer och videor<\/h2>\t\t\t\t<\/div>\n\t\t\t\t<\/div>\n\t\t\t\t\t<\/div>\n\t\t<\/div>\n\t\t\t\t<div class=\"elementor-column elementor-col-66 elementor-top-column elementor-element elementor-element-cc1c8e5\" data-id=\"cc1c8e5\" data-element_type=\"column\" data-e-type=\"column\">\n\t\t\t<div class=\"elementor-widget-wrap elementor-element-populated\">\n\t\t\t\t\t\t<div class=\"elementor-element elementor-element-f6147f2 elementor-widget elementor-widget-button\" data-id=\"f6147f2\" data-element_type=\"widget\" data-e-type=\"widget\" data-widget_type=\"button.default\">\n\t\t\t\t<div class=\"elementor-widget-container\">\n\t\t\t\t\t\t\t\t\t<div class=\"elementor-button-wrapper\">\n\t\t\t\t\t<a class=\"elementor-button elementor-button-link elementor-size-sm\" href=\"https:\/\/olkatoiminta.fi\/sv\/mer-information-om-olka\/olkas-logotyper-och-grafisk-vagledning\/\">\n\t\t\t\t\t\t<span class=\"elementor-button-content-wrapper\">\n\t\t\t\t\t\t\t\t\t<span class=\"elementor-button-text\">Logotyper och grafiska riktlinjer<\/span>\n\t\t\t\t\t<\/span>\n\t\t\t\t\t<\/a>\n\t\t\t\t<\/div>\n\t\t\t\t\t\t\t\t<\/div>\n\t\t\t\t<\/div>\n\t\t\t\t<div class=\"elementor-element elementor-element-ba1d0d0 elementor-widget elementor-widget-button\" data-id=\"ba1d0d0\" data-element_type=\"widget\" data-e-type=\"widget\" data-widget_type=\"button.default\">\n\t\t\t\t<div class=\"elementor-widget-container\">\n\t\t\t\t\t\t\t\t\t<div class=\"elementor-button-wrapper\">\n\t\t\t\t\t<a class=\"elementor-button elementor-button-link elementor-size-sm\" href=\"https:\/\/olkatoiminta.fi\/tietoa-olkasta\/videot\/\">\n\t\t\t\t\t\t<span class=\"elementor-button-content-wrapper\">\n\t\t\t\t\t\t\t\t\t<span class=\"elementor-button-text\">Videor om OLKA-verksamheten<\/span>\n\t\t\t\t\t<\/span>\n\t\t\t\t\t<\/a>\n\t\t\t\t<\/div>\n\t\t\t\t\t\t\t\t<\/div>\n\t\t\t\t<\/div>\n\t\t\t\t<div class=\"elementor-element elementor-element-c064551 elementor-widget elementor-widget-spacer\" data-id=\"c064551\" data-element_type=\"widget\" data-e-type=\"widget\" data-widget_type=\"spacer.default\">\n\t\t\t\t<div class=\"elementor-widget-container\">\n\t\t\t\t\t\t\t<div class=\"elementor-spacer\">\n\t\t\t<div class=\"elementor-spacer-inner\"><\/div>\n\t\t<\/div>\n\t\t\t\t\t\t<\/div>\n\t\t\t\t<\/div>\n\t\t\t\t\t<\/div>\n\t\t<\/div>\n\t\t\t\t\t<\/div>\n\t\t<\/section>\n\t\t\t\t<\/div>\n\t\t","protected":false},"excerpt":{"rendered":"<p>OLKA:s verksamhet bedrivs i samarbete med ett v\u00e4lf\u00e4rdsomr\u00e5de\/sjukhus och organisationer. Dessa g\u00f6r verksamheten m\u00f6jlig Det nationella OLKA-n\u00e4tverket leds i samarbete med HyTe ry (tidigare EJY ry) och HUS-sammanslutningen. N\u00e4tverket ansvarar gemensamt f\u00f6r att utveckla verksamhetsmodellen. Den lokala verksamheten i respektive omr\u00e5de bedrivs i samarbete med den koordinerande organisationen och v\u00e4lf\u00e4rdsomr\u00e5det\/sjukhuset. Social- och h\u00e4lsoorganisationernas underst\u00f6dscentral STEA &#8230; <a title=\"Mer information om OLKA\" class=\"read-more\" href=\"https:\/\/olkatoiminta.fi\/sv\/mer-information-om-olka\/\" aria-label=\"L\u00e4s mer om Mer information om OLKA\">L\u00e4s mer<\/a><\/p>\n","protected":false},"author":13,"featured_media":0,"parent":0,"menu_order":5,"comment_status":"closed","ping_status":"closed","template":"","meta":{"_acf_changed":false,"footnotes":""},"class_list":["post-6516","page","type-page","status-publish"],"acf":[],"_links":{"self":[{"href":"https:\/\/olkatoiminta.fi\/sv\/wp-json\/wp\/v2\/pages\/6516","targetHints":{"allow":["GET"]}}],"collection":[{"href":"https:\/\/olkatoiminta.fi\/sv\/wp-json\/wp\/v2\/pages"}],"about":[{"href":"https:\/\/olkatoiminta.fi\/sv\/wp-json\/wp\/v2\/types\/page"}],"author":[{"embeddable":true,"href":"https:\/\/olkatoiminta.fi\/sv\/wp-json\/wp\/v2\/users\/13"}],"replies":[{"embeddable":true,"href":"https:\/\/olkatoiminta.fi\/sv\/wp-json\/wp\/v2\/comments?post=6516"}],"version-history":[{"count":16,"href":"https:\/\/olkatoiminta.fi\/sv\/wp-json\/wp\/v2\/pages\/6516\/revisions"}],"predecessor-version":[{"id":6821,"href":"https:\/\/olkatoiminta.fi\/sv\/wp-json\/wp\/v2\/pages\/6516\/revisions\/6821"}],"wp:attachment":[{"href":"https:\/\/olkatoiminta.fi\/sv\/wp-json\/wp\/v2\/media?parent=6516"}],"curies":[{"name":"wp","href":"https:\/\/api.w.org\/{rel}","templated":true}]}}