{"id":6503,"date":"2024-10-23T11:19:07","date_gmt":"2024-10-23T08:19:07","guid":{"rendered":"https:\/\/olkatoiminta.fi\/?page_id=6503"},"modified":"2026-01-13T14:42:49","modified_gmt":"2026-01-13T12:42:49","slug":"bli-volontar-inom-olka","status":"publish","type":"page","link":"https:\/\/olkatoiminta.fi\/sv\/bli-volontar-inom-olka\/","title":{"rendered":"Bli volont\u00e4r inom OLKA"},"content":{"rendered":"\t\t<div data-elementor-type=\"wp-post\" data-elementor-id=\"6503\" class=\"elementor elementor-6503 elementor-15\" data-elementor-post-type=\"page\">\n\t\t\t\t\t\t<section class=\"elementor-section elementor-top-section elementor-element elementor-element-76098d5 elementor-section-content-middle elementor-section-boxed elementor-section-height-default elementor-section-height-default\" data-id=\"76098d5\" data-element_type=\"section\" data-e-type=\"section\">\n\t\t\t\t\t\t<div class=\"elementor-container elementor-column-gap-default\">\n\t\t\t\t\t<div class=\"elementor-column elementor-col-50 elementor-top-column elementor-element elementor-element-0b3f0f7\" data-id=\"0b3f0f7\" data-element_type=\"column\" data-e-type=\"column\">\n\t\t\t<div class=\"elementor-widget-wrap elementor-element-populated\">\n\t\t\t\t\t\t<div class=\"elementor-element elementor-element-52e8e65 elementor-widget elementor-widget-theme-post-title elementor-page-title elementor-widget-heading\" data-id=\"52e8e65\" data-element_type=\"widget\" data-e-type=\"widget\" data-widget_type=\"theme-post-title.default\">\n\t\t\t\t<div class=\"elementor-widget-container\">\n\t\t\t\t\t<h1 class=\"elementor-heading-title elementor-size-default\">Bli volont\u00e4r inom OLKA<\/h1>\t\t\t\t<\/div>\n\t\t\t\t<\/div>\n\t\t\t\t<div class=\"elementor-element elementor-element-06b8d2b elementor-widget elementor-widget-text-editor\" data-id=\"06b8d2b\" data-element_type=\"widget\" data-e-type=\"widget\" data-widget_type=\"text-editor.default\">\n\t\t\t\t<div class=\"elementor-widget-container\">\n\t\t\t\t\t\t\t\t\t<p>Genom att vara volont\u00e4r f\u00e5r du sprida gl\u00e4dje, st\u00f6d och hopp till patienter och deras n\u00e4rst\u00e5ende. Varmt v\u00e4lkommen till v\u00e5rt trevliga team!<\/p>\t\t\t\t\t\t\t\t<\/div>\n\t\t\t\t<\/div>\n\t\t\t\t<div class=\"elementor-element elementor-element-c0017b2 elementor-widget elementor-widget-table-of-contents\" data-id=\"c0017b2\" data-element_type=\"widget\" data-e-type=\"widget\" data-settings=\"{&quot;headings_by_tags&quot;:[&quot;h2&quot;],&quot;exclude_headings_by_selector&quot;:[],&quot;marker_view&quot;:&quot;bullets&quot;,&quot;no_headings_message&quot;:&quot;Inga rubriker hittades p\\u00e5 denna sida.&quot;,&quot;icon&quot;:{&quot;value&quot;:&quot;fas fa-circle&quot;,&quot;library&quot;:&quot;fa-solid&quot;},&quot;min_height&quot;:{&quot;unit&quot;:&quot;px&quot;,&quot;size&quot;:&quot;&quot;,&quot;sizes&quot;:[]},&quot;min_height_tablet&quot;:{&quot;unit&quot;:&quot;px&quot;,&quot;size&quot;:&quot;&quot;,&quot;sizes&quot;:[]},&quot;min_height_mobile&quot;:{&quot;unit&quot;:&quot;px&quot;,&quot;size&quot;:&quot;&quot;,&quot;sizes&quot;:[]}}\" data-widget_type=\"table-of-contents.default\">\n\t\t\t\t<div class=\"elementor-widget-container\">\n\t\t\t\t\t\t\t\t\t<div id=\"elementor-toc__c0017b2\" class=\"elementor-toc__body\">\n\t\t\t<div class=\"elementor-toc__spinner-container\">\n\t\t\t\t<i class=\"elementor-toc__spinner eicon-animation-spin eicon-loading\" aria-hidden=\"true\"><\/i>\t\t\t<\/div>\n\t\t<\/div>\n\t\t\t\t\t\t<\/div>\n\t\t\t\t<\/div>\n\t\t\t\t\t<\/div>\n\t\t<\/div>\n\t\t\t\t<div class=\"elementor-column elementor-col-50 elementor-top-column elementor-element elementor-element-1ef3e9b\" data-id=\"1ef3e9b\" data-element_type=\"column\" data-e-type=\"column\">\n\t\t\t<div class=\"elementor-widget-wrap elementor-element-populated\">\n\t\t\t\t\t\t<div class=\"elementor-element elementor-element-3d273fc elementor-widget elementor-widget-image\" data-id=\"3d273fc\" data-element_type=\"widget\" data-e-type=\"widget\" data-widget_type=\"image.default\">\n\t\t\t\t<div class=\"elementor-widget-container\">\n\t\t\t\t\t\t\t\t\t\t\t\t\t\t\t\t<a href=\"https:\/\/olkatoiminta.fi\/wp-content\/uploads\/vapaaehtoisena-olka-toiminta-ruutu-1.jpg\" data-elementor-open-lightbox=\"yes\" data-e-action-hash=\"#elementor-action%3Aaction%3Dlightbox%26settings%3DeyJpZCI6NDA4LCJ1cmwiOiJodHRwczpcL1wvb2xrYXRvaW1pbnRhLmZpXC93cC1jb250ZW50XC91cGxvYWRzXC92YXBhYWVodG9pc2VuYS1vbGthLXRvaW1pbnRhLXJ1dXR1LTEuanBnIn0%3D\">\n\t\t\t\t\t\t\t<img fetchpriority=\"high\" decoding=\"async\" width=\"650\" height=\"442\" src=\"https:\/\/olkatoiminta.fi\/wp-content\/uploads\/vapaaehtoisena-olka-toiminta-ruutu-1.jpg\" class=\"attachment-large size-large wp-image-408\" alt=\"\" \/>\t\t\t\t\t\t\t\t<\/a>\n\t\t\t\t\t\t\t\t\t\t\t\t\t\t\t<\/div>\n\t\t\t\t<\/div>\n\t\t\t\t\t<\/div>\n\t\t<\/div>\n\t\t\t\t\t<\/div>\n\t\t<\/section>\n\t\t\t\t<section class=\"elementor-section elementor-top-section elementor-element elementor-element-c5e5343 elementor-section-boxed elementor-section-height-default elementor-section-height-default elementor-invisible\" data-id=\"c5e5343\" data-element_type=\"section\" data-e-type=\"section\" data-settings=\"{&quot;animation&quot;:&quot;fadeIn&quot;}\">\n\t\t\t\t\t\t<div class=\"elementor-container elementor-column-gap-default\">\n\t\t\t\t\t<div class=\"elementor-column elementor-col-50 elementor-top-column elementor-element elementor-element-556c2ce\" data-id=\"556c2ce\" data-element_type=\"column\" data-e-type=\"column\" data-settings=\"{&quot;background_background&quot;:&quot;classic&quot;}\">\n\t\t\t<div class=\"elementor-widget-wrap elementor-element-populated\">\n\t\t\t\t\t\t<div class=\"elementor-element elementor-element-9450da0 elementor-view-default elementor-widget elementor-widget-icon\" data-id=\"9450da0\" data-element_type=\"widget\" data-e-type=\"widget\" data-widget_type=\"icon.default\">\n\t\t\t\t<div class=\"elementor-widget-container\">\n\t\t\t\t\t\t\t<div class=\"elementor-icon-wrapper\">\n\t\t\t<div class=\"elementor-icon\">\n\t\t\t<i aria-hidden=\"true\" class=\"fas fa-quote-right\"><\/i>\t\t\t<\/div>\n\t\t<\/div>\n\t\t\t\t\t\t<\/div>\n\t\t\t\t<\/div>\n\t\t\t\t<div class=\"elementor-element elementor-element-b99abcf elementor-blockquote--skin-clean elementor-blockquote--align-left elementor-widget elementor-widget-blockquote\" data-id=\"b99abcf\" data-element_type=\"widget\" data-e-type=\"widget\" data-widget_type=\"blockquote.default\">\n\t\t\t\t<div class=\"elementor-widget-container\">\n\t\t\t\t\t\t\t<blockquote class=\"elementor-blockquote\">\n\t\t\t<p class=\"elementor-blockquote__content\">\n\t\t\t\t\"Det b\u00e4sta i volont\u00e4rverksamheten \u00e4r k\u00e4nslan av att jag har varit till hj\u00e4lp. Det k\u00e4nns s\u00e4rskilt trevligt n\u00e4r en patient eller n\u00e4rst\u00e5ende s\u00e4ger sig ha f\u00e5tt ny information och n\u00e5got nytt att t\u00e4nka p\u00e5 eller krafter att g\u00e5 vidare \u2013 efter ett kort samtal.\u201d \"\t\t\t<\/p>\n\t\t\t\t\t\t\t<div class=\"e-q-footer\">\n\t\t\t\t\t\t\t\t\t\t\t<cite class=\"elementor-blockquote__author\">Kamratst\u00f6djare<\/cite>\n\t\t\t\t\t\t\t\t\t\t\t\t\t\t<\/div>\n\t\t\t\t\t<\/blockquote>\n\t\t\t\t\t\t<\/div>\n\t\t\t\t<\/div>\n\t\t\t\t\t<\/div>\n\t\t<\/div>\n\t\t\t\t<div class=\"elementor-column elementor-col-50 elementor-top-column elementor-element elementor-element-9bb78b6\" data-id=\"9bb78b6\" data-element_type=\"column\" data-e-type=\"column\" data-settings=\"{&quot;background_background&quot;:&quot;classic&quot;}\">\n\t\t\t<div class=\"elementor-widget-wrap elementor-element-populated\">\n\t\t\t\t\t\t<div class=\"elementor-element elementor-element-8465ad4 elementor-view-default elementor-widget elementor-widget-icon\" data-id=\"8465ad4\" data-element_type=\"widget\" data-e-type=\"widget\" data-widget_type=\"icon.default\">\n\t\t\t\t<div class=\"elementor-widget-container\">\n\t\t\t\t\t\t\t<div class=\"elementor-icon-wrapper\">\n\t\t\t<div class=\"elementor-icon\">\n\t\t\t<i aria-hidden=\"true\" class=\"fas fa-quote-right\"><\/i>\t\t\t<\/div>\n\t\t<\/div>\n\t\t\t\t\t\t<\/div>\n\t\t\t\t<\/div>\n\t\t\t\t<div class=\"elementor-element elementor-element-6cc656e elementor-blockquote--skin-clean elementor-blockquote--align-left elementor-widget elementor-widget-blockquote\" data-id=\"6cc656e\" data-element_type=\"widget\" data-e-type=\"widget\" data-widget_type=\"blockquote.default\">\n\t\t\t\t<div class=\"elementor-widget-container\">\n\t\t\t\t\t\t\t<blockquote class=\"elementor-blockquote\">\n\t\t\t<p class=\"elementor-blockquote__content\">\n\t\t\t\t\u201dOj, tack, jag visste inte att man blev s\u00e5 varmt mottagen p\u00e5 sjukhuset. Du gjorde min dag!\u201d \t\t\t<\/p>\n\t\t\t\t\t\t\t<div class=\"e-q-footer\">\n\t\t\t\t\t\t\t\t\t\t\t<cite class=\"elementor-blockquote__author\">En patient som fick ledsagningshj\u00e4lp<\/cite>\n\t\t\t\t\t\t\t\t\t\t\t\t\t\t<\/div>\n\t\t\t\t\t<\/blockquote>\n\t\t\t\t\t\t<\/div>\n\t\t\t\t<\/div>\n\t\t\t\t\t<\/div>\n\t\t<\/div>\n\t\t\t\t\t<\/div>\n\t\t<\/section>\n\t\t\t\t<section class=\"elementor-section elementor-top-section elementor-element elementor-element-b93e196 elementor-section-boxed elementor-section-height-default elementor-section-height-default\" data-id=\"b93e196\" data-element_type=\"section\" data-e-type=\"section\">\n\t\t\t\t\t\t<div class=\"elementor-container elementor-column-gap-default\">\n\t\t\t\t\t<div class=\"elementor-column elementor-col-50 elementor-top-column elementor-element elementor-element-568ef65\" data-id=\"568ef65\" data-element_type=\"column\" data-e-type=\"column\">\n\t\t\t<div class=\"elementor-widget-wrap elementor-element-populated\">\n\t\t\t\t\t\t<div class=\"elementor-element elementor-element-2c67338 elementor-widget elementor-widget-heading\" data-id=\"2c67338\" data-element_type=\"widget\" data-e-type=\"widget\" data-widget_type=\"heading.default\">\n\t\t\t\t<div class=\"elementor-widget-container\">\n\t\t\t\t\t<h2 class=\"elementor-heading-title elementor-size-default\">S\u00e5 blir du en OLKA-medarbetare<\/h2>\t\t\t\t<\/div>\n\t\t\t\t<\/div>\n\t\t\t\t<div class=\"elementor-element elementor-element-8a7235e elementor-widget elementor-widget-image\" data-id=\"8a7235e\" data-element_type=\"widget\" data-e-type=\"widget\" data-widget_type=\"image.default\">\n\t\t\t\t<div class=\"elementor-widget-container\">\n\t\t\t\t\t\t\t\t\t\t\t\t\t\t\t<img decoding=\"async\" width=\"650\" height=\"337\" src=\"https:\/\/olkatoiminta.fi\/wp-content\/uploads\/vapaaehtoiseksi-valmennus.jpg\" class=\"attachment-large size-large wp-image-406\" alt=\"\" \/>\t\t\t\t\t\t\t\t\t\t\t\t\t\t\t<\/div>\n\t\t\t\t<\/div>\n\t\t\t\t\t<\/div>\n\t\t<\/div>\n\t\t\t\t<div class=\"elementor-column elementor-col-50 elementor-top-column elementor-element elementor-element-9270266\" data-id=\"9270266\" data-element_type=\"column\" data-e-type=\"column\">\n\t\t\t<div class=\"elementor-widget-wrap elementor-element-populated\">\n\t\t\t\t\t\t<div class=\"elementor-element elementor-element-16078e1 elementor-widget elementor-widget-text-editor\" data-id=\"16078e1\" data-element_type=\"widget\" data-e-type=\"widget\" data-widget_type=\"text-editor.default\">\n\t\t\t\t<div class=\"elementor-widget-container\">\n\t\t\t\t\t\t\t\t\t<ul><li>Kontakta din regions <a href=\"https:\/\/olkatoiminta.fi\/sv\/olka-aktorer-i-finland\/\">OLKA-verksamhet<\/a> och kolla upp hur du kan g\u00e5 med i volont\u00e4rverksamheten.<\/li><li>OLKA-utbildning f\u00f6r volont\u00e4rer \u2013 alla volont\u00e4rer inom OLKA f\u00e5r utbildning. Genom utbildningen f\u00e5r du l\u00e4ra k\u00e4nna sjukhuset, den koordinerande organisationen och OLKA-verksamheten. Vi g\u00e5r igenom anvisningar f\u00f6r sjukhushygien f\u00f6r volont\u00e4rer, reflekterar kring volont\u00e4rers r\u00e4ttigheter och skyldigheter p\u00e5 sjukhuset samt \u00f6var p\u00e5 bem\u00f6tande.<\/li><li>Toivo-utbildning f\u00f6r kamratst\u00f6djare \u2013 kamratst\u00f6djare ska ha g\u00e5tt en kamratst\u00f6djarutbildning som ordnats av n\u00e5gon instans. OLKA anordnar ocks\u00e5 kamratst\u00f6djarutbildning.<\/li><li>Intervju och avtal \u2013 en koordinator f\u00f6r volont\u00e4rverksamhet intervjuar volont\u00e4rerna. L\u00e4mpliga volont\u00e4rer f\u00f6r tj\u00e4nsterna v\u00e4ljs ut. I samband med intervjun kan man underteckna ett volont\u00e4rverksamhetsavtal som bland annat innefattar att man f\u00f6rbinder sig till tystnadsplikt.<\/li><li>Utdrag ur straffregistret \u2013 f\u00f6r volont\u00e4rer som arbetar med barn kontrolleras ett utdrag ur straffregistret. OLKA beg\u00e4r utdraget efter ett skriftligt samtyckte fr\u00e5n volont\u00e4ren. Utdraget ur straffregistret \u00e4r kostnadsfritt f\u00f6r volont\u00e4ren.<\/li><li>Introduktion till tj\u00e4nsten \u2013 volont\u00e4ren f\u00e5r en uppgiftsspecifik introduktion. En erfaren volont\u00e4r \u00e4r initialt mentor f\u00f6r den nya volont\u00e4ren. Genom OLKA kan du som volont\u00e4r arbeta till exempel som kamratst\u00f6djare, samtalspartner, aula-assistent, lekkamrat eller st\u00f6dperson vid v\u00e5rd i livets slutskede.<\/li><li>Verksamhet \u2013 volont\u00e4ren deltar i verksamhet och best\u00e4mmer i f\u00f6rv\u00e4g volont\u00e4rpass med koordinatorn.<\/li><li>St\u00f6d, rekreation och fortbildning \u2013 volont\u00e4rerna har m\u00f6jlighet att delta i arbetshandledning, rekreation och fortbildning.<\/li><\/ul>\t\t\t\t\t\t\t\t<\/div>\n\t\t\t\t<\/div>\n\t\t\t\t\t<\/div>\n\t\t<\/div>\n\t\t\t\t\t<\/div>\n\t\t<\/section>\n\t\t\t\t<section class=\"elementor-section elementor-top-section elementor-element elementor-element-9e6d73f elementor-section-boxed elementor-section-height-default elementor-section-height-default\" data-id=\"9e6d73f\" data-element_type=\"section\" data-e-type=\"section\">\n\t\t\t\t\t\t<div class=\"elementor-container elementor-column-gap-default\">\n\t\t\t\t\t<div class=\"elementor-column elementor-col-50 elementor-top-column elementor-element elementor-element-7f7178e\" data-id=\"7f7178e\" data-element_type=\"column\" data-e-type=\"column\">\n\t\t\t<div class=\"elementor-widget-wrap elementor-element-populated\">\n\t\t\t\t\t\t<div class=\"elementor-element elementor-element-20fa841 elementor-widget elementor-widget-heading\" data-id=\"20fa841\" data-element_type=\"widget\" data-e-type=\"widget\" data-widget_type=\"heading.default\">\n\t\t\t\t<div class=\"elementor-widget-container\">\n\t\t\t\t\t<h2 class=\"elementor-heading-title elementor-size-default\">Vad kr\u00e4vs av en volont\u00e4r?<\/h2>\t\t\t\t<\/div>\n\t\t\t\t<\/div>\n\t\t\t\t\t<\/div>\n\t\t<\/div>\n\t\t\t\t<div class=\"elementor-column elementor-col-50 elementor-top-column elementor-element elementor-element-0dd6b0a\" data-id=\"0dd6b0a\" data-element_type=\"column\" data-e-type=\"column\">\n\t\t\t<div class=\"elementor-widget-wrap elementor-element-populated\">\n\t\t\t\t\t\t<div class=\"elementor-element elementor-element-957f8d7 elementor-widget elementor-widget-text-editor\" data-id=\"957f8d7\" data-element_type=\"widget\" data-e-type=\"widget\" data-widget_type=\"text-editor.default\">\n\t\t\t\t<div class=\"elementor-widget-container\">\n\t\t\t\t\t\t\t\t\t<p>Det \u00e4r viktigt att volont\u00e4ren har ett stabilt liv sj\u00e4lv. Vi f\u00f6ruts\u00e4tter minst 18 \u00e5rs \u00e5lder av volont\u00e4rerna.<\/p><p>I uppgifterna som volont\u00e4r \u00e4r det n\u00f6dv\u00e4ndigt att du kan tala flytande finska eller svenska.<\/p><p>Volont\u00e4rerna ska ha vaccinerats mot m\u00e4ssling och vattkoppor eller ha haft sjukdomarna. Mer information om andra n\u00f6dv\u00e4ndiga eller rekommenderade vaccinationer f\u00e5r du fr\u00e5n OLKA i ditt omr\u00e5de (t.ex. corona- och influensavaccin).<\/p>\t\t\t\t\t\t\t\t<\/div>\n\t\t\t\t<\/div>\n\t\t\t\t\t<\/div>\n\t\t<\/div>\n\t\t\t\t\t<\/div>\n\t\t<\/section>\n\t\t\t\t<section class=\"elementor-section elementor-top-section elementor-element elementor-element-53b77a3 elementor-section-boxed elementor-section-height-default elementor-section-height-default\" data-id=\"53b77a3\" data-element_type=\"section\" data-e-type=\"section\">\n\t\t\t\t\t\t<div class=\"elementor-container elementor-column-gap-default\">\n\t\t\t\t\t<div class=\"elementor-column elementor-col-50 elementor-top-column elementor-element elementor-element-2bdbb21\" data-id=\"2bdbb21\" data-element_type=\"column\" data-e-type=\"column\">\n\t\t\t<div class=\"elementor-widget-wrap elementor-element-populated\">\n\t\t\t\t\t\t<div class=\"elementor-element elementor-element-19bd129 elementor-widget elementor-widget-heading\" data-id=\"19bd129\" data-element_type=\"widget\" data-e-type=\"widget\" data-widget_type=\"heading.default\">\n\t\t\t\t<div class=\"elementor-widget-container\">\n\t\t\t\t\t<h2 class=\"elementor-heading-title elementor-size-default\">Ans\u00f6k till utbildningen<\/h2>\t\t\t\t<\/div>\n\t\t\t\t<\/div>\n\t\t\t\t\t<\/div>\n\t\t<\/div>\n\t\t\t\t<div class=\"elementor-column elementor-col-50 elementor-top-column elementor-element elementor-element-fc2430e\" data-id=\"fc2430e\" data-element_type=\"column\" data-e-type=\"column\">\n\t\t\t<div class=\"elementor-widget-wrap elementor-element-populated\">\n\t\t\t\t\t\t<div class=\"elementor-element elementor-element-22f3c45 elementor-widget elementor-widget-text-editor\" data-id=\"22f3c45\" data-element_type=\"widget\" data-e-type=\"widget\" data-widget_type=\"text-editor.default\">\n\t\t\t\t<div class=\"elementor-widget-container\">\n\t\t\t\t\t\t\t\t\t<p>Mer information om de kommande OLKA-utbildningarna f\u00f6r sjukhusvolont\u00e4rer hittar du <a href=\"https:\/\/olkatoiminta.fi\/olka-valmennukset-uusille-sairaalavapaaehtoisille\/\">h\u00e4r (p\u00e5 finska)<\/a>.<\/p><p>Mer information om de kommande Toivo-utbildningarna f\u00f6r st\u00f6dpersoner hittar du <a href=\"https:\/\/olkatoiminta.fi\/toivo-vertaistukijavalmennukset\/\">h\u00e4r (p\u00e5 finska)<\/a>.<\/p>\t\t\t\t\t\t\t\t<\/div>\n\t\t\t\t<\/div>\n\t\t\t\t\t<\/div>\n\t\t<\/div>\n\t\t\t\t\t<\/div>\n\t\t<\/section>\n\t\t\t\t<section class=\"elementor-section elementor-top-section elementor-element elementor-element-42c99f2 elementor-section-boxed elementor-section-height-default elementor-section-height-default elementor-invisible\" data-id=\"42c99f2\" data-element_type=\"section\" data-e-type=\"section\" data-settings=\"{&quot;animation&quot;:&quot;fadeIn&quot;}\">\n\t\t\t\t\t\t<div class=\"elementor-container elementor-column-gap-default\">\n\t\t\t\t\t<div class=\"elementor-column elementor-col-100 elementor-top-column elementor-element elementor-element-41f30a8\" data-id=\"41f30a8\" data-element_type=\"column\" data-e-type=\"column\" data-settings=\"{&quot;background_background&quot;:&quot;classic&quot;}\">\n\t\t\t<div class=\"elementor-widget-wrap elementor-element-populated\">\n\t\t\t\t\t\t<div class=\"elementor-element elementor-element-2d8f505 elementor-widget elementor-widget-heading\" data-id=\"2d8f505\" data-element_type=\"widget\" data-e-type=\"widget\" data-widget_type=\"heading.default\">\n\t\t\t\t<div class=\"elementor-widget-container\">\n\t\t\t\t\t<h2 class=\"elementor-heading-title elementor-size-default\">Se en video om volont\u00e4rverksamhet<\/h2>\t\t\t\t<\/div>\n\t\t\t\t<\/div>\n\t\t\t\t<div class=\"elementor-element elementor-element-5d56886 elementor-widget__width-initial elementor-widget elementor-widget-video\" data-id=\"5d56886\" data-element_type=\"widget\" data-e-type=\"widget\" data-settings=\"{&quot;youtube_url&quot;:&quot;https:\\\/\\\/youtu.be\\\/jUkzSjJqKKE&quot;,&quot;yt_privacy&quot;:&quot;yes&quot;,&quot;video_type&quot;:&quot;youtube&quot;,&quot;controls&quot;:&quot;yes&quot;}\" data-widget_type=\"video.default\">\n\t\t\t\t<div class=\"elementor-widget-container\">\n\t\t\t\t\t\t\t<div class=\"elementor-wrapper elementor-open-inline\">\n\t\t\t<div class=\"elementor-video\"><\/div>\t\t<\/div>\n\t\t\t\t\t\t<\/div>\n\t\t\t\t<\/div>\n\t\t\t\t\t<\/div>\n\t\t<\/div>\n\t\t\t\t\t<\/div>\n\t\t<\/section>\n\t\t\t\t<\/div>\n\t\t","protected":false},"excerpt":{"rendered":"<p>Genom att vara volont\u00e4r f\u00e5r du sprida gl\u00e4dje, st\u00f6d och hopp till patienter och deras n\u00e4rst\u00e5ende. Varmt v\u00e4lkommen till v\u00e5rt trevliga team! &#8221;Det b\u00e4sta i volont\u00e4rverksamheten \u00e4r k\u00e4nslan av att jag har varit till hj\u00e4lp. Det k\u00e4nns s\u00e4rskilt trevligt n\u00e4r en patient eller n\u00e4rst\u00e5ende s\u00e4ger sig ha f\u00e5tt ny information och n\u00e5got nytt att t\u00e4nka &#8230; <a title=\"Bli volont\u00e4r inom OLKA\" class=\"read-more\" href=\"https:\/\/olkatoiminta.fi\/sv\/bli-volontar-inom-olka\/\" aria-label=\"L\u00e4s mer om Bli volont\u00e4r inom OLKA\">L\u00e4s mer<\/a><\/p>\n","protected":false},"author":13,"featured_media":0,"parent":0,"menu_order":3,"comment_status":"closed","ping_status":"closed","template":"","meta":{"_acf_changed":false,"footnotes":""},"class_list":["post-6503","page","type-page","status-publish"],"acf":[],"_links":{"self":[{"href":"https:\/\/olkatoiminta.fi\/sv\/wp-json\/wp\/v2\/pages\/6503","targetHints":{"allow":["GET"]}}],"collection":[{"href":"https:\/\/olkatoiminta.fi\/sv\/wp-json\/wp\/v2\/pages"}],"about":[{"href":"https:\/\/olkatoiminta.fi\/sv\/wp-json\/wp\/v2\/types\/page"}],"author":[{"embeddable":true,"href":"https:\/\/olkatoiminta.fi\/sv\/wp-json\/wp\/v2\/users\/13"}],"replies":[{"embeddable":true,"href":"https:\/\/olkatoiminta.fi\/sv\/wp-json\/wp\/v2\/comments?post=6503"}],"version-history":[{"count":20,"href":"https:\/\/olkatoiminta.fi\/sv\/wp-json\/wp\/v2\/pages\/6503\/revisions"}],"predecessor-version":[{"id":7745,"href":"https:\/\/olkatoiminta.fi\/sv\/wp-json\/wp\/v2\/pages\/6503\/revisions\/7745"}],"wp:attachment":[{"href":"https:\/\/olkatoiminta.fi\/sv\/wp-json\/wp\/v2\/media?parent=6503"}],"curies":[{"name":"wp","href":"https:\/\/api.w.org\/{rel}","templated":true}]}}