{"id":6493,"date":"2024-10-23T11:17:50","date_gmt":"2024-10-23T08:17:50","guid":{"rendered":"https:\/\/olkatoiminta.fi\/?page_id=6493"},"modified":"2025-12-16T11:00:28","modified_gmt":"2025-12-16T09:00:28","slug":"olkas-servicelinjer","status":"publish","type":"page","link":"https:\/\/olkatoiminta.fi\/sv\/olkas-servicelinjer\/","title":{"rendered":"OLKA:s servicelinjer"},"content":{"rendered":"\t\t<div data-elementor-type=\"wp-post\" data-elementor-id=\"6493\" class=\"elementor elementor-6493 elementor-17\" data-elementor-post-type=\"page\">\n\t\t\t\t\t\t<section class=\"elementor-section elementor-top-section elementor-element elementor-element-ed3809f elementor-section-content-middle elementor-section-boxed elementor-section-height-default elementor-section-height-default\" data-id=\"ed3809f\" data-element_type=\"section\" data-e-type=\"section\">\n\t\t\t\t\t\t<div class=\"elementor-container elementor-column-gap-default\">\n\t\t\t\t\t<div class=\"elementor-column elementor-col-50 elementor-top-column elementor-element elementor-element-30eca4c\" data-id=\"30eca4c\" data-element_type=\"column\" data-e-type=\"column\">\n\t\t\t<div class=\"elementor-widget-wrap elementor-element-populated\">\n\t\t\t\t\t\t<div class=\"elementor-element elementor-element-667a7f7 elementor-widget elementor-widget-theme-post-title elementor-page-title elementor-widget-heading\" data-id=\"667a7f7\" data-element_type=\"widget\" data-e-type=\"widget\" data-widget_type=\"theme-post-title.default\">\n\t\t\t\t<div class=\"elementor-widget-container\">\n\t\t\t\t\t<h1 class=\"elementor-heading-title elementor-size-default\">OLKA:s servicelinjer<\/h1>\t\t\t\t<\/div>\n\t\t\t\t<\/div>\n\t\t\t\t<div class=\"elementor-element elementor-element-998b579 elementor-widget elementor-widget-table-of-contents\" data-id=\"998b579\" data-element_type=\"widget\" data-e-type=\"widget\" data-settings=\"{&quot;headings_by_tags&quot;:[&quot;h2&quot;],&quot;exclude_headings_by_selector&quot;:[],&quot;marker_view&quot;:&quot;bullets&quot;,&quot;no_headings_message&quot;:&quot;No headings were found on this page.&quot;,&quot;icon&quot;:{&quot;value&quot;:&quot;fas fa-circle&quot;,&quot;library&quot;:&quot;fa-solid&quot;},&quot;min_height&quot;:{&quot;unit&quot;:&quot;px&quot;,&quot;size&quot;:&quot;&quot;,&quot;sizes&quot;:[]},&quot;min_height_tablet&quot;:{&quot;unit&quot;:&quot;px&quot;,&quot;size&quot;:&quot;&quot;,&quot;sizes&quot;:[]},&quot;min_height_mobile&quot;:{&quot;unit&quot;:&quot;px&quot;,&quot;size&quot;:&quot;&quot;,&quot;sizes&quot;:[]}}\" data-widget_type=\"table-of-contents.default\">\n\t\t\t\t<div class=\"elementor-widget-container\">\n\t\t\t\t\t\t\t\t\t<div id=\"elementor-toc__998b579\" class=\"elementor-toc__body\">\n\t\t\t<div class=\"elementor-toc__spinner-container\">\n\t\t\t\t<i class=\"elementor-toc__spinner eicon-animation-spin eicon-loading\" aria-hidden=\"true\"><\/i>\t\t\t<\/div>\n\t\t<\/div>\n\t\t\t\t\t\t<\/div>\n\t\t\t\t<\/div>\n\t\t\t\t\t<\/div>\n\t\t<\/div>\n\t\t\t\t<div class=\"elementor-column elementor-col-50 elementor-top-column elementor-element elementor-element-0238ebf\" data-id=\"0238ebf\" data-element_type=\"column\" data-e-type=\"column\">\n\t\t\t<div class=\"elementor-widget-wrap\">\n\t\t\t\t\t\t\t<\/div>\n\t\t<\/div>\n\t\t\t\t\t<\/div>\n\t\t<\/section>\n\t\t\t\t<section class=\"elementor-section elementor-top-section elementor-element elementor-element-76e1b86 elementor-section-boxed elementor-section-height-default elementor-section-height-default\" data-id=\"76e1b86\" data-element_type=\"section\" data-e-type=\"section\">\n\t\t\t\t\t\t<div class=\"elementor-container elementor-column-gap-default\">\n\t\t\t\t\t<div class=\"elementor-column elementor-col-100 elementor-top-column elementor-element elementor-element-dfcebb5\" data-id=\"dfcebb5\" data-element_type=\"column\" data-e-type=\"column\">\n\t\t\t<div class=\"elementor-widget-wrap elementor-element-populated\">\n\t\t\t\t\t\t<div class=\"elementor-element elementor-element-6acc7c1 elementor-widget elementor-widget-image\" data-id=\"6acc7c1\" data-element_type=\"widget\" data-e-type=\"widget\" data-widget_type=\"image.default\">\n\t\t\t\t<div class=\"elementor-widget-container\">\n\t\t\t\t\t\t\t\t\t\t\t\t\t\t\t<img fetchpriority=\"high\" decoding=\"async\" width=\"1920\" height=\"1080\" src=\"https:\/\/olkatoiminta.fi\/wp-content\/uploads\/OLKA-verksamhet.png\" class=\"attachment-large size-large wp-image-7613\" alt=\"Titel: OLKA-verksamhet. Ett diagram som inkluderar f\u00f6ljande: OIVA-informationstj\u00e4nst: temadagar, broschyrer och tidningar, h\u00e4nvisning till f\u00f6reningar. TOIVO-st\u00f6dtj\u00e4nst: kamratst\u00f6djare, Toivo-applikation, Kamrathuset.fi. ILONA-tj\u00e4nst: aula-assistenter, samtalskompisar, st\u00f6dpersoner vid palliativ v\u00e5rd och v\u00e5rd i livets slutskede. HELMI-utvecklartj\u00e4nst: erfarenhetsrepresentant, erfarenhetsr\u00e5dgivare, erfarenhetstalare. OLKA \u00e4r ett partnerskapssamarbete mellan v\u00e4lf\u00e4rdsomr\u00e5det och en organisation.\" srcset=\"https:\/\/olkatoiminta.fi\/wp-content\/uploads\/OLKA-verksamhet.png 1920w, https:\/\/olkatoiminta.fi\/wp-content\/uploads\/OLKA-verksamhet-768x432.png 768w, https:\/\/olkatoiminta.fi\/wp-content\/uploads\/OLKA-verksamhet-1536x864.png 1536w\" sizes=\"(max-width: 1920px) 100vw, 1920px\" \/>\t\t\t\t\t\t\t\t\t\t\t\t\t\t\t<\/div>\n\t\t\t\t<\/div>\n\t\t\t\t\t<\/div>\n\t\t<\/div>\n\t\t\t\t\t<\/div>\n\t\t<\/section>\n\t\t\t\t<section class=\"elementor-section elementor-top-section elementor-element elementor-element-2db3dd2 elementor-section-boxed elementor-section-height-default elementor-section-height-default\" data-id=\"2db3dd2\" data-element_type=\"section\" data-e-type=\"section\">\n\t\t\t\t\t\t<div class=\"elementor-container elementor-column-gap-default\">\n\t\t\t\t\t<div class=\"elementor-column elementor-col-33 elementor-top-column elementor-element elementor-element-c45f56a\" data-id=\"c45f56a\" data-element_type=\"column\" data-e-type=\"column\">\n\t\t\t<div class=\"elementor-widget-wrap elementor-element-populated\">\n\t\t\t\t\t\t<div class=\"elementor-element elementor-element-080fadc elementor-widget elementor-widget-heading\" data-id=\"080fadc\" data-element_type=\"widget\" data-e-type=\"widget\" data-widget_type=\"heading.default\">\n\t\t\t\t<div class=\"elementor-widget-container\">\n\t\t\t\t\t<h2 class=\"elementor-heading-title elementor-size-default\">Informationstj\u00e4nsten Oiva<\/h2>\t\t\t\t<\/div>\n\t\t\t\t<\/div>\n\t\t\t\t<div class=\"elementor-element elementor-element-37bf31f elementor-widget elementor-widget-image\" data-id=\"37bf31f\" data-element_type=\"widget\" data-e-type=\"widget\" data-widget_type=\"image.default\">\n\t\t\t\t<div class=\"elementor-widget-container\">\n\t\t\t\t\t\t\t\t\t\t\t\t\t\t\t<img decoding=\"async\" width=\"650\" height=\"515\" src=\"https:\/\/olkatoiminta.fi\/wp-content\/uploads\/oiva-tietopalvelu-olkatoiminta-sairaalassa.jpg\" class=\"attachment-large size-large wp-image-393\" alt=\"\" \/>\t\t\t\t\t\t\t\t\t\t\t\t\t\t\t<\/div>\n\t\t\t\t<\/div>\n\t\t\t\t\t<\/div>\n\t\t<\/div>\n\t\t\t\t<div class=\"elementor-column elementor-col-66 elementor-top-column elementor-element elementor-element-faaa638\" data-id=\"faaa638\" data-element_type=\"column\" data-e-type=\"column\">\n\t\t\t<div class=\"elementor-widget-wrap elementor-element-populated\">\n\t\t\t\t\t\t<div class=\"elementor-element elementor-element-c7a2c61 elementor-widget elementor-widget-text-editor\" data-id=\"c7a2c61\" data-element_type=\"widget\" data-e-type=\"widget\" data-widget_type=\"text-editor.default\">\n\t\t\t\t<div class=\"elementor-widget-container\">\n\t\t\t\t\t\t\t\t\t<p>Genom OLKA-verksamheten f\u00e5r du information om de tj\u00e4nster som organisationerna och v\u00e4lf\u00e4rdsomr\u00e5det\/sjukhuset erbjuder. OLKA-punkterna erbjuder information om de olika akt\u00f6rernas st\u00f6dformer. OLKA\u2013punkterna erbjuder tid f\u00f6r att m\u00f6tas fysiskt samt\u00a0<\/p><ul><li>information om kamratst\u00f6d och f\u00f6rmedling av kamratst\u00f6d<\/li><li>information om de st\u00f6dformer som organisationerna och v\u00e4lf\u00e4rdsomr\u00e5det\/sjukhuset erbjuder<\/li><li>temadagar som yrkespersoner fr\u00e5n organisationerna och v\u00e4lf\u00e4rdsomr\u00e5det\/sjukhuset har, d\u00e4r de erbjuder information om sin verksamhet och sina tj\u00e4nster.<\/li><\/ul><p>Vid OLKA-punkterna finns \u00e4ven broschyrer och tidningar att bl\u00e4ddra i eller ta med. Programmet f\u00f6r temadagarna publiceras p\u00e5 OLKA:s lokala sociala medier-kanaler och informeras \u00e4ven till yrkespersoner vid v\u00e4lf\u00e4rdsomr\u00e5det\/sjukhuset. L\u00e4r dig mer om de olika <a href=\"https:\/\/olkatoiminta.fi\/sv\/olka-aktorer-i-finland\/\">verksamhetsst\u00e4llena<\/a> d\u00e4r det finns OLKA-punkter.<\/p>\t\t\t\t\t\t\t\t<\/div>\n\t\t\t\t<\/div>\n\t\t\t\t\t<\/div>\n\t\t<\/div>\n\t\t\t\t\t<\/div>\n\t\t<\/section>\n\t\t\t\t<section class=\"elementor-section elementor-top-section elementor-element elementor-element-2ca3e24 elementor-section-boxed elementor-section-height-default elementor-section-height-default\" data-id=\"2ca3e24\" data-element_type=\"section\" data-e-type=\"section\">\n\t\t\t\t\t\t<div class=\"elementor-container elementor-column-gap-default\">\n\t\t\t\t\t<div class=\"elementor-column elementor-col-50 elementor-top-column elementor-element elementor-element-8b3758d\" data-id=\"8b3758d\" data-element_type=\"column\" data-e-type=\"column\">\n\t\t\t<div class=\"elementor-widget-wrap elementor-element-populated\">\n\t\t\t\t\t\t<div class=\"elementor-element elementor-element-1e49357 elementor-widget elementor-widget-heading\" data-id=\"1e49357\" data-element_type=\"widget\" data-e-type=\"widget\" data-widget_type=\"heading.default\">\n\t\t\t\t<div class=\"elementor-widget-container\">\n\t\t\t\t\t<h2 class=\"elementor-heading-title elementor-size-default\">St\u00f6dtj\u00e4nsten Toivo<\/h2>\t\t\t\t<\/div>\n\t\t\t\t<\/div>\n\t\t\t\t<div class=\"elementor-element elementor-element-5fc8eb9 elementor-widget elementor-widget-image\" data-id=\"5fc8eb9\" data-element_type=\"widget\" data-e-type=\"widget\" data-widget_type=\"image.default\">\n\t\t\t\t<div class=\"elementor-widget-container\">\n\t\t\t\t\t\t\t\t\t\t\t\t\t\t\t<img decoding=\"async\" width=\"2571\" height=\"1744\" src=\"https:\/\/olkatoiminta.fi\/wp-content\/uploads\/Vertaistuki_esite.png\" class=\"attachment-large size-large wp-image-6499\" alt=\"\" srcset=\"https:\/\/olkatoiminta.fi\/wp-content\/uploads\/Vertaistuki_esite.png 2571w, https:\/\/olkatoiminta.fi\/wp-content\/uploads\/Vertaistuki_esite-768x521.png 768w, https:\/\/olkatoiminta.fi\/wp-content\/uploads\/Vertaistuki_esite-1536x1042.png 1536w, https:\/\/olkatoiminta.fi\/wp-content\/uploads\/Vertaistuki_esite-2048x1389.png 2048w, https:\/\/olkatoiminta.fi\/wp-content\/uploads\/Vertaistuki_esite-1320x895.png 1320w\" sizes=\"(max-width: 2571px) 100vw, 2571px\" \/>\t\t\t\t\t\t\t\t\t\t\t\t\t\t\t<\/div>\n\t\t\t\t<\/div>\n\t\t\t\t\t<\/div>\n\t\t<\/div>\n\t\t\t\t<div class=\"elementor-column elementor-col-50 elementor-top-column elementor-element elementor-element-9da37fb\" data-id=\"9da37fb\" data-element_type=\"column\" data-e-type=\"column\">\n\t\t\t<div class=\"elementor-widget-wrap elementor-element-populated\">\n\t\t\t\t\t\t<div class=\"elementor-element elementor-element-d24b982 elementor-widget elementor-widget-text-editor\" data-id=\"d24b982\" data-element_type=\"widget\" data-e-type=\"widget\" data-widget_type=\"text-editor.default\">\n\t\t\t\t<div class=\"elementor-widget-container\">\n\t\t\t\t\t\t\t\t\t<p>Volont\u00e4rerna som koordineras av OLKA kan efter \u00f6verenskommelse vara kamratst\u00f6djare vid till exempel avdelningar, v\u00e4ntrum eller patientrum. Ut\u00f6ver kamratst\u00f6dsverksamheten p\u00e5 sjukhus koordinerar OLKA tv\u00e5 webbtj\u00e4nster f\u00f6r kamratst\u00f6d.<\/p><p><a href=\"https:\/\/www.terveyskyla.fi\/sv\/kamrathuset\" target=\"_blank\" rel=\"noopener\">Kamrathuset.fi<\/a><\/p><p>Kamrathuset \u00e4r en webbtj\u00e4nst som samlar information om kamratst\u00f6d och organisationer som erbjuder kamratst\u00f6d. P\u00e5 webbplatsen finns bland annat konkreta tips och kontaktinformation f\u00f6r kamratst\u00f6dstj\u00e4nster inom olika f\u00f6reningar samt erfarenhetsber\u00e4ttelser.<\/p><p><a href=\"https:\/\/olkatoiminta.fi\/sv\/kamratstodsappen-toivo\/\">Kamratst\u00f6dsappen Toivo<\/a><\/p><p>Kamratst\u00f6dsappen Toivo \u00e4r en kostnadsfri plattform f\u00f6r kamratst\u00f6d d\u00e4r du kan hitta en kamratst\u00f6djare som passar dig, \u00e4ven helt anonymt. Du kan ladda ner appen gratis fr\u00e5n appbutiker eller anv\u00e4nda en webbl\u00e4sare och g\u00e5 in p\u00e5 adressen <a href=\"https:\/\/olkatoiminta.fi\/toivosovellus\" target=\"_blank\" rel=\"noopener\">olkatoiminta.fi\/toivosovellus<\/a>.<\/p>\t\t\t\t\t\t\t\t<\/div>\n\t\t\t\t<\/div>\n\t\t\t\t\t<\/div>\n\t\t<\/div>\n\t\t\t\t\t<\/div>\n\t\t<\/section>\n\t\t\t\t<section class=\"elementor-section elementor-top-section elementor-element elementor-element-5481586 elementor-section-boxed elementor-section-height-default elementor-section-height-default\" data-id=\"5481586\" data-element_type=\"section\" data-e-type=\"section\">\n\t\t\t\t\t\t<div class=\"elementor-container elementor-column-gap-default\">\n\t\t\t\t\t<div class=\"elementor-column elementor-col-50 elementor-top-column elementor-element elementor-element-8143c0c\" data-id=\"8143c0c\" data-element_type=\"column\" data-e-type=\"column\">\n\t\t\t<div class=\"elementor-widget-wrap elementor-element-populated\">\n\t\t\t\t\t\t<div class=\"elementor-element elementor-element-d24d880 elementor-widget elementor-widget-heading\" data-id=\"d24d880\" data-element_type=\"widget\" data-e-type=\"widget\" data-widget_type=\"heading.default\">\n\t\t\t\t<div class=\"elementor-widget-container\">\n\t\t\t\t\t<h2 class=\"elementor-heading-title elementor-size-default\">Tj\u00e4nsten Ilona<\/h2>\t\t\t\t<\/div>\n\t\t\t\t<\/div>\n\t\t\t\t<div class=\"elementor-element elementor-element-3d5594d elementor-widget elementor-widget-image\" data-id=\"3d5594d\" data-element_type=\"widget\" data-e-type=\"widget\" data-widget_type=\"image.default\">\n\t\t\t\t<div class=\"elementor-widget-container\">\n\t\t\t\t\t\t\t\t\t\t\t\t\t\t\t<img loading=\"lazy\" decoding=\"async\" width=\"650\" height=\"531\" src=\"https:\/\/olkatoiminta.fi\/wp-content\/uploads\/vapaaehtoisena-olka-ilona-palvelu.jpg\" class=\"attachment-large size-large wp-image-407\" alt=\"\" \/>\t\t\t\t\t\t\t\t\t\t\t\t\t\t\t<\/div>\n\t\t\t\t<\/div>\n\t\t\t\t\t<\/div>\n\t\t<\/div>\n\t\t\t\t<div class=\"elementor-column elementor-col-50 elementor-top-column elementor-element elementor-element-f61e823\" data-id=\"f61e823\" data-element_type=\"column\" data-e-type=\"column\">\n\t\t\t<div class=\"elementor-widget-wrap elementor-element-populated\">\n\t\t\t\t\t\t<div class=\"elementor-element elementor-element-e34f625 elementor-widget elementor-widget-text-editor\" data-id=\"e34f625\" data-element_type=\"widget\" data-e-type=\"widget\" data-widget_type=\"text-editor.default\">\n\t\t\t\t<div class=\"elementor-widget-container\">\n\t\t\t\t\t\t\t\t\t<p>OLKA koordinerar volont\u00e4rverksamheten p\u00e5 v\u00e4lf\u00e4rdsomr\u00e5denas enheter\/sjukhus. K\u00e4rnan i volont\u00e4rverksamheten ligger i det rofyllda m\u00f6tet. Volont\u00e4rerna sprider gl\u00e4dje och ger patienter och n\u00e4rst\u00e5ende st\u00f6d och hopp.<\/p><p>Volont\u00e4rerna arbetar enligt \u00f6verenskommelse p\u00e5 samarbetsavdelningar, OLKA-punkter och allm\u00e4nna entr\u00e9hallar. Som volont\u00e4r kan din uppgift bli exempelvis att vara aula-assistent, st\u00f6dperson vid palliativ v\u00e5rd, samtalspartner, lekkompis till barnpatienter eller kamratst\u00f6djare. En kamratst\u00f6dperson har personlig erfarenhet av sjukdom eller skada. En volont\u00e4r kan ocks\u00e5 ha andra uppgifter utan egen erfarenhet av sjukdom eller skada. Volont\u00e4rverksamheten ers\u00e4tter inte det arbete som yrkespersoner utf\u00f6r.<\/p><p>Vill du bli volont\u00e4r? <a href=\"https:\/\/olkatoiminta.fi\/sv\/bli-volontar-inom-olka\/\">L\u00e4s mer om OLKA:s volont\u00e4rverksamhet<\/a>.<\/p>\t\t\t\t\t\t\t\t<\/div>\n\t\t\t\t<\/div>\n\t\t\t\t\t<\/div>\n\t\t<\/div>\n\t\t\t\t\t<\/div>\n\t\t<\/section>\n\t\t\t\t<section class=\"elementor-section elementor-top-section elementor-element elementor-element-ce11640 elementor-section-boxed elementor-section-height-default elementor-section-height-default\" data-id=\"ce11640\" data-element_type=\"section\" data-e-type=\"section\">\n\t\t\t\t\t\t<div class=\"elementor-container elementor-column-gap-default\">\n\t\t\t\t\t<div class=\"elementor-column elementor-col-50 elementor-top-column elementor-element elementor-element-0fbdc3d\" data-id=\"0fbdc3d\" data-element_type=\"column\" data-e-type=\"column\">\n\t\t\t<div class=\"elementor-widget-wrap elementor-element-populated\">\n\t\t\t\t\t\t<div class=\"elementor-element elementor-element-7a7e8b7 elementor-widget elementor-widget-heading\" data-id=\"7a7e8b7\" data-element_type=\"widget\" data-e-type=\"widget\" data-widget_type=\"heading.default\">\n\t\t\t\t<div class=\"elementor-widget-container\">\n\t\t\t\t\t<h2 class=\"elementor-heading-title elementor-size-default\">Utvecklartj\u00e4nsten Helmi<\/h2>\t\t\t\t<\/div>\n\t\t\t\t<\/div>\n\t\t\t\t<div class=\"elementor-element elementor-element-e5e1ef2 elementor-widget elementor-widget-image\" data-id=\"e5e1ef2\" data-element_type=\"widget\" data-e-type=\"widget\" data-widget_type=\"image.default\">\n\t\t\t\t<div class=\"elementor-widget-container\">\n\t\t\t\t\t\t\t\t\t\t\t\t\t\t\t<img loading=\"lazy\" decoding=\"async\" width=\"1122\" height=\"888\" src=\"https:\/\/olkatoiminta.fi\/wp-content\/uploads\/Vertaistukikoulutus_potilas.png\" class=\"attachment-large size-large wp-image-6741\" alt=\"Piirroskuva koulutuksesta. Osallistujat istuvat kuuntelemassa puhujaa, joka osoittaa fl\u00e4ppitaulua. Taululle on kirjoitettu sanat tietoa, tukea, toivoa.\" srcset=\"https:\/\/olkatoiminta.fi\/wp-content\/uploads\/Vertaistukikoulutus_potilas.png 1122w, https:\/\/olkatoiminta.fi\/wp-content\/uploads\/Vertaistukikoulutus_potilas-768x608.png 768w\" sizes=\"(max-width: 1122px) 100vw, 1122px\" \/>\t\t\t\t\t\t\t\t\t\t\t\t\t\t\t<\/div>\n\t\t\t\t<\/div>\n\t\t\t\t\t<\/div>\n\t\t<\/div>\n\t\t\t\t<div class=\"elementor-column elementor-col-50 elementor-top-column elementor-element elementor-element-1bbb6f0\" data-id=\"1bbb6f0\" data-element_type=\"column\" data-e-type=\"column\">\n\t\t\t<div class=\"elementor-widget-wrap elementor-element-populated\">\n\t\t\t\t\t\t<div class=\"elementor-element elementor-element-12eecbd elementor-widget elementor-widget-text-editor\" data-id=\"12eecbd\" data-element_type=\"widget\" data-e-type=\"widget\" data-widget_type=\"text-editor.default\">\n\t\t\t\t<div class=\"elementor-widget-container\">\n\t\t\t\t\t\t\t\t\t<p>Utvecklartj\u00e4nsten Helmi erbjuder information och st\u00f6d f\u00f6r yrkespersoner. Erfarenhetsexperter som arbetar inom utvecklartj\u00e4nsten har erfarenhet av sjukdom eller funktionsneds\u00e4ttningar sj\u00e4lva eller som n\u00e4rst\u00e5ende, och de har utbildats f\u00f6r sitt uppdrag.<\/p><p>Utvecklaruppgifter innefattar erfarenhetsanf\u00f6randen, erfarenhetsbaserade konsultationer som \u00f6kar yrkespersoners f\u00f6rst\u00e5else f\u00f6r patienternas situation samt att vara med i arbetsgrupper. Experterna har tystnadsplikt.<\/p><p>Utvecklartj\u00e4nsten Helmi har utvecklats i samarbete med det nationella OLKA-n\u00e4tverket och organisationernas <a href=\"https:\/\/kokemustoimintaverkosto.fi\/\" target=\"_blank\" rel=\"noopener\">Erfarenhetsverksamhetsn\u00e4tverk<\/a>.<\/p>\t\t\t\t\t\t\t\t<\/div>\n\t\t\t\t<\/div>\n\t\t\t\t\t<\/div>\n\t\t<\/div>\n\t\t\t\t\t<\/div>\n\t\t<\/section>\n\t\t\t\t<\/div>\n\t\t","protected":false},"excerpt":{"rendered":"<p>Informationstj\u00e4nsten Oiva Genom OLKA-verksamheten f\u00e5r du information om de tj\u00e4nster som organisationerna och v\u00e4lf\u00e4rdsomr\u00e5det\/sjukhuset erbjuder. OLKA-punkterna erbjuder information om de olika akt\u00f6rernas st\u00f6dformer. OLKA\u2013punkterna erbjuder tid f\u00f6r att m\u00f6tas fysiskt samt\u00a0 information om kamratst\u00f6d och f\u00f6rmedling av kamratst\u00f6d information om de st\u00f6dformer som organisationerna och v\u00e4lf\u00e4rdsomr\u00e5det\/sjukhuset erbjuder temadagar som yrkespersoner fr\u00e5n organisationerna och v\u00e4lf\u00e4rdsomr\u00e5det\/sjukhuset har, &#8230; <a title=\"OLKA:s servicelinjer\" class=\"read-more\" href=\"https:\/\/olkatoiminta.fi\/sv\/olkas-servicelinjer\/\" aria-label=\"L\u00e4s mer om OLKA:s servicelinjer\">L\u00e4s mer<\/a><\/p>\n","protected":false},"author":13,"featured_media":0,"parent":0,"menu_order":2,"comment_status":"closed","ping_status":"closed","template":"","meta":{"_acf_changed":false,"footnotes":""},"class_list":["post-6493","page","type-page","status-publish"],"acf":[],"_links":{"self":[{"href":"https:\/\/olkatoiminta.fi\/sv\/wp-json\/wp\/v2\/pages\/6493","targetHints":{"allow":["GET"]}}],"collection":[{"href":"https:\/\/olkatoiminta.fi\/sv\/wp-json\/wp\/v2\/pages"}],"about":[{"href":"https:\/\/olkatoiminta.fi\/sv\/wp-json\/wp\/v2\/types\/page"}],"author":[{"embeddable":true,"href":"https:\/\/olkatoiminta.fi\/sv\/wp-json\/wp\/v2\/users\/13"}],"replies":[{"embeddable":true,"href":"https:\/\/olkatoiminta.fi\/sv\/wp-json\/wp\/v2\/comments?post=6493"}],"version-history":[{"count":20,"href":"https:\/\/olkatoiminta.fi\/sv\/wp-json\/wp\/v2\/pages\/6493\/revisions"}],"predecessor-version":[{"id":7624,"href":"https:\/\/olkatoiminta.fi\/sv\/wp-json\/wp\/v2\/pages\/6493\/revisions\/7624"}],"wp:attachment":[{"href":"https:\/\/olkatoiminta.fi\/sv\/wp-json\/wp\/v2\/media?parent=6493"}],"curies":[{"name":"wp","href":"https:\/\/api.w.org\/{rel}","templated":true}]}}