{"id":6390,"date":"2024-10-23T09:22:37","date_gmt":"2024-10-23T06:22:37","guid":{"rendered":"https:\/\/olkatoiminta.fi\/?page_id=6390"},"modified":"2026-03-27T13:07:45","modified_gmt":"2026-03-27T11:07:45","slug":"tjanstevillkor-kamratstodsappen-toivo","status":"publish","type":"page","link":"https:\/\/olkatoiminta.fi\/sv\/kamratstodsappen-toivo\/tjanstevillkor-kamratstodsappen-toivo\/","title":{"rendered":"Tj\u00e4nstevillkor &#8211; Kamratst\u00f6dsappen Toivo"},"content":{"rendered":"\t\t<div data-elementor-type=\"wp-page\" data-elementor-id=\"6390\" class=\"elementor elementor-6390 elementor-3553\" data-elementor-post-type=\"page\">\n\t\t\t\t\t\t<section class=\"elementor-section elementor-top-section elementor-element elementor-element-f8e51cc elementor-section-boxed elementor-section-height-default elementor-section-height-default\" data-id=\"f8e51cc\" data-element_type=\"section\" data-e-type=\"section\">\n\t\t\t\t\t\t<div class=\"elementor-container elementor-column-gap-no\">\n\t\t\t\t\t<div class=\"elementor-column elementor-col-100 elementor-top-column elementor-element elementor-element-758675f\" data-id=\"758675f\" data-element_type=\"column\" data-e-type=\"column\">\n\t\t\t<div class=\"elementor-widget-wrap elementor-element-populated\">\n\t\t\t\t\t\t<section class=\"elementor-section elementor-inner-section elementor-element elementor-element-5b82ed0 elementor-section-content-middle elementor-section-boxed elementor-section-height-default elementor-section-height-default\" data-id=\"5b82ed0\" data-element_type=\"section\" data-e-type=\"section\" data-settings=\"{&quot;background_background&quot;:&quot;classic&quot;}\">\n\t\t\t\t\t\t<div class=\"elementor-container elementor-column-gap-default\">\n\t\t\t\t\t<div class=\"elementor-column elementor-col-100 elementor-inner-column elementor-element elementor-element-d3dbf8c\" data-id=\"d3dbf8c\" data-element_type=\"column\" data-e-type=\"column\">\n\t\t\t<div class=\"elementor-widget-wrap elementor-element-populated\">\n\t\t\t\t\t\t<div class=\"elementor-element elementor-element-5232829 elementor-widget elementor-widget-text-editor\" data-id=\"5232829\" data-element_type=\"widget\" data-e-type=\"widget\" data-widget_type=\"text-editor.default\">\n\t\t\t\t<div class=\"elementor-widget-container\">\n\t\t\t\t\t\t\t\t\t<h2>TJ\u00c4NSTEVILLKOR &#8211; KAMRATST\u00d6DSAPPEN TOIVO<\/h2><p>Datum f\u00f6r ikrafttr\u00e4dande: Fr\u00e5n och med 10.04.2025.<\/p><p>Dessa leveransvillkor f\u00f6r tj\u00e4nsten (&#8221;villkor&#8221;) utg\u00f6r ett bindande avtal mellan dig och\/eller den gemenskap du representerar (&#8221;du&#8221;, &#8221;anv\u00e4ndare&#8221;) och HyTe ry, Y:1953125-8, (&#8221;vi&#8221;, &#8221;tj\u00e4nsteleverant\u00f6r&#8221;) ang\u00e5ende din r\u00e4tt att anv\u00e4nda mobilapplikationen Toivo (&#8221;tj\u00e4nsten&#8221;) och relaterade webbplatser som tillhandah\u00e5lls av oss.<\/p><p>Avtalet mellan dig och oss tr\u00e4der i kraft n\u00e4r du anv\u00e4nder tj\u00e4nsten f\u00f6rsta g\u00e5ngen. Om du inte godk\u00e4nner dessa villkor m\u00e5ste du omedelbart sluta anv\u00e4nda tj\u00e4nsten och radera mobilapplikationen fr\u00e5n din terminal.<\/p><p>Dessa villkor \u00e4r de allm\u00e4nna leveransvillkoren f\u00f6r anv\u00e4ndning av tj\u00e4nsten f\u00f6r kamratst\u00f6d. Om du har ing\u00e5tt ett skriftligt avtal eller ett annat avtal om anv\u00e4ndningen av tj\u00e4nsten med oss, till exempel som kamratst\u00f6djare (\u201ckamratst\u00f6djare\u201d) till\u00e4mpas i f\u00f6rsta hand villkoren i det avtalet mellan oss.<\/p><p>V\u00c5RA KONTAKTUPPGIFTER<\/p><p>HyTe \/ OLKA<br \/>K\u00f6pmannav\u00e4gen 6<br \/>02100 Esbo<\/p><p>F\u00f6r mer information om dessa avtalsvillkor, dina r\u00e4ttigheter och v\u00e5r dataskyddspraxis, v\u00e4nligen kontakta underh\u00e5llet av tj\u00e4nsten: toivo@olkatoiminta.fi<\/p><p>BESKRIVNING AV TJ\u00c4NSTEN OCH DIN ROLL I TJ\u00c4NSTEN<\/p><p>Toivo \u00e4r en kamratst\u00f6dsapplikation som sammanf\u00f6r dem som s\u00f6ker st\u00f6d med utbildade kamratst\u00f6djare. Appen \u00e4r avsedd f\u00f6r personer som \u00e4r sjuka eller har en funktionsneds\u00e4ttning och f\u00f6r deras n\u00e4rst\u00e5ende. I appen verkar utbildade frivilliga kamratst\u00f6djare fr\u00e5n m\u00e5nga olika f\u00f6reningar.<\/p><p>I appen kan du f\u00f6ra konfidentiella privata samtal genom chattmeddelanden. De som s\u00f6ker st\u00f6d kan anv\u00e4nda appen med en signatur och anv\u00e4ndningen av den kr\u00e4ver inte att personuppgifter l\u00e4mnas. Alla kamratst\u00f6djare \u00e4r utvalda av HyTe och har tystnadsplikt. Det \u00e4r gratis att anv\u00e4nda appen.<\/p><p>ALLM\u00c4NT<\/p><p>Tj\u00e4nsten fungerar med en applikation som installeras p\u00e5 iOS- och Android-terminaler och i webbl\u00e4sare.<\/p><p>Genom att installera applikationen p\u00e5 terminalen eller genom att kontakta kamratst\u00f6djarna via webbl\u00e4saren godk\u00e4nner du dessa anv\u00e4ndarvillkor och avtalet f\u00f6r anv\u00e4ndningen av tj\u00e4nsten tr\u00e4der i kraft mellan dig och HyTe. L\u00e4s villkoren noggrant innan du godk\u00e4nner dem. Om du inte godk\u00e4nner dessa villkor ska du inte installera applikationen eller inleda eller forts\u00e4tta att anv\u00e4nda tj\u00e4nsten i n\u00e5gon form.<\/p><p>ANV\u00c4NDNING AV TJ\u00c4NSTEN<\/p><p>Det \u00e4r avgiftsfritt f\u00f6r dig att installera appen och att anv\u00e4nda den och tj\u00e4nsten. I tj\u00e4nsten debiteras inga avgifter och inga avgiftsbelagda tj\u00e4nster erbjuds eller s\u00e4ljs.<\/p><p>Du kan anv\u00e4nda tj\u00e4nsten endast med din signatur \u2013 det \u00e4r frivilligt att ge annan information och inga personliga kontaktuppgifter samlas in i tj\u00e4nsten. Dataskyddsbeskrivningen inneh\u00e5ller n\u00e4rmare information om behandlingen av personuppgifter.<\/p><p>Du ansvarar f\u00f6r riktigheten och noggrannheten i de uppgifter du ger i tj\u00e4nsten samt f\u00f6r iakttagandet av dessa villkor och lagstiftningen.<\/p><p>N\u00e4r du anv\u00e4nder tj\u00e4nsten f\u00e5r du inte<\/p><p>1. systematiskt samla in information eller annat inneh\u00e5ll fr\u00e5n tj\u00e4nsten f\u00f6r att skapa eller sammanst\u00e4lla en databas eller katalog utan f\u00f6reg\u00e5ende skriftligt samtycke av tj\u00e4nsteleverant\u00f6ren,<\/p><p>2. anv\u00e4nda tj\u00e4nsten f\u00f6r olovliga \u00e4ndam\u00e5l, inklusive insamling av andra anv\u00e4ndares anv\u00e4ndarnamn och\/eller e-postadresser eller andra identifikationsuppgifter i syfte att skicka o\u00f6nskade meddelanden eller skapa falska anv\u00e4ndarkonton.<\/p><p>3. kringg\u00e5 eller p\u00e5 annat s\u00e4tt st\u00f6ra tj\u00e4nstens dataskyddsegenskaper, inklusive egenskaper som hindrar eller begr\u00e4nsar anv\u00e4ndning eller kopiering av inneh\u00e5llet i tj\u00e4nsten eller begr\u00e4nsar anv\u00e4ndningen av tj\u00e4nsten,<\/p><p>4. f\u00f6rs\u00f6ka kringg\u00e5 tj\u00e4nstens egenskaper som \u00e4r planerade att hindra eller begr\u00e4nsa \u00e5tkomsten till tj\u00e4nsten eller en del av den,<\/p><p>5. b\u00e4dda in (framing) eller hyperl\u00e4nka (hyperlink) tj\u00e4nsten till en raml\u00e4nk utan f\u00f6reg\u00e5ende skriftligt samtycke fr\u00e5n tj\u00e4nsteleverant\u00f6ren,<\/p><p>6. vilseleda oss eller anv\u00e4ndarna av tj\u00e4nsten i syfte att utreda k\u00e4nsliga uppgifter om anv\u00e4ndarkonton, s\u00e5som anv\u00e4ndarnas identifikationsuppgifter,<\/p><p>7. anv\u00e4nda tj\u00e4nsten eller relaterade system genom automatiserade metoder, s\u00e5som inmatning av inneh\u00e5ll i tj\u00e4nsten genom skript eller datautvinning eller robotar, s\u00f6krobotar och motsvarande metoder,<\/p><p>8. st\u00f6ra eller orsaka on\u00f6dig belastning p\u00e5 tj\u00e4nsten eller dess n\u00e4tverkstrafik,<\/p><p>9. utge dig f\u00f6r att vara en annan anv\u00e4ndare eller person eller anv\u00e4nda en annan anv\u00e4ndares anv\u00e4ndarnamn,<\/p><p>10. s\u00e4lja eller p\u00e5 annat s\u00e4tt \u00f6verl\u00e5ta ditt anv\u00e4ndarkonto,<\/p><p>11. anv\u00e4nda information som erh\u00e5llits ur tj\u00e4nsten f\u00f6r att trakassera eller skada en annan anv\u00e4ndare eller person,<\/p><p>12. trakassera, skr\u00e4mma eller hota andra anv\u00e4ndare, HyTe eller anst\u00e4llda som arbetar f\u00f6r dess r\u00e4kning,<\/p><p>13. p\u00e5 n\u00e5got s\u00e4tt anv\u00e4nda tj\u00e4nsten f\u00f6r verksamhet som f\u00f6ranleder skada f\u00f6r HyTe eller samarbetspartners,<\/p><p>14. ta bort upphovsr\u00e4ttsklausuler eller andra anteckningar om immateriella r\u00e4ttigheter fr\u00e5n tj\u00e4nsten,<\/p><p>15. bak\u00e5tkompilera n\u00e5gon programvara eller del d\u00e4rav relaterad till tj\u00e4nsten,<\/p><p>16. kopiera eller modifiera tj\u00e4nstens programvara, inklusive men inte begr\u00e4nsat till Flash, PHP, HTML, JavaScript eller n\u00e5gon annan programkod,<\/p><p>17. skicka virus, trojanska h\u00e4star eller annat skadligt material till tj\u00e4nsten eller skicka skr\u00e4ppost i tj\u00e4nsten,<\/p><p>18. skicka metoder f\u00f6r informationsinsamling eller -s\u00e4ndning eller metoder som \u00e4r avsedda f\u00f6r sp\u00e5rning av anv\u00e4ndare till tj\u00e4nsten, s\u00e5som sp\u00e5rningspixlar, webbfyrar eller motsvarande metoder (\u201cspyware\u201d),<\/p><p>19. kr\u00e4nka, skymfa eller p\u00e5 annat s\u00e4tt skada enligt v\u00e5r tolkning, oss eller tj\u00e4nsten,<\/p><p>20. kopiera n\u00e5gra skyddade planeringsmodeller ur tj\u00e4nsten, inklusive v\u00e5ra eller tredje parters EU-m\u00f6nsterskyddade r\u00e4ttigheter.<\/p><p>Brott mot dessa regler kan leda till att den terminal du anv\u00e4nder utesluts ur tj\u00e4nsten, underh\u00e5lls\u00e5tg\u00e4rder s\u00e5som inneh\u00e5llsmoderering, samt att de uppgifter vi innehar \u00f6verl\u00e5ts till myndigheterna eller till akt\u00f6rer som vidtar r\u00e4ttsliga \u00e5tg\u00e4rder f\u00f6r HyTe:s r\u00e4kning.<\/p><p>ANV\u00c4NDARENS OCH KAMRATST\u00d6DJARENS ST\u00c4LLNING<\/p><p>Tj\u00e4nsten \u00e4r en gateway mellan dig och de frivilliga kamratst\u00f6djarna som tillhandah\u00e5lls av HyTe. De kamratst\u00f6djare och organisationer som deltar i tj\u00e4nsten st\u00e5r inte i anst\u00e4llningsf\u00f6rh\u00e5llande eller n\u00e5got annat uppdragsf\u00f6rh\u00e5llande till HyTe. HyTe ansvarar inte f\u00f6r kvaliteten eller riktigheten av den information som tillhandah\u00e5lls av kamratst\u00f6djarna i tj\u00e4nsten, och inte i \u00f6vrigt heller f\u00f6r inneh\u00e5llet i samtalen eller meddelandena, och inte heller f\u00f6r kamratst\u00f6djarnas \u00f6vriga verksamhet i tj\u00e4nsten eller utanf\u00f6r den.<\/p><p>Som anv\u00e4ndare av tj\u00e4nsten avtalar du till alla delar om arten av och villkoren f\u00f6r det f\u00f6rh\u00e5llande som uppkommer mellan dig och kamratst\u00f6djarna. Inom ramen f\u00f6r detta f\u00f6rh\u00e5llande svarar du sj\u00e4lv f\u00f6r alla \u00e5tg\u00e4rder i appen och tj\u00e4nsten och utanf\u00f6r dessa, som du eventuellt vidtar p\u00e5 grundval av de samtal som f\u00f6rs i appen och tj\u00e4nsten, liksom f\u00f6r ditt avh\u00e5llande fr\u00e5n att vidta \u00e5tg\u00e4rder.<\/p><p>ANSVAR F\u00d6R APPLIKATIONEN, TJ\u00c4NSTEN OCH INNEH\u00c5LLET SOM VISAS<\/p><p>Applikationen och tj\u00e4nsten tillhandah\u00e5lls utan f\u00f6rpliktelser. HyTe garanterar inte p\u00e5 n\u00e5got s\u00e4tt riktigheten eller drifts\u00e4kerheten i applikationen, tj\u00e4nsten eller delar av dessa. HyTe ansvarar inte f\u00f6r n\u00e5gra direkta eller indirekta skador som anv\u00e4ndningen av applikationen eller tj\u00e4nsten kan medf\u00f6ra eller medf\u00f6r f\u00f6r dig eller tredje part. Som anv\u00e4ndare svarar du obegr\u00e4nsat gentemot HyTe och tredje part f\u00f6r all din anv\u00e4ndning av applikationen och tj\u00e4nsten samt f\u00f6r det inneh\u00e5ll som du eventuellt skickar till tj\u00e4nsten.<\/p><p>S\u00c4KERHETSKOPIOR<\/p><p>Du ansvarar f\u00f6r s\u00e4kerhetskopiering av allt inneh\u00e5ll, kontaktuppgifter och annan information som du skickar till eller f\u00e5r fr\u00e5n tj\u00e4nsten. Tj\u00e4nsteleverant\u00f6ren ansvarar inte f\u00f6r n\u00e5gon skada som orsakas av f\u00f6rlust av s\u00e5dana uppgifter, oberoende av orsaken till f\u00f6rlusten eller om tj\u00e4nsten inte alltid \u00e4r tillg\u00e4nglig.<\/p><p>PRIS OCH AVGIFTER<\/p><p>Det \u00e4r avgiftsfritt f\u00f6r dig att installera och anv\u00e4nda tj\u00e4nsten och tillh\u00f6rande mobilapplikation och andra komponenter. Tj\u00e4nsten fungerar via internetanslutning. Beroende p\u00e5 vilken dataanslutning du anv\u00e4nder kan teleoperat\u00f6ren debitera dig f\u00f6r dataanv\u00e4ndningen och till exempel uppb\u00e4ra roamingavgifter om du anv\u00e4nder appen utomlands. HyTe kan inte p\u00e5verka de avgifter som tas ut av teleoperat\u00f6rer och ansvarar inte f\u00f6r eventuella kostnader som dessa orsakar dig.<\/p><p>HANTERINGEN AV TJ\u00c4NSTEN<\/p><p>Tj\u00e4nsteleverant\u00f6ren har r\u00e4tt, men inte skyldighet att<\/p><p>1. \u00f6vervaka tj\u00e4nsten f\u00f6r att s\u00e4kerst\u00e4lla att dessa anv\u00e4ndarvillkor iakttas,<\/p><p>2. skydda sitt eget rykte mot missbruk. F\u00f6r att l\u00f6sa en konflikt kan vi utreda alla anm\u00e4lningar om missbruk samt oetisk eller olaglig verksamhet i tj\u00e4nsten. Vid behov kan vi ocks\u00e5 l\u00e4mna ut personuppgifter till myndigheter.<\/p><p>3. v\u00e4gra att ta emot eller begr\u00e4nsa eller hindra \u00e5tkomst till det material du skickat till tj\u00e4nsten,<\/p><p>4. ta bort eller begr\u00e4nsa \u00e5tkomsten till inneh\u00e5ll som \u00e4r f\u00f6r stort eller p\u00e5 annat s\u00e4tt belastar tj\u00e4nstens system, och<\/p><p>5. p\u00e5 annat s\u00e4tt administrera tj\u00e4nsten f\u00f6r att skydda v\u00e5ra r\u00e4ttigheter och v\u00e5r egendom samt f\u00f6r att s\u00e4kerst\u00e4lla att tj\u00e4nsten fungerar som avsett.<\/p><p>IMMATERIELLA R\u00c4TTIGHETER<\/p><p>Alla r\u00e4ttigheter till tj\u00e4nsten (inklusive mobilapplikationen) tillh\u00f6r oss eller tredje part som \u00e4r involverad i tillhandah\u00e5llandet av tj\u00e4nsten. Om inget annat anges \u00e4r tj\u00e4nsten v\u00e5r egendom och alla r\u00e4ttigheter till alla databaser, fotografier, all k\u00e4llkod funktionalitet, programvara, webbdesign, ljud, video, text och grafik i tj\u00e4nsten samt varum\u00e4rken, servicem\u00e4rken och logotyper tillh\u00f6r eller \u00e4r licensierade till oss.<\/p><p>Du ger oss och alla andra anv\u00e4ndare en obegr\u00e4nsad, o\u00e5terkallelig, icke-exklusiv, avgiftsfri, global licens att lagra, anv\u00e4nda, kopiera, reproducera, avsl\u00f6ja, s\u00e4lja, \u00e5terf\u00f6rs\u00e4lja, offentligg\u00f6ra, skicka, omben\u00e4mna, arkivera, offentligt framf\u00f6ra, omforma, \u00f6vers\u00e4tta, \u00f6verf\u00f6ra, citera (helt eller delvis) och distribuera allt inneh\u00e5ll du skickar till tj\u00e4nsten.<\/p><p>Du f\u00e5r endast anv\u00e4nda tj\u00e4nsten och inneh\u00e5llet i den (publicerat av andra eller av dig) f\u00f6r att anv\u00e4nda tj\u00e4nsten s\u00e5 l\u00e4nge dessa villkor g\u00e4ller.<\/p><p>LICENS F\u00d6R MOBILAPPLIKATION<\/p><p>N\u00e4r du anv\u00e4nder tj\u00e4nsten i mobilapplikationen till\u00e4mpas f\u00f6ljande villkor ut\u00f6ver vad som anges p\u00e5 andra st\u00e4llen i dessa villkor.<\/p><p>Du har en \u00e5terkallelig, icke-exklusiv, icke-\u00f6verf\u00f6rbar, begr\u00e4nsad r\u00e4tt att installera och anv\u00e4nda mobilapplikationen p\u00e5 dina tr\u00e5dl\u00f6sa enheter och att anv\u00e4nda tj\u00e4nsten via mobilapplikationen endast i enlighet med licensen f\u00f6r anv\u00e4ndningsr\u00e4tt nedan:<\/p><p>Du f\u00e5r inte<\/p><p>1. bryta mot g\u00e4llande lagar, best\u00e4mmelser eller f\u00f6reskrifter n\u00e4r du anv\u00e4nder tj\u00e4nsten,<\/p><p>2. bak\u00e5tkompilera eller p\u00e5 annat s\u00e4tt f\u00f6rs\u00f6ka ta reda p\u00e5 applikationens k\u00e4llkod eller dekryptera dess skydd,<\/p><p>3. modifiera, f\u00f6rb\u00e4ttra, \u00f6vers\u00e4tta eller p\u00e5 annat s\u00e4tt skapa h\u00e4rledda verk av applikationen,<\/p><p>4. ta bort, modifiera eller d\u00f6lja meddelanden om \u00e4gander\u00e4tt (inklusive meddelanden om upphovsr\u00e4tt och varum\u00e4rken) som publicerats av oss eller tredjeparts licensgivare,<\/p><p>5. anv\u00e4nda tj\u00e4nsten f\u00f6r n\u00e5gon s\u00e5dan inkomstgenererande eller kommersiell verksamhet som \u00f6verskrider vad vi anser vara rimligt med beaktande av tj\u00e4nstens karakt\u00e4r som en avgiftsfri tj\u00e4nst f\u00f6r dig,<\/p><p>6. \u00f6verf\u00f6ra applikationen via ett datan\u00e4t eller motsvarande milj\u00f6 s\u00e5 att den kan anv\u00e4ndas p\u00e5 flera enheter eller av flera anv\u00e4ndare samtidigt,<\/p><p>7. anv\u00e4nda mobilapplikationen f\u00f6r att skapa en annan applikation, tj\u00e4nst, produkt eller programvara som konkurrerar eller \u00e4r avsedd att ers\u00e4tta mobilapplikationen,<\/p><p>8. anv\u00e4nda mobilapplikationen f\u00f6r att skicka automatiska f\u00f6rfr\u00e5gningar till webbplatsen eller skicka kommersiella marknadsf\u00f6ringsmeddelanden,<\/p><p>9. anv\u00e4nda n\u00e5gon information som vi \u00e4ger eller v\u00e5ra gr\u00e4nssnitt eller n\u00e5gon annan av v\u00e5r immateriella egendom f\u00f6r att planera, konceptualisera, utveckla, tillhandah\u00e5lla, licensiera eller distribuera n\u00e5gra applikationer (mobila eller andra), biprodukter eller enheter som \u00e4r avsedda att anv\u00e4ndas tillsammans med v\u00e5r mobilapplikation eller tj\u00e4nst.<\/p><p>Apple- och Android-enheter:<\/p><p>Ut\u00f6ver vad som anges p\u00e5 andra st\u00e4llen i dessa villkor (inklusive de allm\u00e4nna licensvillkoren f\u00f6r mobilapplikationer ovan) ska f\u00f6ljande s\u00e4rskilda villkor till\u00e4mpas d\u00e5 du anv\u00e4nder tj\u00e4nsten via en mobilapplikation som erh\u00e5llits fr\u00e5n Apples appbutik (Apple Store) eller Google Play (nedan b\u00e5da \u00e4ven \u201cdistribut\u00f6rer\u201d).<\/p><p>1. Du har en icke-\u00f6verf\u00f6rbar r\u00e4tt att anv\u00e4nda v\u00e5r mobilapplikation p\u00e5 Apple iOS- eller Android-enheter i enlighet med de anv\u00e4ndningsregler som anges av respektive distribut\u00f6r i dess anv\u00e4ndarvillkor,<\/p><p>2. Vi ansvarar f\u00f6r underh\u00e5ll av och st\u00f6dtj\u00e4nster f\u00f6r mobilapplikationen i enlighet med dessa villkor och till\u00e4mplig lagstiftning \u2013 ingen av distribut\u00f6rerna har n\u00e5gon skyldighet att tillhandah\u00e5lla underh\u00e5ll av eller st\u00f6dtj\u00e4nster f\u00f6r mobilapplikationen,<\/p><p>3. Om mobilapplikationen inte fungerar i enlighet med det som utlovats kan du meddela detta till distribut\u00f6ren i fr\u00e5ga \u2013 distribut\u00f6ren kan \u00e5terbetala den avgift du eventuellt betalat f\u00f6r mobilapplikationen i enlighet med sina anv\u00e4ndarvillkor. Distribut\u00f6ren l\u00e4mnar ingen garanti f\u00f6r mobilapplikationen, om inte annat f\u00f6ljer av tvingande lagstiftning,<\/p><p>4. Du ska f\u00f6lja alla till\u00e4mpliga anv\u00e4ndarvillkor fr\u00e5n tredje part n\u00e4r du anv\u00e4nder mobilapplikationen. Om du till exempel har en VoIP-applikation f\u00e5r du inte bryta mot villkoren f\u00f6r tr\u00e5dl\u00f6s data\u00f6verf\u00f6ring som g\u00e4ller den applikationen n\u00e4r du anv\u00e4nder mobilapplikationen,<\/p><p>5. Du intygar att (i) landet d\u00e4r du befinner dig inte \u00e4r f\u00f6rem\u00e5l f\u00f6r ett amerikanskt embargo eller ett av USA utsett &#8221;terroristst\u00f6djande&#8221; land och (ii) att du inte finns med p\u00e5 listan \u00f6ver f\u00f6rbjudna eller begr\u00e4nsade parter som USA:s regering fastst\u00e4llt,<\/p><p>6. Vi har ingen skyldighet att f\u00f6rsvara dig mot anspr\u00e5k fr\u00e5n tredje part som kan uppst\u00e5 till f\u00f6ljd av anv\u00e4ndningen av mobilapplikationen; om tvingande lagstiftning f\u00f6ruts\u00e4tter det svarar vi och inte distribut\u00f6ren p\u00e5 s\u00e5dana yrkanden,<\/p><p>7. Vi, och inte distribut\u00f6ren, svarar p\u00e5 alla yrkanden som r\u00f6r mobilapplikationen, inklusive men inte begr\u00e4nsat till: (i) produktansvar, (ii) efterlevnad av lagar, best\u00e4mmelser och f\u00f6reskrifter, (iii) yrkanden som r\u00f6r konsumentskydd; ingenting som anges i dessa villkor ska utg\u00f6ra ett erk\u00e4nnande av f\u00f6rekomsten av en s\u00e5dan grund f\u00f6r talan,<\/p><p>8. Du f\u00f6rbinder dig till att distribut\u00f6ren kan \u00e5beropa dessa licensvillkor gentemot dig samt f\u00f6ruts\u00e4tta att dessa villkor iakttas.<\/p><p>\u00c4NDRINGAR OCH AVBROTT I TJ\u00c4NSTEN<\/p><p>Vi f\u00f6rbeh\u00e5ller oss r\u00e4tten att, n\u00e4r som helst utan f\u00f6reg\u00e5ende meddelande, \u00e4ndra tj\u00e4nsten, l\u00e4gga till eller ta bort funktioner i tj\u00e4nsten, att g\u00f6ra tj\u00e4nsten avgiftsbelagd eller att upph\u00f6ra med tillhandah\u00e5llandet av tj\u00e4nsten helt och h\u00e5llet. Vi ansvarar inte f\u00f6r kostnader eller andra effekter som en s\u00e5dan \u00e4ndring orsakar dig eller tredje part.<\/p><p>Vi garanterar inte att tj\u00e4nsten \u00e4r tillg\u00e4nglig utan avbrott.<\/p><p>Vi har ingen skyldighet att underh\u00e5lla, uppdatera eller tillhandah\u00e5lla st\u00f6dtj\u00e4nster, uppdateringar eller korrigeringar i tj\u00e4nsten.<\/p><p>BEGR\u00c4NSNING AV ANSVAR<\/p><p>Vi, v\u00e5ra anst\u00e4llda eller samarbetspartner ansvarar inte f\u00f6r n\u00e5gon direkt eller indirekt skada som orsakats dig eller tredje part p\u00e5 grund av anv\u00e4ndningen av tj\u00e4nsten.<\/p><p>ANSVAR F\u00d6R TREDJE PARTS TALAN<\/p><p>Du f\u00f6rbinder dig till att p\u00e5 din egen bekostnad f\u00f6rsvara, inklusive st\u00e5 f\u00f6r rimliga advokatkostnader, oss, v\u00e5ra dotterbolag, samarbetspartner, anst\u00e4llda och r\u00e5dgivare om tredje part v\u00e4cker talan mot oss, ifall yrkandet beror p\u00e5<\/p><p>1. din anv\u00e4ndning av tj\u00e4nsten,<\/p><p>2. brott mot dessa anv\u00e4ndarvillkor,<\/p><p>3. att du har kr\u00e4nkt tredje parts r\u00e4ttigheter, inklusive immateriella r\u00e4ttigheter, eller<\/p><p>4. att du har vidtagit skadliga \u00e5tg\u00e4rder mot en annan anv\u00e4ndare som du kommunicerar med via tj\u00e4nsten.<\/p><p>Utan hinder av ovan sagda f\u00f6rbeh\u00e5ller vi oss r\u00e4tten att ocks\u00e5 sj\u00e4lva, men p\u00e5 din bekostnad, f\u00f6rsvara oss sj\u00e4lva i ovan sagda situationer, varvid du f\u00f6rbinder dig att p\u00e5 din egen bekostnad tillhandah\u00e5lla all s\u00e5dan hj\u00e4lp som vi rimligen kan anse oss beh\u00f6va f\u00f6r att svara p\u00e5 en s\u00e5dan talan; vi str\u00e4var efter att utan on\u00f6digt dr\u00f6jsm\u00e5l meddela dig om s\u00e5dana yrkanden n\u00e4r vi f\u00e5tt vetskap om dem.<\/p><p>AVTALSTID<\/p><p>Dessa villkor och avtalet mellan oss g\u00e4ller d\u00e5 du anv\u00e4nder tj\u00e4nsten.<\/p><p>Du har r\u00e4tt att s\u00e4ga upp detta avtal n\u00e4r som helst och av vilken anledning som helst genom att skriftligt meddela om detta med utnyttjande av kontaktuppgifterna ovan.<\/p><p>Vi har r\u00e4tt att utan f\u00f6reg\u00e5ende meddelande, av vilken anledning som helst, n\u00e4r som helst s\u00e4ga upp detta avtal samt upph\u00f6ra att tillhandah\u00e5lla tj\u00e4nsten eller hindra \u00e5tkomsten till den (\u00e4ven genom blockering av IP-adresser).<\/p><p>N\u00e4r avtalet upph\u00f6r \u00e4r du skyldig att omedelbart sluta anv\u00e4nda tj\u00e4nsten och att ta bort mobilapplikationen fr\u00e5n din enhet.<\/p><p>TILL\u00c4MPLIG LAGSTIFTNING OCH TVISTL\u00d6SNING<\/p><p>P\u00e5 dessa anv\u00e4ndarvillkor och anv\u00e4ndningen och tillhandah\u00e5llandet av tj\u00e4nsten till\u00e4mpas finsk lag.<\/p><p>Alla meningsskiljaktigheter som uppst\u00e5r om dessa anv\u00e4ndarvillkor eller anv\u00e4ndningen av tj\u00e4nsten avg\u00f6rs i Esbo tingsr\u00e4tt, om inte annat f\u00f6ljer av tvingande lagstiftning.<\/p><p>\u00c4NDRING AV DESSA ANV\u00c4NDARVILLKOR<\/p><p>Vi f\u00f6rbeh\u00e5ller oss r\u00e4tten att \u00e4ndra dessa villkor n\u00e4r som helst, utan anledning. Vi meddelar om \u00e4ndringar genom att uppdatera datumet f\u00f6r villkorens ikrafttr\u00e4dande. Du \u00e4r skyldig att d\u00e5 och d\u00e5 kontrollera villkoren f\u00f6r att h\u00e5llas medveten om dina r\u00e4ttigheter och skyldigheter.<\/p><p>Du anses ha f\u00e5tt vetskap om \u00e4ndringar i villkoren och ha accepterat \u00e4ndringarna som bindande f\u00f6r dig om du forts\u00e4tter att anv\u00e4nda tj\u00e4nsten p\u00e5 eller efter ikrafttr\u00e4dandedatumet.<\/p>\t\t\t\t\t\t\t\t<\/div>\n\t\t\t\t<\/div>\n\t\t\t\t\t<\/div>\n\t\t<\/div>\n\t\t\t\t\t<\/div>\n\t\t<\/section>\n\t\t\t\t\t<\/div>\n\t\t<\/div>\n\t\t\t\t\t<\/div>\n\t\t<\/section>\n\t\t\t\t<\/div>\n\t\t","protected":false},"excerpt":{"rendered":"<p>TJ\u00c4NSTEVILLKOR &#8211; KAMRATST\u00d6DSAPPEN TOIVO Datum f\u00f6r ikrafttr\u00e4dande: Fr\u00e5n och med 10.04.2025. Dessa leveransvillkor f\u00f6r tj\u00e4nsten (&#8221;villkor&#8221;) utg\u00f6r ett bindande avtal mellan dig och\/eller den gemenskap du representerar (&#8221;du&#8221;, &#8221;anv\u00e4ndare&#8221;) och HyTe ry, Y:1953125-8, (&#8221;vi&#8221;, &#8221;tj\u00e4nsteleverant\u00f6r&#8221;) ang\u00e5ende din r\u00e4tt att anv\u00e4nda mobilapplikationen Toivo (&#8221;tj\u00e4nsten&#8221;) och relaterade webbplatser som tillhandah\u00e5lls av oss. Avtalet mellan dig och oss &#8230; <a title=\"Tj\u00e4nstevillkor &#8211; Kamratst\u00f6dsappen Toivo\" class=\"read-more\" href=\"https:\/\/olkatoiminta.fi\/sv\/kamratstodsappen-toivo\/tjanstevillkor-kamratstodsappen-toivo\/\" aria-label=\"L\u00e4s mer om Tj\u00e4nstevillkor &#8211; Kamratst\u00f6dsappen Toivo\">L\u00e4s mer<\/a><\/p>\n","protected":false},"author":13,"featured_media":2130,"parent":6108,"menu_order":99,"comment_status":"closed","ping_status":"closed","template":"","meta":{"_acf_changed":false,"footnotes":""},"class_list":["post-6390","page","type-page","status-publish","has-post-thumbnail"],"acf":[],"_links":{"self":[{"href":"https:\/\/olkatoiminta.fi\/sv\/wp-json\/wp\/v2\/pages\/6390","targetHints":{"allow":["GET"]}}],"collection":[{"href":"https:\/\/olkatoiminta.fi\/sv\/wp-json\/wp\/v2\/pages"}],"about":[{"href":"https:\/\/olkatoiminta.fi\/sv\/wp-json\/wp\/v2\/types\/page"}],"author":[{"embeddable":true,"href":"https:\/\/olkatoiminta.fi\/sv\/wp-json\/wp\/v2\/users\/13"}],"replies":[{"embeddable":true,"href":"https:\/\/olkatoiminta.fi\/sv\/wp-json\/wp\/v2\/comments?post=6390"}],"version-history":[{"count":7,"href":"https:\/\/olkatoiminta.fi\/sv\/wp-json\/wp\/v2\/pages\/6390\/revisions"}],"predecessor-version":[{"id":7928,"href":"https:\/\/olkatoiminta.fi\/sv\/wp-json\/wp\/v2\/pages\/6390\/revisions\/7928"}],"up":[{"embeddable":true,"href":"https:\/\/olkatoiminta.fi\/sv\/wp-json\/wp\/v2\/pages\/6108"}],"wp:featuredmedia":[{"embeddable":true,"href":"https:\/\/olkatoiminta.fi\/sv\/wp-json\/wp\/v2\/media\/2130"}],"wp:attachment":[{"href":"https:\/\/olkatoiminta.fi\/sv\/wp-json\/wp\/v2\/media?parent=6390"}],"curies":[{"name":"wp","href":"https:\/\/api.w.org\/{rel}","templated":true}]}}