{"id":6333,"date":"2024-10-16T12:54:27","date_gmt":"2024-10-16T09:54:27","guid":{"rendered":"https:\/\/olkatoiminta.fi\/?page_id=6333"},"modified":"2024-10-23T10:50:08","modified_gmt":"2024-10-23T07:50:08","slug":"tillganglighet","status":"publish","type":"page","link":"https:\/\/olkatoiminta.fi\/sv\/kamratstodsappen-toivo\/tillganglighet\/","title":{"rendered":"Tillg\u00e4nglighet"},"content":{"rendered":"\t\t<div data-elementor-type=\"wp-page\" data-elementor-id=\"6333\" class=\"elementor elementor-6333 elementor-3548\" data-elementor-post-type=\"page\">\n\t\t\t\t\t\t<section class=\"elementor-section elementor-top-section elementor-element elementor-element-f8e51cc elementor-section-boxed elementor-section-height-default elementor-section-height-default\" data-id=\"f8e51cc\" data-element_type=\"section\" data-e-type=\"section\">\n\t\t\t\t\t\t<div class=\"elementor-container elementor-column-gap-no\">\n\t\t\t\t\t<div class=\"elementor-column elementor-col-100 elementor-top-column elementor-element elementor-element-758675f\" data-id=\"758675f\" data-element_type=\"column\" data-e-type=\"column\">\n\t\t\t<div class=\"elementor-widget-wrap elementor-element-populated\">\n\t\t\t\t\t\t<section class=\"elementor-section elementor-inner-section elementor-element elementor-element-5b82ed0 elementor-section-content-middle elementor-section-boxed elementor-section-height-default elementor-section-height-default\" data-id=\"5b82ed0\" data-element_type=\"section\" data-e-type=\"section\" data-settings=\"{&quot;background_background&quot;:&quot;classic&quot;}\">\n\t\t\t\t\t\t<div class=\"elementor-container elementor-column-gap-default\">\n\t\t\t\t\t<div class=\"elementor-column elementor-col-100 elementor-inner-column elementor-element elementor-element-d3dbf8c\" data-id=\"d3dbf8c\" data-element_type=\"column\" data-e-type=\"column\">\n\t\t\t<div class=\"elementor-widget-wrap elementor-element-populated\">\n\t\t\t\t\t\t<div class=\"elementor-element elementor-element-5232829 elementor-widget elementor-widget-text-editor\" data-id=\"5232829\" data-element_type=\"widget\" data-e-type=\"widget\" data-widget_type=\"text-editor.default\">\n\t\t\t\t<div class=\"elementor-widget-container\">\n\t\t\t\t\t\t\t\t\t<p>Detta tillg\u00e4nglighetsutl\u00e5tande g\u00e4ller f\u00f6r tj\u00e4nsten https:\/\/toivosovellus.fi och har uppdaterats den 11.10.2022.<br \/>Tj\u00e4nstens tillg\u00e4nglighet har utv\u00e4rderats av webbplatsens leverant\u00f6r.<\/p><h2>Status f\u00f6r tillg\u00e4nglighet i den digitala tj\u00e4nsten<\/h2><p>Uppfyller delvis tillg\u00e4nglighetskraven.<br \/>Pdf-bilagorna uppfyller inte kraven.<\/p><h2>Har du uppt\u00e4ckt n\u00e5gon brist i tillg\u00e4nglighet p\u00e5 webbplatsen?<\/h2><p>Ber\u00e4tta det f\u00f6r oss s\u00e5 g\u00f6r vi v\u00e5rt b\u00e4sta f\u00f6r att \u00e5tg\u00e4rda denna brist Skicka ett meddelande till <a href=\"mailto:info@olkatoiminta.fi\">info@olkatoiminta.fi<\/a><\/p><h2>Tillsynsmyndighet<\/h2><p>Om du uppt\u00e4cker tillg\u00e4nglighetsproblem p\u00e5 webbplatsen, ge f\u00f6rst respons till oss, dvs. webbplatsens administrat\u00f6r. Det kan ta 14 dagar f\u00f6r att f\u00e5 svar. Om du inte \u00e4r n\u00f6jd med svaret eller du inte f\u00e5r ett svar inom tv\u00e5 veckor, kan du g\u00f6ra en anm\u00e4lan till S\u00f6dra Finlands regionalf\u00f6rvaltningsverk. P\u00e5 S\u00f6dra Finlands regionf\u00f6rvaltningsverks webbplats anges i detalj hur anm\u00e4lan kan g\u00f6ras och hur \u00e4rendet behandlas.<\/p><h2>Tillsynsmyndighetens kontaktuppgifter<\/h2><p><strong>Regionf\u00f6rvaltningsverket i S\u00f6dra Finland<\/strong><br \/>Enheten f\u00f6r tillg\u00e4nglighetstillsyn<br \/><a href=\"mailto:saavutettavuus@avi.fi\">saavutettavuus@avi.fi<\/a><br \/>Telefonnummer v\u00e4xel\u00a0 <a href=\"tel:+358295016000\">0295 016 000<\/a><\/p><h2>Vi arbetar st\u00e4ndigt med att f\u00f6rb\u00e4ttra tillg\u00e4ngligheten<\/h2><p>Vi str\u00e4var efter att f\u00f6rb\u00e4ttra tillg\u00e4ngligheten i v\u00e5ra digitala tj\u00e4nster.<br \/>P\u00e5 den h\u00e4r webbplatsen har man tagit h\u00e4nsyn till tillg\u00e4nglighet vad g\u00e4ller navigering, kontrast, l\u00e4sbarhet och tydlighet.<br \/>Bilderna p\u00e5 webbplatsen har alternativa texter.<\/p><p>Denna webbplats\/app publicerades den<br \/>10.10.2022<\/p>\t\t\t\t\t\t\t\t<\/div>\n\t\t\t\t<\/div>\n\t\t\t\t\t<\/div>\n\t\t<\/div>\n\t\t\t\t\t<\/div>\n\t\t<\/section>\n\t\t\t\t\t<\/div>\n\t\t<\/div>\n\t\t\t\t\t<\/div>\n\t\t<\/section>\n\t\t\t\t<\/div>\n\t\t","protected":false},"excerpt":{"rendered":"<p>Detta tillg\u00e4nglighetsutl\u00e5tande g\u00e4ller f\u00f6r tj\u00e4nsten https:\/\/toivosovellus.fi och har uppdaterats den 11.10.2022.Tj\u00e4nstens tillg\u00e4nglighet har utv\u00e4rderats av webbplatsens leverant\u00f6r. Status f\u00f6r tillg\u00e4nglighet i den digitala tj\u00e4nsten Uppfyller delvis tillg\u00e4nglighetskraven.Pdf-bilagorna uppfyller inte kraven. Har du uppt\u00e4ckt n\u00e5gon brist i tillg\u00e4nglighet p\u00e5 webbplatsen? Ber\u00e4tta det f\u00f6r oss s\u00e5 g\u00f6r vi v\u00e5rt b\u00e4sta f\u00f6r att \u00e5tg\u00e4rda denna brist Skicka ett &#8230; <a title=\"Tillg\u00e4nglighet\" class=\"read-more\" href=\"https:\/\/olkatoiminta.fi\/sv\/kamratstodsappen-toivo\/tillganglighet\/\" aria-label=\"L\u00e4s mer om Tillg\u00e4nglighet\">L\u00e4s mer<\/a><\/p>\n","protected":false},"author":13,"featured_media":2130,"parent":6108,"menu_order":99,"comment_status":"closed","ping_status":"closed","template":"","meta":{"_acf_changed":false,"footnotes":""},"class_list":["post-6333","page","type-page","status-publish","has-post-thumbnail"],"acf":[],"_links":{"self":[{"href":"https:\/\/olkatoiminta.fi\/sv\/wp-json\/wp\/v2\/pages\/6333","targetHints":{"allow":["GET"]}}],"collection":[{"href":"https:\/\/olkatoiminta.fi\/sv\/wp-json\/wp\/v2\/pages"}],"about":[{"href":"https:\/\/olkatoiminta.fi\/sv\/wp-json\/wp\/v2\/types\/page"}],"author":[{"embeddable":true,"href":"https:\/\/olkatoiminta.fi\/sv\/wp-json\/wp\/v2\/users\/13"}],"replies":[{"embeddable":true,"href":"https:\/\/olkatoiminta.fi\/sv\/wp-json\/wp\/v2\/comments?post=6333"}],"version-history":[{"count":4,"href":"https:\/\/olkatoiminta.fi\/sv\/wp-json\/wp\/v2\/pages\/6333\/revisions"}],"predecessor-version":[{"id":6337,"href":"https:\/\/olkatoiminta.fi\/sv\/wp-json\/wp\/v2\/pages\/6333\/revisions\/6337"}],"up":[{"embeddable":true,"href":"https:\/\/olkatoiminta.fi\/sv\/wp-json\/wp\/v2\/pages\/6108"}],"wp:featuredmedia":[{"embeddable":true,"href":"https:\/\/olkatoiminta.fi\/sv\/wp-json\/wp\/v2\/media\/2130"}],"wp:attachment":[{"href":"https:\/\/olkatoiminta.fi\/sv\/wp-json\/wp\/v2\/media?parent=6333"}],"curies":[{"name":"wp","href":"https:\/\/api.w.org\/{rel}","templated":true}]}}