{"id":6126,"date":"2024-10-11T10:23:37","date_gmt":"2024-10-11T07:23:37","guid":{"rendered":"https:\/\/olkatoiminta.fi\/?page_id=6126"},"modified":"2026-03-31T16:09:22","modified_gmt":"2026-03-31T13:09:22","slug":"information-om-kamratstodsappen-toivo","status":"publish","type":"page","link":"https:\/\/olkatoiminta.fi\/sv\/kamratstodsappen-toivo\/information-om-kamratstodsappen-toivo\/","title":{"rendered":"Information om kamratst\u00f6dsappen Toivo"},"content":{"rendered":"\t\t<div data-elementor-type=\"wp-page\" data-elementor-id=\"6126\" class=\"elementor elementor-6126 elementor-3306\" data-elementor-post-type=\"page\">\n\t\t\t\t\t\t<section class=\"elementor-section elementor-top-section elementor-element elementor-element-fa3525a elementor-section-height-min-height elementor-section-boxed elementor-section-height-default elementor-section-items-middle\" data-id=\"fa3525a\" data-element_type=\"section\" data-e-type=\"section\" data-settings=\"{&quot;background_background&quot;:&quot;classic&quot;}\">\n\t\t\t\t\t\t\t<div class=\"elementor-background-overlay\"><\/div>\n\t\t\t\t\t\t\t<div class=\"elementor-container elementor-column-gap-default\">\n\t\t\t\t\t<div class=\"elementor-column elementor-col-50 elementor-top-column elementor-element elementor-element-31ba70b\" data-id=\"31ba70b\" data-element_type=\"column\" data-e-type=\"column\">\n\t\t\t<div class=\"elementor-widget-wrap elementor-element-populated\">\n\t\t\t\t\t\t<div class=\"elementor-element elementor-element-ded4c08 elementor-widget elementor-widget-image\" data-id=\"ded4c08\" data-element_type=\"widget\" data-e-type=\"widget\" data-widget_type=\"image.default\">\n\t\t\t\t<div class=\"elementor-widget-container\">\n\t\t\t\t\t\t\t\t\t\t\t\t\t\t\t<img fetchpriority=\"high\" decoding=\"async\" width=\"600\" height=\"400\" src=\"https:\/\/olkatoiminta.fi\/wp-content\/uploads\/toivo-verkossa-syksy-2021.jpg\" class=\"attachment-large size-large wp-image-6372\" alt=\"P\u00e5 bordet st\u00e5r en b\u00e4rbar dator som tre personer lutar sig \u00f6ver.\" \/>\t\t\t\t\t\t\t\t\t\t\t\t\t\t\t<\/div>\n\t\t\t\t<\/div>\n\t\t\t\t\t<\/div>\n\t\t<\/div>\n\t\t\t\t<div class=\"elementor-column elementor-col-50 elementor-top-column elementor-element elementor-element-b20eed8\" data-id=\"b20eed8\" data-element_type=\"column\" data-e-type=\"column\" data-settings=\"{&quot;background_background&quot;:&quot;classic&quot;}\">\n\t\t\t<div class=\"elementor-widget-wrap elementor-element-populated\">\n\t\t\t\t\t\t<div class=\"elementor-element elementor-element-41e6711 elementor-widget elementor-widget-text-editor\" data-id=\"41e6711\" data-element_type=\"widget\" data-e-type=\"widget\" data-widget_type=\"text-editor.default\">\n\t\t\t\t<div class=\"elementor-widget-container\">\n\t\t\t\t\t\t\t\t\t<h2>Varf\u00f6r Toivo?<\/h2><p>Id\u00e9n om en kamratst\u00f6dsapp uppstod n\u00e4r man m\u00e4rkte att det kamratst\u00f6d som OLKA-verksamheten anordnade inom den specialiserade sjukv\u00e5rden inte n\u00e5dde fram till alla som beh\u00f6vde st\u00f6d. Toivo-appen \u00e4r inte beroende av en specifik tid eller plats, s\u00e5 genom kamratst\u00f6det som finns tillg\u00e4ngligt via appen kan man f\u00e5 st\u00f6d i r\u00e4tt tid i olika stadier av v\u00e5rdv\u00e4gen, som en del av \u00e5terh\u00e4mtningens livscykel.<\/p><p>Toivo-appen erbjuder organisationer en ny typ av verksamhetsmilj\u00f6. Appen \u00e4r en gemensam plattform f\u00f6r olika organisationer d\u00e4r b\u00e5de st\u00f6rre f\u00f6rbund och helt ideella lokalf\u00f6reningar kan arbeta tillsammans. Avsikten \u00e4r dock inte att ers\u00e4tta verksamheten som sker ansikte mot ansikte, utan att applikationen ska komplettera de befintliga kamratst\u00f6dsformerna.<\/p>\t\t\t\t\t\t\t\t<\/div>\n\t\t\t\t<\/div>\n\t\t\t\t\t<\/div>\n\t\t<\/div>\n\t\t\t\t\t<\/div>\n\t\t<\/section>\n\t\t\t\t<section class=\"elementor-section elementor-top-section elementor-element elementor-element-ff0aaa1 elementor-reverse-tablet elementor-reverse-mobile elementor-section-height-min-height elementor-section-boxed elementor-section-height-default elementor-section-items-middle\" data-id=\"ff0aaa1\" data-element_type=\"section\" data-e-type=\"section\" data-settings=\"{&quot;background_background&quot;:&quot;classic&quot;}\">\n\t\t\t\t\t\t\t<div class=\"elementor-background-overlay\"><\/div>\n\t\t\t\t\t\t\t<div class=\"elementor-container elementor-column-gap-default\">\n\t\t\t\t\t<div class=\"elementor-column elementor-col-50 elementor-top-column elementor-element elementor-element-a449b1b\" data-id=\"a449b1b\" data-element_type=\"column\" data-e-type=\"column\" data-settings=\"{&quot;background_background&quot;:&quot;classic&quot;}\">\n\t\t\t<div class=\"elementor-widget-wrap elementor-element-populated\">\n\t\t\t\t\t\t<div class=\"elementor-element elementor-element-91679d0 elementor-widget elementor-widget-text-editor\" data-id=\"91679d0\" data-element_type=\"widget\" data-e-type=\"widget\" data-widget_type=\"text-editor.default\">\n\t\t\t\t<div class=\"elementor-widget-container\">\n\t\t\t\t\t\t\t\t\t<h2>Vad g\u00f6r man i appen?<\/h2><p>Toivo-appen g\u00f6r det m\u00f6jligt att f\u00e5 kamratst\u00f6d p\u00e5 tu man hand utan att man beh\u00f6ver ange kontaktuppgifter. Kommunikationen sker via privata meddelanden i appen.<\/p><p>Kamratst\u00f6det i appen \u00e4r inte kopplat till en enskild sjukdom eller skada, utan st\u00f6d kan s\u00f6kas med olika bakgrund. Kamratst\u00f6djarna i Toivo-applikationen \u00e4r p\u00e5litliga, utbildade och bundna till tystnadsplikt \u00e4ven efter att de slutat fungera som kamratst\u00f6djare.<\/p><p>Appen erbjuder \u00e4ven information om organisationer som erbjuder kamratst\u00f6d och om evenemang som de anordnar, s\u00e5 den som anv\u00e4nder appen beh\u00f6ver inte i f\u00f6rv\u00e4g veta vilken organisation den skulle kunna f\u00e5 kamratst\u00f6d fr\u00e5n. M\u00e5let \u00e4r att s\u00e5 m\u00e5nga som m\u00f6jligt som beh\u00f6ver kamratst\u00f6d ska hitta en verksamhet som passar just dem.<\/p>\t\t\t\t\t\t\t\t<\/div>\n\t\t\t\t<\/div>\n\t\t\t\t\t<\/div>\n\t\t<\/div>\n\t\t\t\t<div class=\"elementor-column elementor-col-50 elementor-top-column elementor-element elementor-element-ea09d9a\" data-id=\"ea09d9a\" data-element_type=\"column\" data-e-type=\"column\">\n\t\t\t<div class=\"elementor-widget-wrap elementor-element-populated\">\n\t\t\t\t\t\t<div class=\"elementor-element elementor-element-a8851f7 elementor-widget elementor-widget-image\" data-id=\"a8851f7\" data-element_type=\"widget\" data-e-type=\"widget\" data-widget_type=\"image.default\">\n\t\t\t\t<div class=\"elementor-widget-container\">\n\t\t\t\t\t\t\t\t\t\t\t\t\t\t\t<img decoding=\"async\" width=\"1296\" height=\"864\" src=\"https:\/\/olkatoiminta.fi\/wp-content\/uploads\/remson-pellisserry-Qjpgg-Awmo-unsplash1.jpg\" class=\"attachment-large size-large wp-image-6375\" alt=\"Sm\u00e5, lila blommor som v\u00e4xer t\u00e4tt p\u00e5 en \u00e4ng.\" srcset=\"https:\/\/olkatoiminta.fi\/wp-content\/uploads\/remson-pellisserry-Qjpgg-Awmo-unsplash1.jpg 1296w, https:\/\/olkatoiminta.fi\/wp-content\/uploads\/remson-pellisserry-Qjpgg-Awmo-unsplash1-768x512.jpg 768w\" sizes=\"(max-width: 1296px) 100vw, 1296px\" \/>\t\t\t\t\t\t\t\t\t\t\t\t\t\t\t<\/div>\n\t\t\t\t<\/div>\n\t\t\t\t\t<\/div>\n\t\t<\/div>\n\t\t\t\t\t<\/div>\n\t\t<\/section>\n\t\t\t\t<section class=\"elementor-section elementor-top-section elementor-element elementor-element-1434233 elementor-section-height-min-height elementor-section-boxed elementor-section-height-default elementor-section-items-middle\" data-id=\"1434233\" data-element_type=\"section\" data-e-type=\"section\" data-settings=\"{&quot;background_background&quot;:&quot;classic&quot;}\">\n\t\t\t\t\t\t\t<div class=\"elementor-background-overlay\"><\/div>\n\t\t\t\t\t\t\t<div class=\"elementor-container elementor-column-gap-default\">\n\t\t\t\t\t<div class=\"elementor-column elementor-col-50 elementor-top-column elementor-element elementor-element-8742bbd\" data-id=\"8742bbd\" data-element_type=\"column\" data-e-type=\"column\">\n\t\t\t<div class=\"elementor-widget-wrap elementor-element-populated\">\n\t\t\t\t\t\t<div class=\"elementor-element elementor-element-7e8c6e9 elementor-widget elementor-widget-image\" data-id=\"7e8c6e9\" data-element_type=\"widget\" data-e-type=\"widget\" data-widget_type=\"image.default\">\n\t\t\t\t<div class=\"elementor-widget-container\">\n\t\t\t\t\t\t\t\t\t\t\t\t\t\t\t<img decoding=\"async\" width=\"750\" height=\"500\" src=\"https:\/\/olkatoiminta.fi\/wp-content\/uploads\/marc-olivier-jodoin-TStNU7H4UEE-unsplash1.jpg\" class=\"attachment-large size-large wp-image-5850\" alt=\"\" \/>\t\t\t\t\t\t\t\t\t\t\t\t\t\t\t<\/div>\n\t\t\t\t<\/div>\n\t\t\t\t\t<\/div>\n\t\t<\/div>\n\t\t\t\t<div class=\"elementor-column elementor-col-50 elementor-top-column elementor-element elementor-element-2926a79\" data-id=\"2926a79\" data-element_type=\"column\" data-e-type=\"column\" data-settings=\"{&quot;background_background&quot;:&quot;classic&quot;}\">\n\t\t\t<div class=\"elementor-widget-wrap elementor-element-populated\">\n\t\t\t\t\t\t<div class=\"elementor-element elementor-element-5112c26 elementor-widget elementor-widget-text-editor\" data-id=\"5112c26\" data-element_type=\"widget\" data-e-type=\"widget\" data-widget_type=\"text-editor.default\">\n\t\t\t\t<div class=\"elementor-widget-container\">\n\t\t\t\t\t\t\t\t\t<h2>Vem underh\u00e5ller appen?<\/h2><p>Appen Toivo har utvecklats i ett samarbete mellan OLKA-verksamheten, <a href=\"https:\/\/www.hus.fi\/sv\" target=\"_blank\" rel=\"noopener\">HUS<\/a> och <a href=\"https:\/\/hyte.fi\/\" target=\"_blank\" rel=\"noopener\">HyTe ry<\/a>. OLKA-verksamheten i huvudstadsregionen ansvarar f\u00f6r kostnaderna och koordinerandet av plattformens underh\u00e5ll liksom f\u00f6r integreringen av nya organisationer och att introducera volont\u00e4rer. Appens funktioner utvecklas i samarbete med de deltagande organisationerna.<\/p><p>F\u00f6retaget som utvecklar appen \u00e4r <a href=\"https:\/\/mesensei.com\/\" target=\"_blank\" rel=\"noopener\">Mesensei Oy<\/a>, ett finsk\u00e4gt teknikf\u00f6retag.<\/p>\t\t\t\t\t\t\t\t<\/div>\n\t\t\t\t<\/div>\n\t\t\t\t\t<\/div>\n\t\t<\/div>\n\t\t\t\t\t<\/div>\n\t\t<\/section>\n\t\t\t\t<section class=\"elementor-section elementor-top-section elementor-element elementor-element-2c63cfe elementor-reverse-tablet elementor-reverse-mobile elementor-section-height-min-height elementor-section-boxed elementor-section-height-default elementor-section-items-middle\" data-id=\"2c63cfe\" data-element_type=\"section\" data-e-type=\"section\" data-settings=\"{&quot;background_background&quot;:&quot;classic&quot;}\">\n\t\t\t\t\t\t\t<div class=\"elementor-background-overlay\"><\/div>\n\t\t\t\t\t\t\t<div class=\"elementor-container elementor-column-gap-default\">\n\t\t\t\t\t<div class=\"elementor-column elementor-col-100 elementor-top-column elementor-element elementor-element-1a9e033\" data-id=\"1a9e033\" data-element_type=\"column\" data-e-type=\"column\" data-settings=\"{&quot;background_background&quot;:&quot;classic&quot;}\">\n\t\t\t<div class=\"elementor-widget-wrap elementor-element-populated\">\n\t\t\t\t\t\t<div class=\"elementor-element elementor-element-1515927 elementor-widget elementor-widget-heading\" data-id=\"1515927\" data-element_type=\"widget\" data-e-type=\"widget\" data-widget_type=\"heading.default\">\n\t\t\t\t<div class=\"elementor-widget-container\">\n\t\t\t\t\t<h2 class=\"elementor-heading-title elementor-size-default\">Dessa \u00e4r med i Toivo<\/h2>\t\t\t\t<\/div>\n\t\t\t\t<\/div>\n\t\t\t\t<div class=\"elementor-element elementor-element-f13d3ca elementor-widget elementor-widget-text-editor\" data-id=\"f13d3ca\" data-element_type=\"widget\" data-e-type=\"widget\" data-widget_type=\"text-editor.default\">\n\t\t\t\t<div class=\"elementor-widget-container\">\n\t\t\t\t\t\t\t\t\t<ul><li><a href=\"https:\/\/22q11finland.fi\/\" target=\"_blank\" rel=\"noopener\">22q11 Finland ry<\/a><\/li><li><a href=\"https:\/\/adhd-liitto.fi\/\" target=\"_blank\" rel=\"noopener\">ADHD-liitto ry \u2013 ADHD-f\u00f6rbundet rf<\/a><\/li><li><a href=\"https:\/\/aivovammaliitto.fi\/\" target=\"_blank\" rel=\"noopener\">Aivovammaliitto<\/a><\/li><li><a href=\"https:\/\/aivoyhdistys.wordpress.com\/\" target=\"_blank\" rel=\"noopener\">Aivoyhdistys Keski-Suomi<\/a><\/li><li><a href=\"https:\/\/www.al-anon.fi\/\" target=\"_blank\" rel=\"noopener\">Al-Anon Suomi<\/a><\/li><li><a href=\"https:\/\/autismiliitto.fi\/\" target=\"_blank\" rel=\"noopener\">Autismiliitto ry<\/a><\/li><li><a href=\"https:\/\/www.colores.fi\/\" target=\"_blank\" rel=\"noopener\">Colores \u2013 Suomen Suolistosy\u00f6p\u00e4yhdistys ry<\/a><\/li><li><a href=\"https:\/\/www.diabetes.fi\/\" target=\"_blank\" rel=\"noopener\">Diabetesliitto ry<\/a><\/li><li><a href=\"https:\/\/www.epilepsia.fi\/\" target=\"_blank\" rel=\"noopener\">Epilepsialiitto<\/a><\/li><li><a href=\"https:\/\/www.etelapohjanmaandiabetes.fi\/\" target=\"_blank\" rel=\"noopener\">Etel\u00e4-Pohjanmaan Diabetes ry<\/a><\/li><li><a href=\"https:\/\/www.etela-suomensyopayhdistys.fi\/\" target=\"_blank\" rel=\"noopener\">Etel\u00e4-Suomen Sy\u00f6p\u00e4yhdistys ry<\/a><\/li><li><a href=\"https:\/\/etelansyli.fi\/\" target=\"_blank\" rel=\"noopener\">Etel\u00e4n-SYLI ry<\/a><\/li><li><a href=\"https:\/\/www.filha.fi\/\" target=\"_blank\" rel=\"noopener\">Filha ry<\/a><\/li><li><a href=\"https:\/\/www.finfamiuusimaa.fi\/\" target=\"_blank\" rel=\"noopener\">FinFami Uusimaa ry<\/a><\/li><li><a href=\"https:\/\/www.finnilco.fi\/\" target=\"_blank\" rel=\"noopener\">Finnilco ry<\/a><\/li><li><a href=\"https:\/\/korento.fi\/\" target=\"_blank\" rel=\"noopener\">Gynekologinen potilasj\u00e4rjest\u00f6 Korento ry<\/a><\/li><li><a href=\"https:\/\/harso.fi\/\" target=\"_blank\" rel=\"noopener\">HARSO ry<\/a><\/li><li><a href=\"https:\/\/www.allergiahelsinki.fi\/\" target=\"_blank\" rel=\"noopener\">Helsingin Allergia- ja Astmayhdistys ry<\/a><\/li><li><a href=\"https:\/\/heta-liitto.fi\/\" target=\"_blank\" rel=\"noopener\">Henkil\u00f6kohtaisten avustajien ty\u00f6nantajien liitto ry<\/a><\/li><li><a href=\"https:\/\/www.huimausjameniereliitto.fi\/\" target=\"_blank\" rel=\"noopener\">Huimaus- ja Meniere-liitto ry<\/a><\/li><li><a href=\"https:\/\/www.hyvanmielentalo.fi\/\" target=\"_blank\" rel=\"noopener\">Hyv\u00e4n mielen talo ry<\/a><\/li><li><a href=\"https:\/\/www.invalidiliitto.fi\/\" target=\"_blank\" rel=\"noopener\">Invalidiliitto ry<\/a><\/li><li><a href=\"https:\/\/irtihuumeista.fi\/\" target=\"_blank\" rel=\"noopener\">Irti Huumeista ry<\/a><\/li><li><a href=\"https:\/\/kaksisuuntaiset.yhdistysavain.fi\/\" target=\"_blank\" rel=\"noopener\">Kaksisuuntaiset ry<\/a><\/li><li><a href=\"https:\/\/www.keliakialiitto.fi\/\" target=\"_blank\" rel=\"noopener\">Keliakialiitto<\/a><\/li><li><a href=\"https:\/\/kevyt.net\/\" target=\"_blank\" rel=\"noopener\">Keskosperheiden yhdistys Kevyt ry<\/a><\/li><li><a href=\"https:\/\/kilpirauhasliitto.fi\/\" target=\"_blank\" rel=\"noopener\">Kilpirauhasliitto<\/a><\/li><li><a role=\"link\" href=\"https:\/\/www.kokemusasiantuntijat.fi\/\" target=\"_blank\" rel=\"noopener\">KoKoA \u2013 Koulutetut Kokemusasiantuntijat ry<\/a><\/li><li><a href=\"https:\/\/www.kuuloliitto.fi\/\" target=\"_blank\" rel=\"noopener\">Kuuloliitto<\/a><\/li><li><a href=\"https:\/\/leijonaemot.fi\/\" target=\"_blank\" rel=\"noopener\">Leijonaemot ry<\/a><\/li><li><a href=\"https:\/\/lihastautiliitto.fi\/\" target=\"_blank\" rel=\"noopener\">Lihastautiliitto ry<\/a><\/li><li><a href=\"https:\/\/www.liikehairio.fi\/\" target=\"_blank\" rel=\"noopener\">Liikeh\u00e4iri\u00f6sairauksien liitto ry<\/a><\/li><li><a href=\"https:\/\/www.lsly.fi\/\" target=\"_blank\" rel=\"noopener\">Lounais-Suomen Lihastautiyhdistys ry<\/a><\/li><li><a href=\"https:\/\/www.lounais-suomensyopayhdistys.fi\/\" target=\"_blank\" rel=\"noopener\">Lounais-Suomen Sy\u00f6p\u00e4yhdistys<\/a><\/li><li><a href=\"https:\/\/www.lupalapsuuteen.fi\/\" target=\"_blank\" rel=\"noopener\">Lupa Lapsuuteen ry<\/a><\/li><li><a href=\"https:\/\/www.lyhytkasvuiset.fi\/\" target=\"_blank\" rel=\"noopener\">Lyhytkasvuiset ry &#8211; Kortv\u00e4xta rf<\/a><\/li><li><a href=\"https:\/\/finfami.fi\/\" target=\"_blank\" rel=\"noopener\">Mielenterveysomaisten keskusliitto \u2013 FinFami ry<\/a><\/li><li><a href=\"https:\/\/mielimaastary.fi\/\" target=\"_blank\" rel=\"noopener\">Mieli Maasta ry<\/a><\/li><li><a href=\"https:\/\/www.muma.fi\/\" target=\"_blank\" rel=\"noopener\">Munuais- ja maksaliitto<\/a><\/li><li><a href=\"https:\/\/neuroliitto.fi\/\" target=\"_blank\" rel=\"noopener\">Neuroliitto<\/a><\/li><li><a href=\"https:\/\/www.pohjanmaansyopayhdistys.fi\/\" target=\"_blank\" rel=\"noopener\">Pohjanmaan Sy\u00f6p\u00e4yhdistys ry \u2013 \u00d6sterbottens Cancerf\u00f6rening Rf<\/a><\/li><li><a href=\"https:\/\/www.pohjois-savonsyopayhdistys.fi\/\" target=\"_blank\" rel=\"noopener\">Pohjois-Savon Sy\u00f6p\u00e4yhdistys ry<\/a><\/li><li><a href=\"https:\/\/propo.fi\/\" target=\"_blank\" rel=\"noopener\">PROPO Suomen eturauhassy\u00f6p\u00e4yhdistys ry<\/a><\/li><li><a href=\"https:\/\/psori.fi\/\" target=\"_blank\" rel=\"noopener\">Psoriasisliitto ry<\/a><\/li><li><a href=\"http:\/\/www.selkayhdistykset.fi\/\" target=\"_blank\" rel=\"noopener\">P\u00e4\u00e4kaupunkiseudun Selk\u00e4yhdistykset<\/a><\/li><li><a href=\"https:\/\/www.europadonna.fi\/\" target=\"_blank\" rel=\"noopener\">Rintasy\u00f6p\u00e4yhdistys \u2013 Europa Donna Finland ry<\/a><\/li><li><a href=\"https:\/\/www.rusettiry.fi\/\" target=\"_blank\" rel=\"noopener\">Rusetti ry<\/a><\/li><li><a href=\"https:\/\/www.satakunnansyopayhdistys.fi\/\" target=\"_blank\" rel=\"noopener\">Satakunnan Sy\u00f6p\u00e4yhdistys ry<\/a><\/li><li><a href=\"https:\/\/selkakanava.fi\/\" target=\"_blank\" rel=\"noopener\">Selk\u00e4liitto<\/a><\/li><li><a href=\"https:\/\/www.aksonry.fi\/etusivu.html\" target=\"_blank\" rel=\"noopener\">Selk\u00e4ydinvammaiset Akson ry<\/a><\/li><li>Sepsis ry<\/li><li><a href=\"https:\/\/ibd.fi\/\" target=\"_blank\" rel=\"noopener\">Suolistosairaudet ry<\/a><\/li><li><a href=\"https:\/\/suomencovidyhdistys.fi\/\" target=\"_blank\" rel=\"noopener\">Suomen Covid -yhdistys ry<\/a><\/li><li><a href=\"https:\/\/cp-liitto.fi\/\" target=\"_blank\" rel=\"noopener\">Suomen CP-liitto ry<\/a><\/li><li><a href=\"https:\/\/www.ehlers-danlos.fi\/\" target=\"_blank\" rel=\"noopener\">Suomen Ehlers-Danlos -yhdistys ry<\/a><\/li><li><a href=\"https:\/\/hht-osler.fi\/\" target=\"_blank\" rel=\"noopener\">Suomen HHT\/Osler-yhdistys ry<\/a><\/li><li><a href=\"https:\/\/www.hortonyhdistys.fi\/\" target=\"_blank\" rel=\"noopener\">Suomen Horton-yhdistys ry<\/a><\/li><li><a href=\"https:\/\/www.suomenkipu.fi\/\" target=\"_blank\" rel=\"noopener\">Suomen Kipu ry<\/a><\/li><li><a href=\"https:\/\/luustoliitto.fi\/\" target=\"_blank\" rel=\"noopener\">Suomen Luustoliitto ry<\/a><\/li><li><a href=\"https:\/\/www.smey.fi\/\" target=\"_blank\" rel=\"noopener\">Suomen ME\/CFS-yhdistys ry<\/a><\/li><li><a href=\"https:\/\/migreeni.org\/\" target=\"_blank\" rel=\"noopener\">Suomen Migreeniyhdistys ry<\/a><\/li><li><a href=\"https:\/\/nivel.fi\/\" target=\"_blank\" rel=\"noopener\">Suomen Nivelyhdistys ry<\/a><\/li><li><a href=\"https:\/\/sydan.fi\/\" target=\"_blank\" rel=\"noopener\">Suomen Syd\u00e4nliitto ry<\/a><\/li><li><a href=\"https:\/\/www.syopapotilaat.fi\/\" target=\"_blank\" rel=\"noopener\">Suomen Sy\u00f6p\u00e4potilaat ry<\/a><\/li><li><a href=\"https:\/\/sydan.fi\/syke\/\" target=\"_blank\" rel=\"noopener\">Syd\u00e4n- ja keuhkosiirrokkaat Syke ry<\/a><\/li><li><a href=\"https:\/\/sydanlapsetjaaikuiset.fi\/\" target=\"_blank\" rel=\"noopener\">Syd\u00e4nlapset ja -aikuiset ry<\/a><\/li><li><a href=\"https:\/\/www.sylva.fi\/\" target=\"_blank\" rel=\"noopener\">Sylva ry<\/a><\/li><li><a href=\"https:\/\/syomishairioliitto.fi\/\" target=\"_blank\" rel=\"noopener\">Sy\u00f6mish\u00e4iri\u00f6liitto \u2013\u00a0SYLI ry<\/a><\/li><li><a href=\"https:\/\/www.syopajarjestot.fi\/\" target=\"_blank\" rel=\"noopener\">Sy\u00f6p\u00e4j\u00e4rjest\u00f6t<\/a><\/li><li><a href=\"https:\/\/www.lahella.fi\/organisation\/1761839326\" target=\"_blank\" rel=\"noopener\">Vaasan Selk\u00e4yhdistys ry<\/a><\/li><li><a role=\"link\" href=\"https:\/\/aima.fi\/\" target=\"_blank\" rel=\"noopener\">\u00c4idit irti synnytysmasennuksesta \u00c4im\u00e4 ry<\/a><\/li><li><a href=\"https:\/\/youngcancer.fi\/\" target=\"_blank\" rel=\"noopener\">Young Cancer Finland ry<\/a><\/li><\/ul>\t\t\t\t\t\t\t\t<\/div>\n\t\t\t\t<\/div>\n\t\t\t\t\t<\/div>\n\t\t<\/div>\n\t\t\t\t\t<\/div>\n\t\t<\/section>\n\t\t\t\t<section class=\"elementor-section elementor-top-section elementor-element elementor-element-87f9ffe elementor-section-height-min-height elementor-section-boxed elementor-section-height-default elementor-section-items-middle\" data-id=\"87f9ffe\" data-element_type=\"section\" data-e-type=\"section\" data-settings=\"{&quot;background_background&quot;:&quot;classic&quot;}\">\n\t\t\t\t\t\t\t<div class=\"elementor-background-overlay\"><\/div>\n\t\t\t\t\t\t\t<div class=\"elementor-container elementor-column-gap-default\">\n\t\t\t\t\t<div class=\"elementor-column elementor-col-100 elementor-top-column elementor-element elementor-element-37b566b\" data-id=\"37b566b\" data-element_type=\"column\" data-e-type=\"column\" data-settings=\"{&quot;background_background&quot;:&quot;classic&quot;}\">\n\t\t\t<div class=\"elementor-widget-wrap elementor-element-populated\">\n\t\t\t\t\t\t<div class=\"elementor-element elementor-element-23cfa48 elementor-widget elementor-widget-text-editor\" data-id=\"23cfa48\" data-element_type=\"widget\" data-e-type=\"widget\" data-widget_type=\"text-editor.default\">\n\t\t\t\t<div class=\"elementor-widget-container\">\n\t\t\t\t\t\t\t\t\t<h2>Kontaktuppgifter<\/h2><p>Presentationer, nya organisationer och kamratst\u00f6djare f\u00f6r applikationen samt trycksaksbest\u00e4llningar: <a href=\"mailto:toivo@olkatoiminta.fi\">toivo@olkatoiminta.fi<\/a>.<\/p><p>Media: Kaisa Kauhanen, chef f\u00f6r OLKA-verksamheten, <a href=\"mailto:kaisa.kauhanen@hyte.fi\">kaisa.kauhanen@hyte.fi<\/a>, tfn <a href=\"tel:+358503827711\">050 382 7711<\/a>.<\/p>\t\t\t\t\t\t\t\t<\/div>\n\t\t\t\t<\/div>\n\t\t\t\t\t<\/div>\n\t\t<\/div>\n\t\t\t\t\t<\/div>\n\t\t<\/section>\n\t\t\t\t<section class=\"elementor-section elementor-top-section elementor-element elementor-element-7c26739 elementor-section-stretched elementor-section-boxed elementor-section-height-default elementor-section-height-default\" data-id=\"7c26739\" data-element_type=\"section\" data-e-type=\"section\" data-settings=\"{&quot;background_background&quot;:&quot;gradient&quot;,&quot;stretch_section&quot;:&quot;section-stretched&quot;}\">\n\t\t\t\t\t\t\t<div class=\"elementor-background-overlay\"><\/div>\n\t\t\t\t\t\t\t<div class=\"elementor-container elementor-column-gap-default\">\n\t\t\t\t\t<div class=\"elementor-column elementor-col-100 elementor-top-column elementor-element elementor-element-cfbdf38\" data-id=\"cfbdf38\" data-element_type=\"column\" data-e-type=\"column\">\n\t\t\t<div class=\"elementor-widget-wrap\">\n\t\t\t\t\t\t\t<\/div>\n\t\t<\/div>\n\t\t\t\t\t<\/div>\n\t\t<\/section>\n\t\t\t\t<\/div>\n\t\t","protected":false},"excerpt":{"rendered":"<p>Varf\u00f6r Toivo? Id\u00e9n om en kamratst\u00f6dsapp uppstod n\u00e4r man m\u00e4rkte att det kamratst\u00f6d som OLKA-verksamheten anordnade inom den specialiserade sjukv\u00e5rden inte n\u00e5dde fram till alla som beh\u00f6vde st\u00f6d. Toivo-appen \u00e4r inte beroende av en specifik tid eller plats, s\u00e5 genom kamratst\u00f6det som finns tillg\u00e4ngligt via appen kan man f\u00e5 st\u00f6d i r\u00e4tt tid i olika &#8230; <a title=\"Information om kamratst\u00f6dsappen Toivo\" class=\"read-more\" href=\"https:\/\/olkatoiminta.fi\/sv\/kamratstodsappen-toivo\/information-om-kamratstodsappen-toivo\/\" aria-label=\"L\u00e4s mer om Information om kamratst\u00f6dsappen Toivo\">L\u00e4s mer<\/a><\/p>\n","protected":false},"author":13,"featured_media":2090,"parent":6108,"menu_order":5,"comment_status":"closed","ping_status":"closed","template":"","meta":{"_acf_changed":false,"footnotes":""},"class_list":["post-6126","page","type-page","status-publish","has-post-thumbnail"],"acf":[],"_links":{"self":[{"href":"https:\/\/olkatoiminta.fi\/sv\/wp-json\/wp\/v2\/pages\/6126","targetHints":{"allow":["GET"]}}],"collection":[{"href":"https:\/\/olkatoiminta.fi\/sv\/wp-json\/wp\/v2\/pages"}],"about":[{"href":"https:\/\/olkatoiminta.fi\/sv\/wp-json\/wp\/v2\/types\/page"}],"author":[{"embeddable":true,"href":"https:\/\/olkatoiminta.fi\/sv\/wp-json\/wp\/v2\/users\/13"}],"replies":[{"embeddable":true,"href":"https:\/\/olkatoiminta.fi\/sv\/wp-json\/wp\/v2\/comments?post=6126"}],"version-history":[{"count":20,"href":"https:\/\/olkatoiminta.fi\/sv\/wp-json\/wp\/v2\/pages\/6126\/revisions"}],"predecessor-version":[{"id":7965,"href":"https:\/\/olkatoiminta.fi\/sv\/wp-json\/wp\/v2\/pages\/6126\/revisions\/7965"}],"up":[{"embeddable":true,"href":"https:\/\/olkatoiminta.fi\/sv\/wp-json\/wp\/v2\/pages\/6108"}],"wp:featuredmedia":[{"embeddable":true,"href":"https:\/\/olkatoiminta.fi\/sv\/wp-json\/wp\/v2\/media\/2090"}],"wp:attachment":[{"href":"https:\/\/olkatoiminta.fi\/sv\/wp-json\/wp\/v2\/media?parent=6126"}],"curies":[{"name":"wp","href":"https:\/\/api.w.org\/{rel}","templated":true}]}}