{"id":6117,"date":"2024-10-11T10:05:25","date_gmt":"2024-10-11T07:05:25","guid":{"rendered":"https:\/\/olkatoiminta.fi\/?page_id=6117"},"modified":"2026-01-13T14:02:32","modified_gmt":"2026-01-13T12:02:32","slug":"for-media","status":"publish","type":"page","link":"https:\/\/olkatoiminta.fi\/sv\/kamratstodsappen-toivo\/for-media\/","title":{"rendered":"F\u00f6r media"},"content":{"rendered":"\t\t<div data-elementor-type=\"wp-page\" data-elementor-id=\"6117\" class=\"elementor elementor-6117 elementor-3542\" data-elementor-post-type=\"page\">\n\t\t\t\t\t\t<section class=\"elementor-section elementor-top-section elementor-element elementor-element-39d79c9 elementor-section-boxed elementor-section-height-default elementor-section-height-default\" data-id=\"39d79c9\" data-element_type=\"section\" data-e-type=\"section\">\n\t\t\t\t\t\t<div class=\"elementor-container elementor-column-gap-no\">\n\t\t\t\t\t<div class=\"elementor-column elementor-col-100 elementor-top-column elementor-element elementor-element-eab225e\" data-id=\"eab225e\" data-element_type=\"column\" data-e-type=\"column\">\n\t\t\t<div class=\"elementor-widget-wrap elementor-element-populated\">\n\t\t\t\t\t\t<div class=\"elementor-element elementor-element-5229950 elementor-widget elementor-widget-text-editor\" data-id=\"5229950\" data-element_type=\"widget\" data-e-type=\"widget\" data-widget_type=\"text-editor.default\">\n\t\t\t\t<div class=\"elementor-widget-container\">\n\t\t\t\t\t\t\t\t\t<p>Nyheter och artiklar om kamratst\u00f6dsappen Toivo (p\u00e5 finska).<\/p>\t\t\t\t\t\t\t\t<\/div>\n\t\t\t\t<\/div>\n\t\t\t\t\t<\/div>\n\t\t<\/div>\n\t\t\t\t\t<\/div>\n\t\t<\/section>\n\t\t\t\t<section class=\"elementor-section elementor-top-section elementor-element elementor-element-f8e51cc elementor-section-boxed elementor-section-height-default elementor-section-height-default\" data-id=\"f8e51cc\" data-element_type=\"section\" data-e-type=\"section\">\n\t\t\t\t\t\t<div class=\"elementor-container elementor-column-gap-no\">\n\t\t\t\t\t<div class=\"elementor-column elementor-col-33 elementor-top-column elementor-element elementor-element-a164125\" data-id=\"a164125\" data-element_type=\"column\" data-e-type=\"column\">\n\t\t\t<div class=\"elementor-widget-wrap elementor-element-populated\">\n\t\t\t\t\t\t<div class=\"elementor-element elementor-element-34ad2a9 elementor-toc--minimized-on-tablet elementor-widget elementor-widget-table-of-contents\" data-id=\"34ad2a9\" data-element_type=\"widget\" data-e-type=\"widget\" data-settings=\"{&quot;headings_by_tags&quot;:[&quot;h2&quot;],&quot;exclude_headings_by_selector&quot;:[],&quot;marker_view&quot;:&quot;bullets&quot;,&quot;icon&quot;:{&quot;value&quot;:&quot;&quot;,&quot;library&quot;:&quot;&quot;},&quot;no_headings_message&quot;:&quot;No headings were found on this page.&quot;,&quot;minimize_box&quot;:&quot;yes&quot;,&quot;minimized_on&quot;:&quot;tablet&quot;,&quot;hierarchical_view&quot;:&quot;yes&quot;,&quot;min_height&quot;:{&quot;unit&quot;:&quot;px&quot;,&quot;size&quot;:&quot;&quot;,&quot;sizes&quot;:[]},&quot;min_height_tablet&quot;:{&quot;unit&quot;:&quot;px&quot;,&quot;size&quot;:&quot;&quot;,&quot;sizes&quot;:[]},&quot;min_height_mobile&quot;:{&quot;unit&quot;:&quot;px&quot;,&quot;size&quot;:&quot;&quot;,&quot;sizes&quot;:[]}}\" data-widget_type=\"table-of-contents.default\">\n\t\t\t\t<div class=\"elementor-widget-container\">\n\t\t\t\t\t\t\t\t\t<div class=\"elementor-toc__header\">\n\t\t\t\t\t\t<h4 class=\"elementor-toc__header-title\">\n\t\t\t\tTulossa\t\t\t<\/h4>\n\t\t\t\t\t\t\t\t\t\t<div class=\"elementor-toc__toggle-button elementor-toc__toggle-button--expand\" role=\"button\" tabindex=\"0\" aria-controls=\"elementor-toc__34ad2a9\" aria-expanded=\"true\" aria-label=\"\u00d6ppna inneh\u00e5llsf\u00f6rteckning\"><i aria-hidden=\"true\" class=\"fas fa-chevron-down\"><\/i><\/div>\n\t\t\t\t<div class=\"elementor-toc__toggle-button elementor-toc__toggle-button--collapse\" role=\"button\" tabindex=\"0\" aria-controls=\"elementor-toc__34ad2a9\" aria-expanded=\"true\" aria-label=\"St\u00e4ng inneh\u00e5llsf\u00f6rteckning\"><i aria-hidden=\"true\" class=\"fas fa-chevron-up\"><\/i><\/div>\n\t\t\t\t\t<\/div>\n\t\t\t\t<div id=\"elementor-toc__34ad2a9\" class=\"elementor-toc__body\">\n\t\t\t<div class=\"elementor-toc__spinner-container\">\n\t\t\t\t<i class=\"elementor-toc__spinner eicon-animation-spin eicon-loading\" aria-hidden=\"true\"><\/i>\t\t\t<\/div>\n\t\t<\/div>\n\t\t\t\t\t\t<\/div>\n\t\t\t\t<\/div>\n\t\t\t\t\t<\/div>\n\t\t<\/div>\n\t\t\t\t<div class=\"elementor-column elementor-col-66 elementor-top-column elementor-element elementor-element-758675f\" data-id=\"758675f\" data-element_type=\"column\" data-e-type=\"column\">\n\t\t\t<div class=\"elementor-widget-wrap elementor-element-populated\">\n\t\t\t\t\t\t<section class=\"elementor-section elementor-inner-section elementor-element elementor-element-1e206d3 elementor-section-content-middle elementor-section-boxed elementor-section-height-default elementor-section-height-default\" data-id=\"1e206d3\" data-element_type=\"section\" data-e-type=\"section\" data-settings=\"{&quot;background_background&quot;:&quot;classic&quot;}\">\n\t\t\t\t\t\t<div class=\"elementor-container elementor-column-gap-default\">\n\t\t\t\t\t<div class=\"elementor-column elementor-col-100 elementor-inner-column elementor-element elementor-element-c4632d0\" data-id=\"c4632d0\" data-element_type=\"column\" data-e-type=\"column\">\n\t\t\t<div class=\"elementor-widget-wrap elementor-element-populated\">\n\t\t\t\t\t\t<div class=\"elementor-element elementor-element-6ec1c96 elementor-widget elementor-widget-text-editor\" data-id=\"6ec1c96\" data-element_type=\"widget\" data-e-type=\"widget\" data-widget_type=\"text-editor.default\">\n\t\t\t\t<div class=\"elementor-widget-container\">\n\t\t\t\t\t\t\t\t\t<div class=\"sc-489f974d-0 ilVxAe\"><h2 class=\"sc-7bd3d729-0 prOQo\">Joissakin tilanteissa vertaistuki voi olla l\u00e4\u00e4kkeit\u00e4kin tehokkaampi apu<\/h2><\/div><p>MTV Viiden j\u00e4lkeen 7.3.2024.<\/p><p><a href=\"https:\/\/www.mtv.fi\/lyhyet\/992f4b34194747f39750\/video-joissakin-tilanteissa-vertaistuki-voi-olla-laakkeitakin-tehokkaampi-apu\" target=\"_blank\" rel=\"noopener\">https:\/\/www.mtv.fi\/lyhyet\/992f4b34194747f39750\/video-joissakin-tilanteissa-vertaistuki-voi-olla-laakkeitakin-tehokkaampi-apu<\/a><\/p>\t\t\t\t\t\t\t\t<\/div>\n\t\t\t\t<\/div>\n\t\t\t\t\t<\/div>\n\t\t<\/div>\n\t\t\t\t\t<\/div>\n\t\t<\/section>\n\t\t\t\t<section class=\"elementor-section elementor-inner-section elementor-element elementor-element-955bbbf elementor-section-content-middle elementor-section-boxed elementor-section-height-default elementor-section-height-default\" data-id=\"955bbbf\" data-element_type=\"section\" data-e-type=\"section\" data-settings=\"{&quot;background_background&quot;:&quot;classic&quot;}\">\n\t\t\t\t\t\t<div class=\"elementor-container elementor-column-gap-default\">\n\t\t\t\t\t<div class=\"elementor-column elementor-col-100 elementor-inner-column elementor-element elementor-element-7b4be5a\" data-id=\"7b4be5a\" data-element_type=\"column\" data-e-type=\"column\">\n\t\t\t<div class=\"elementor-widget-wrap elementor-element-populated\">\n\t\t\t\t\t\t<div class=\"elementor-element elementor-element-a099c69 elementor-widget elementor-widget-text-editor\" data-id=\"a099c69\" data-element_type=\"widget\" data-e-type=\"widget\" data-widget_type=\"text-editor.default\">\n\t\t\t\t<div class=\"elementor-widget-container\">\n\t\t\t\t\t\t\t\t\t<h2>Otte M\u00e4kip\u00e4\u00e4, 26, sairastui pysyv\u00e4sti jo murrosi\u00e4ss\u00e4 &#8211; &#8221;El\u00e4minen laittaa mielen koetukselle&#8221;<\/h2><p>L\u00e4nsiv\u00e4yl\u00e4 29.6.2023.<\/p><p><a href=\"https:\/\/www.lansivayla.fi\/paikalliset\/6030788\" target=\"_blank\" rel=\"noopener\">https:\/\/www.lansivayla.fi\/paikalliset\/6030788<\/a><\/p>\t\t\t\t\t\t\t\t<\/div>\n\t\t\t\t<\/div>\n\t\t\t\t\t<\/div>\n\t\t<\/div>\n\t\t\t\t\t<\/div>\n\t\t<\/section>\n\t\t\t\t<section class=\"elementor-section elementor-inner-section elementor-element elementor-element-5b82ed0 elementor-section-content-middle elementor-section-boxed elementor-section-height-default elementor-section-height-default\" data-id=\"5b82ed0\" data-element_type=\"section\" data-e-type=\"section\" data-settings=\"{&quot;background_background&quot;:&quot;classic&quot;}\">\n\t\t\t\t\t\t<div class=\"elementor-container elementor-column-gap-default\">\n\t\t\t\t\t<div class=\"elementor-column elementor-col-100 elementor-inner-column elementor-element elementor-element-d3dbf8c\" data-id=\"d3dbf8c\" data-element_type=\"column\" data-e-type=\"column\">\n\t\t\t<div class=\"elementor-widget-wrap elementor-element-populated\">\n\t\t\t\t\t\t<div class=\"elementor-element elementor-element-5232829 elementor-widget elementor-widget-text-editor\" data-id=\"5232829\" data-element_type=\"widget\" data-e-type=\"widget\" data-widget_type=\"text-editor.default\">\n\t\t\t\t<div class=\"elementor-widget-container\">\n\t\t\t\t\t\t\t\t\t<h2><span style=\"font-size: 22.4px;\">Kuka tukisi, kun koko Suomi lomailee \u2013 Toivo-sovellus mahdollistaa vertaistuen ajasta ja paikasta riippumatta<\/span><\/h2><p>Lehdist\u00f6tiedote 16.6.2023.<\/p><p><a href=\"https:\/\/olkatoiminta.fi\/wp-content\/uploads\/Kuka-tukisi-kun-koko-Suomi-lomailee-\u2013-Toivo-sovellus-mahdollistaa-vertaistuen-ajasta-ja-paikasta-riippumatta.pdf\" target=\"_blank\" rel=\"noopener\">Lataa lehdist\u00f6tiedote PDF-muodossa.<\/a><\/p>\t\t\t\t\t\t\t\t<\/div>\n\t\t\t\t<\/div>\n\t\t\t\t\t<\/div>\n\t\t<\/div>\n\t\t\t\t\t<\/div>\n\t\t<\/section>\n\t\t\t\t<section class=\"elementor-section elementor-inner-section elementor-element elementor-element-93f73b9 elementor-section-content-middle elementor-section-boxed elementor-section-height-default elementor-section-height-default\" data-id=\"93f73b9\" data-element_type=\"section\" data-e-type=\"section\" data-settings=\"{&quot;background_background&quot;:&quot;classic&quot;}\">\n\t\t\t\t\t\t<div class=\"elementor-container elementor-column-gap-default\">\n\t\t\t\t\t<div class=\"elementor-column elementor-col-100 elementor-inner-column elementor-element elementor-element-2b4b33e\" data-id=\"2b4b33e\" data-element_type=\"column\" data-e-type=\"column\">\n\t\t\t<div class=\"elementor-widget-wrap elementor-element-populated\">\n\t\t\t\t\t\t<div class=\"elementor-element elementor-element-1551995 elementor-widget elementor-widget-text-editor\" data-id=\"1551995\" data-element_type=\"widget\" data-e-type=\"widget\" data-widget_type=\"text-editor.default\">\n\t\t\t\t<div class=\"elementor-widget-container\">\n\t\t\t\t\t\t\t\t\t<h2 class=\"elementor-heading-title elementor-size-default\">Suomen suurin digitaalinen potilaiden vertaistukipalvelu Toivo syntyi kymmenien j\u00e4rjest\u00f6jen yhteisty\u00f6ll\u00e4<\/h2><p>Lehdist\u00f6tiedote 20.10.2022.<\/p><p><a href=\"https:\/\/olkatoiminta.fi\/wp-content\/uploads\/TOIVO-lehdistotiedote-20.10.2022.pdf\" target=\"_blank\" rel=\"noopener\">Lataa lehdist\u00f6tiedote PDF-muodossa.<\/a><\/p>\t\t\t\t\t\t\t\t<\/div>\n\t\t\t\t<\/div>\n\t\t\t\t\t<\/div>\n\t\t<\/div>\n\t\t\t\t\t<\/div>\n\t\t<\/section>\n\t\t\t\t<section class=\"elementor-section elementor-inner-section elementor-element elementor-element-34e0fcb elementor-section-content-middle elementor-section-boxed elementor-section-height-default elementor-section-height-default\" data-id=\"34e0fcb\" data-element_type=\"section\" data-e-type=\"section\" data-settings=\"{&quot;background_background&quot;:&quot;classic&quot;}\">\n\t\t\t\t\t\t<div class=\"elementor-container elementor-column-gap-default\">\n\t\t\t\t\t<div class=\"elementor-column elementor-col-100 elementor-inner-column elementor-element elementor-element-3d1108c\" data-id=\"3d1108c\" data-element_type=\"column\" data-e-type=\"column\">\n\t\t\t<div class=\"elementor-widget-wrap elementor-element-populated\">\n\t\t\t\t\t\t<div class=\"elementor-element elementor-element-0fc32e0 elementor-widget elementor-widget-text-editor\" data-id=\"0fc32e0\" data-element_type=\"widget\" data-e-type=\"widget\" data-widget_type=\"text-editor.default\">\n\t\t\t\t<div class=\"elementor-widget-container\">\n\t\t\t\t\t\t\t\t\t<h2 class=\"elementor-heading-title elementor-size-default\">Vertaistuki on nyt verkossa<\/h2><p>Turun Sanomat 15.10.2022. Artikkeli maksumuurin takana.<\/p><p><a href=\"https:\/\/www.ts.fi\/puheenvuorot\/5792298\" target=\"_blank\" rel=\"noopener\">https:\/\/www.ts.fi\/puheenvuorot\/5792298<\/a>\u00a0<\/p>\t\t\t\t\t\t\t\t<\/div>\n\t\t\t\t<\/div>\n\t\t\t\t\t<\/div>\n\t\t<\/div>\n\t\t\t\t\t<\/div>\n\t\t<\/section>\n\t\t\t\t\t<\/div>\n\t\t<\/div>\n\t\t\t\t\t<\/div>\n\t\t<\/section>\n\t\t\t\t<\/div>\n\t\t","protected":false},"excerpt":{"rendered":"<p>Nyheter och artiklar om kamratst\u00f6dsappen Toivo (p\u00e5 finska). Tulossa Joissakin tilanteissa vertaistuki voi olla l\u00e4\u00e4kkeit\u00e4kin tehokkaampi apu MTV Viiden j\u00e4lkeen 7.3.2024. https:\/\/www.mtv.fi\/lyhyet\/992f4b34194747f39750\/video-joissakin-tilanteissa-vertaistuki-voi-olla-laakkeitakin-tehokkaampi-apu Otte M\u00e4kip\u00e4\u00e4, 26, sairastui pysyv\u00e4sti jo murrosi\u00e4ss\u00e4 &#8211; &#8221;El\u00e4minen laittaa mielen koetukselle&#8221; L\u00e4nsiv\u00e4yl\u00e4 29.6.2023. https:\/\/www.lansivayla.fi\/paikalliset\/6030788 Kuka tukisi, kun koko Suomi lomailee \u2013 Toivo-sovellus mahdollistaa vertaistuen ajasta ja paikasta riippumatta Lehdist\u00f6tiedote 16.6.2023. Lataa lehdist\u00f6tiedote &#8230; <a title=\"F\u00f6r media\" class=\"read-more\" href=\"https:\/\/olkatoiminta.fi\/sv\/kamratstodsappen-toivo\/for-media\/\" aria-label=\"L\u00e4s mer om F\u00f6r media\">L\u00e4s mer<\/a><\/p>\n","protected":false},"author":13,"featured_media":2130,"parent":6108,"menu_order":4,"comment_status":"closed","ping_status":"closed","template":"","meta":{"_acf_changed":false,"footnotes":""},"class_list":["post-6117","page","type-page","status-publish","has-post-thumbnail"],"acf":[],"_links":{"self":[{"href":"https:\/\/olkatoiminta.fi\/sv\/wp-json\/wp\/v2\/pages\/6117","targetHints":{"allow":["GET"]}}],"collection":[{"href":"https:\/\/olkatoiminta.fi\/sv\/wp-json\/wp\/v2\/pages"}],"about":[{"href":"https:\/\/olkatoiminta.fi\/sv\/wp-json\/wp\/v2\/types\/page"}],"author":[{"embeddable":true,"href":"https:\/\/olkatoiminta.fi\/sv\/wp-json\/wp\/v2\/users\/13"}],"replies":[{"embeddable":true,"href":"https:\/\/olkatoiminta.fi\/sv\/wp-json\/wp\/v2\/comments?post=6117"}],"version-history":[{"count":7,"href":"https:\/\/olkatoiminta.fi\/sv\/wp-json\/wp\/v2\/pages\/6117\/revisions"}],"predecessor-version":[{"id":7742,"href":"https:\/\/olkatoiminta.fi\/sv\/wp-json\/wp\/v2\/pages\/6117\/revisions\/7742"}],"up":[{"embeddable":true,"href":"https:\/\/olkatoiminta.fi\/sv\/wp-json\/wp\/v2\/pages\/6108"}],"wp:featuredmedia":[{"embeddable":true,"href":"https:\/\/olkatoiminta.fi\/sv\/wp-json\/wp\/v2\/media\/2130"}],"wp:attachment":[{"href":"https:\/\/olkatoiminta.fi\/sv\/wp-json\/wp\/v2\/media?parent=6117"}],"curies":[{"name":"wp","href":"https:\/\/api.w.org\/{rel}","templated":true}]}}