{"id":6112,"date":"2024-10-11T10:01:09","date_gmt":"2024-10-11T07:01:09","guid":{"rendered":"https:\/\/olkatoiminta.fi\/?page_id=6112"},"modified":"2026-03-09T12:34:54","modified_gmt":"2026-03-09T10:34:54","slug":"ga-med-i-toivo","status":"publish","type":"page","link":"https:\/\/olkatoiminta.fi\/sv\/kamratstodsappen-toivo\/ga-med-i-toivo\/","title":{"rendered":"G\u00e5 med i Toivo"},"content":{"rendered":"\t\t<div data-elementor-type=\"wp-page\" data-elementor-id=\"6112\" class=\"elementor elementor-6112 elementor-4240\" data-elementor-post-type=\"page\">\n\t\t\t\t\t\t<section class=\"elementor-section elementor-top-section elementor-element elementor-element-e5eb2a0 elementor-reverse-tablet elementor-reverse-mobile elementor-section-height-min-height elementor-section-boxed elementor-section-height-default elementor-section-items-middle\" data-id=\"e5eb2a0\" data-element_type=\"section\" data-e-type=\"section\" data-settings=\"{&quot;background_background&quot;:&quot;classic&quot;}\">\n\t\t\t\t\t\t\t<div class=\"elementor-background-overlay\"><\/div>\n\t\t\t\t\t\t\t<div class=\"elementor-container elementor-column-gap-default\">\n\t\t\t\t\t<div class=\"elementor-column elementor-col-100 elementor-top-column elementor-element elementor-element-2c2c954\" data-id=\"2c2c954\" data-element_type=\"column\" data-e-type=\"column\" data-settings=\"{&quot;background_background&quot;:&quot;classic&quot;}\">\n\t\t\t<div class=\"elementor-widget-wrap elementor-element-populated\">\n\t\t\t\t\t\t<div class=\"elementor-element elementor-element-e28ba17 elementor-widget elementor-widget-text-editor\" data-id=\"e28ba17\" data-element_type=\"widget\" data-e-type=\"widget\" data-widget_type=\"text-editor.default\">\n\t\t\t\t<div class=\"elementor-widget-container\">\n\t\t\t\t\t\t\t\t\t<p class=\"MsoNormal\"><span lang=\"SV-FI\">Nya kamratst\u00f6djare som g\u00e5r med i Toivo-appen beh\u00f6ver ha g\u00e5tt en kamratst\u00f6djarutbildning. Precis som m\u00e5nga andra organisationer anordnar \u00e4ven <a href=\"https:\/\/olkatoiminta.fi\/sv\/\" target=\"_blank\" rel=\"noopener\">OLKA-verksamheten<\/a> kamratst\u00f6djarutbildningar: information om kommande utbildningar hittar du p\u00e5 adressen olkatoiminta.fi. Du kan ocks\u00e5 h\u00f6ra dig f\u00f6r om utbildningar hos en organisation som passar dig.<\/span><\/p><p class=\"MsoNormal\"><span lang=\"SV-FI\">Kamratst\u00f6djarna i Toivo-appen introduceras i hur man anv\u00e4nder plattformen under en anv\u00e4ndarhandledning. Under handledningen g\u00e5r man igenom de olika funktionerna i appen, hur man skapar en profil samt generella riktlinjer f\u00f6r att anv\u00e4nda appen. Man kan g\u00e5 handledningen p\u00e5 tv\u00e5 s\u00e4tt: antingen i grupp med introduktion i Teams eller genom att studera webbmaterialet p\u00e5 egen hand.<\/span><\/p>\t\t\t\t\t\t\t\t<\/div>\n\t\t\t\t<\/div>\n\t\t\t\t\t<\/div>\n\t\t<\/div>\n\t\t\t\t\t<\/div>\n\t\t<\/section>\n\t\t\t\t<section class=\"elementor-section elementor-top-section elementor-element elementor-element-ff0aaa1 elementor-reverse-tablet elementor-reverse-mobile elementor-section-height-min-height elementor-section-boxed elementor-section-height-default elementor-section-items-middle\" data-id=\"ff0aaa1\" data-element_type=\"section\" data-e-type=\"section\" data-settings=\"{&quot;background_background&quot;:&quot;classic&quot;}\">\n\t\t\t\t\t\t\t<div class=\"elementor-background-overlay\"><\/div>\n\t\t\t\t\t\t\t<div class=\"elementor-container elementor-column-gap-default\">\n\t\t\t\t\t<div class=\"elementor-column elementor-col-50 elementor-top-column elementor-element elementor-element-a449b1b\" data-id=\"a449b1b\" data-element_type=\"column\" data-e-type=\"column\" data-settings=\"{&quot;background_background&quot;:&quot;classic&quot;}\">\n\t\t\t<div class=\"elementor-widget-wrap elementor-element-populated\">\n\t\t\t\t\t\t<div class=\"elementor-element elementor-element-91679d0 elementor-widget elementor-widget-text-editor\" data-id=\"91679d0\" data-element_type=\"widget\" data-e-type=\"widget\" data-widget_type=\"text-editor.default\">\n\t\t\t\t<div class=\"elementor-widget-container\">\n\t\t\t\t\t\t\t\t\t<h2 style=\"font-style: normal;\">Material f\u00f6r sj\u00e4lvstudier<\/h2>\n<h2>\n<p style=\"color: rgb(43, 43, 43); font-size: 16px; font-weight: 400; letter-spacing: normal; text-transform: none;\">Materialet f\u00f6r sj\u00e4lvstudier kan man g\u00e5 igenom n\u00e4r det passar en sj\u00e4lv och studera det p\u00e5 egen hand. V\u00e4gen in till appen ser efter det likadan ut som f\u00f6r andra kamratst\u00f6djare.<\/p>\n<p style=\"color: rgb(43, 43, 43); font-size: 16px; font-weight: 400; letter-spacing: normal; text-transform: none;\">Du hittar handledningsmaterial i Toivo-appens blogg. Observera att materialet \u00e4r l\u00f6senordsskyddat: om du vill g\u00e5 handledningen p\u00e5 egen hand, kontakta&nbsp;<a href=\"mailto:toivo@olkatoiminta.fi\" target=\"_blank\" rel=\"noopener\" style=\"transition-property: all;\">toivo@olkatoiminta.fi<\/a>.&nbsp;<\/p>\n<\/h2>\n<h2>Anv\u00e4ndarguider i Teams<\/h2>\n<p>Teams-evenemang&nbsp;ordnas enligt \u00f6verenskommelse f\u00f6r varje organisation. F\u00f6r att vi ska kunna ordna ett tillf\u00e4lle beh\u00f6vs minst \u00e5tta deltagare. Om er organisation \u00e4r intresserad av grupphandledning,&nbsp;v\u00e4nligen kontakta oss via e-post p\u00e5<span style=\"font-size: 1rem;\">&nbsp;<\/span><a href=\"mailto:toivo@olkatoiminta.fi\" target=\"_blank\" rel=\"noopener\" style=\"background-color: rgb(255, 255, 255); font-size: 1rem;\">toivo@olkatoiminta.fi<\/a><span style=\"font-size: 1rem;\">.<\/span><\/p>\t\t\t\t\t\t\t\t<\/div>\n\t\t\t\t<\/div>\n\t\t\t\t\t<\/div>\n\t\t<\/div>\n\t\t\t\t<div class=\"elementor-column elementor-col-50 elementor-top-column elementor-element elementor-element-ea09d9a\" data-id=\"ea09d9a\" data-element_type=\"column\" data-e-type=\"column\">\n\t\t\t<div class=\"elementor-widget-wrap elementor-element-populated\">\n\t\t\t\t\t\t<div class=\"elementor-element elementor-element-a8851f7 elementor-widget elementor-widget-image\" data-id=\"a8851f7\" data-element_type=\"widget\" data-e-type=\"widget\" data-widget_type=\"image.default\">\n\t\t\t\t<div class=\"elementor-widget-container\">\n\t\t\t\t\t\t\t\t\t\t\t\t\t\t\t<img fetchpriority=\"high\" decoding=\"async\" width=\"750\" height=\"500\" src=\"https:\/\/olkatoiminta.fi\/wp-content\/uploads\/anastasia-pirri-zUHoYANoBBQ-unsplash1.jpg\" class=\"attachment-large size-large wp-image-5840\" alt=\"\" \/>\t\t\t\t\t\t\t\t\t\t\t\t\t\t\t<\/div>\n\t\t\t\t<\/div>\n\t\t\t\t\t<\/div>\n\t\t<\/div>\n\t\t\t\t\t<\/div>\n\t\t<\/section>\n\t\t\t\t<section class=\"elementor-section elementor-top-section elementor-element elementor-element-fa3525a elementor-section-height-min-height elementor-section-boxed elementor-section-height-default elementor-section-items-middle\" data-id=\"fa3525a\" data-element_type=\"section\" data-e-type=\"section\" data-settings=\"{&quot;background_background&quot;:&quot;classic&quot;}\">\n\t\t\t\t\t\t\t<div class=\"elementor-background-overlay\"><\/div>\n\t\t\t\t\t\t\t<div class=\"elementor-container elementor-column-gap-default\">\n\t\t\t\t\t<div class=\"elementor-column elementor-col-50 elementor-top-column elementor-element elementor-element-31ba70b\" data-id=\"31ba70b\" data-element_type=\"column\" data-e-type=\"column\">\n\t\t\t<div class=\"elementor-widget-wrap elementor-element-populated\">\n\t\t\t\t\t\t<div class=\"elementor-element elementor-element-ded4c08 elementor-widget elementor-widget-image\" data-id=\"ded4c08\" data-element_type=\"widget\" data-e-type=\"widget\" data-widget_type=\"image.default\">\n\t\t\t\t<div class=\"elementor-widget-container\">\n\t\t\t\t\t\t\t\t\t\t\t\t\t\t\t<img decoding=\"async\" width=\"750\" height=\"500\" src=\"https:\/\/olkatoiminta.fi\/wp-content\/uploads\/charlesdeluvio-XwbzsOOC0Ws-unsplash1-1.jpg\" class=\"attachment-large size-large wp-image-5835\" alt=\"\" \/>\t\t\t\t\t\t\t\t\t\t\t\t\t\t\t<\/div>\n\t\t\t\t<\/div>\n\t\t\t\t\t<\/div>\n\t\t<\/div>\n\t\t\t\t<div class=\"elementor-column elementor-col-50 elementor-top-column elementor-element elementor-element-b20eed8\" data-id=\"b20eed8\" data-element_type=\"column\" data-e-type=\"column\" data-settings=\"{&quot;background_background&quot;:&quot;classic&quot;}\">\n\t\t\t<div class=\"elementor-widget-wrap elementor-element-populated\">\n\t\t\t\t\t\t<div class=\"elementor-element elementor-element-41e6711 elementor-widget elementor-widget-text-editor\" data-id=\"41e6711\" data-element_type=\"widget\" data-e-type=\"widget\" data-widget_type=\"text-editor.default\">\n\t\t\t\t<div class=\"elementor-widget-container\">\n\t\t\t\t\t\t\t\t\t<h2>Vad h\u00e4nder efter handledningen?<\/h2><p>Efter handledningen intervjuas alla kamratst\u00f6djare vid Teams-tr\u00e4ffar p\u00e5 tu man hand. Under intervjun g\u00e5r man igenom kamratst\u00f6djarens egna \u00f6nskem\u00e5l med verksamheten och s\u00e4kerst\u00e4ller att kamratst\u00f6djaren \u00e4r redo att arbeta i appen.<\/p><p>Under intervjun g\u00e5r man \u00e4ven igenom kamratst\u00f6dsappens anv\u00e4ndaravtal. Avtalet godk\u00e4nns genom stark autentisering. Efter att ha godk\u00e4nt avtalet f\u00e5r kamratst\u00f6djaren en l\u00e4nk med en inbjudan till appen. Genom l\u00e4nken kan hen skapa en profil och b\u00f6rja anv\u00e4nda appen.<\/p>\t\t\t\t\t\t\t\t<\/div>\n\t\t\t\t<\/div>\n\t\t\t\t\t<\/div>\n\t\t<\/div>\n\t\t\t\t\t<\/div>\n\t\t<\/section>\n\t\t\t\t<section class=\"elementor-section elementor-top-section elementor-element elementor-element-7bb6a45 elementor-reverse-tablet elementor-reverse-mobile elementor-section-height-min-height elementor-section-boxed elementor-section-height-default elementor-section-items-middle\" data-id=\"7bb6a45\" data-element_type=\"section\" data-e-type=\"section\" data-settings=\"{&quot;background_background&quot;:&quot;classic&quot;}\">\n\t\t\t\t\t\t\t<div class=\"elementor-background-overlay\"><\/div>\n\t\t\t\t\t\t\t<div class=\"elementor-container elementor-column-gap-default\">\n\t\t\t\t\t<div class=\"elementor-column elementor-col-50 elementor-top-column elementor-element elementor-element-2e57a40\" data-id=\"2e57a40\" data-element_type=\"column\" data-e-type=\"column\" data-settings=\"{&quot;background_background&quot;:&quot;classic&quot;}\">\n\t\t\t<div class=\"elementor-widget-wrap elementor-element-populated\">\n\t\t\t\t\t\t<div class=\"elementor-element elementor-element-345afac elementor-widget elementor-widget-text-editor\" data-id=\"345afac\" data-element_type=\"widget\" data-e-type=\"widget\" data-widget_type=\"text-editor.default\">\n\t\t\t\t<div class=\"elementor-widget-container\">\n\t\t\t\t\t\t\t\t\t<h2>Att vara volont\u00e4r<\/h2><p>Kamratst\u00f6djarna i appen arbetar volont\u00e4rt i sin tj\u00e4nst utifr\u00e5n de ramar som deras livssituation skapar. Den egna bakgrundsorganisationen och underh\u00e5llet f\u00f6r Toivo-appen ger st\u00f6d i att arbeta som volont\u00e4r. Volont\u00e4ren har alltid r\u00e4tt att ta en paus fr\u00e5n verksamheten eller att sluta med den.<\/p><p>Stenar i olika former som \u00e4r staplade p\u00e5 varandra. Stenarna st\u00e5r p\u00e5 en klippa.<\/p>\t\t\t\t\t\t\t\t<\/div>\n\t\t\t\t<\/div>\n\t\t\t\t\t<\/div>\n\t\t<\/div>\n\t\t\t\t<div class=\"elementor-column elementor-col-50 elementor-top-column elementor-element elementor-element-8fcca52\" data-id=\"8fcca52\" data-element_type=\"column\" data-e-type=\"column\">\n\t\t\t<div class=\"elementor-widget-wrap elementor-element-populated\">\n\t\t\t\t\t\t<div class=\"elementor-element elementor-element-afc3b02 elementor-widget elementor-widget-image\" data-id=\"afc3b02\" data-element_type=\"widget\" data-e-type=\"widget\" data-widget_type=\"image.default\">\n\t\t\t\t<div class=\"elementor-widget-container\">\n\t\t\t\t\t\t\t\t\t\t\t\t\t\t\t<img decoding=\"async\" width=\"1440\" height=\"960\" src=\"https:\/\/olkatoiminta.fi\/wp-content\/uploads\/markus-spiske-IiEFmIXZWSw-unsplash1.jpg\" class=\"attachment-large size-large wp-image-5829\" alt=\"Eri muotoisia kivi\u00e4 pinottuna toistensa p\u00e4\u00e4lle. Kivipino on aseteltu kallioiselle alustalle.\" srcset=\"https:\/\/olkatoiminta.fi\/wp-content\/uploads\/markus-spiske-IiEFmIXZWSw-unsplash1.jpg 1440w, https:\/\/olkatoiminta.fi\/wp-content\/uploads\/markus-spiske-IiEFmIXZWSw-unsplash1-768x512.jpg 768w, https:\/\/olkatoiminta.fi\/wp-content\/uploads\/markus-spiske-IiEFmIXZWSw-unsplash1-1320x880.jpg 1320w\" sizes=\"(max-width: 1440px) 100vw, 1440px\" \/>\t\t\t\t\t\t\t\t\t\t\t\t\t\t\t<\/div>\n\t\t\t\t<\/div>\n\t\t\t\t\t<\/div>\n\t\t<\/div>\n\t\t\t\t\t<\/div>\n\t\t<\/section>\n\t\t\t\t<section class=\"elementor-section elementor-top-section elementor-element elementor-element-2c63cfe elementor-reverse-tablet elementor-reverse-mobile elementor-section-height-min-height elementor-section-boxed elementor-section-height-default elementor-section-items-middle\" data-id=\"2c63cfe\" data-element_type=\"section\" data-e-type=\"section\" data-settings=\"{&quot;background_background&quot;:&quot;classic&quot;}\">\n\t\t\t\t\t\t\t<div class=\"elementor-background-overlay\"><\/div>\n\t\t\t\t\t\t\t<div class=\"elementor-container elementor-column-gap-default\">\n\t\t\t\t\t<div class=\"elementor-column elementor-col-100 elementor-top-column elementor-element elementor-element-1a9e033\" data-id=\"1a9e033\" data-element_type=\"column\" data-e-type=\"column\" data-settings=\"{&quot;background_background&quot;:&quot;classic&quot;}\">\n\t\t\t<div class=\"elementor-widget-wrap elementor-element-populated\">\n\t\t\t\t\t\t<div class=\"elementor-element elementor-element-1515927 elementor-widget elementor-widget-heading\" data-id=\"1515927\" data-element_type=\"widget\" data-e-type=\"widget\" data-widget_type=\"heading.default\">\n\t\t\t\t<div class=\"elementor-widget-container\">\n\t\t\t\t\t<h2 class=\"elementor-heading-title elementor-size-default\">Mer information<\/h2>\t\t\t\t<\/div>\n\t\t\t\t<\/div>\n\t\t\t\t<div class=\"elementor-element elementor-element-f13d3ca elementor-widget elementor-widget-text-editor\" data-id=\"f13d3ca\" data-element_type=\"widget\" data-e-type=\"widget\" data-widget_type=\"text-editor.default\">\n\t\t\t\t<div class=\"elementor-widget-container\">\n\t\t\t\t\t\t\t\t\t<p>Vill din organisation g\u00e5 med i Toivo-appen, eller \u00e4r det n\u00e5got du undrar \u00f6ver? Kontakta oss s\u00e5 hj\u00e4lper vi g\u00e4rna till!<\/p><p>Elina Heino, planerare f\u00f6r kamratst\u00f6dstj\u00e4nster (tfn 050 552 2499) och Tuija Laine, koordinator f\u00f6r volont\u00e4rverksamheten (tfn 050 475 8331), OLKA\/HyTe ry, <a href=\"mailto:toivo@olkatoiminta.fi\">toivo@olkatoiminta.fi<\/a>.<\/p>\t\t\t\t\t\t\t\t<\/div>\n\t\t\t\t<\/div>\n\t\t\t\t\t<\/div>\n\t\t<\/div>\n\t\t\t\t\t<\/div>\n\t\t<\/section>\n\t\t\t\t<section class=\"elementor-section elementor-top-section elementor-element elementor-element-7c26739 elementor-section-stretched elementor-section-boxed elementor-section-height-default elementor-section-height-default\" data-id=\"7c26739\" data-element_type=\"section\" data-e-type=\"section\" data-settings=\"{&quot;background_background&quot;:&quot;gradient&quot;,&quot;stretch_section&quot;:&quot;section-stretched&quot;}\">\n\t\t\t\t\t\t\t<div class=\"elementor-background-overlay\"><\/div>\n\t\t\t\t\t\t\t<div class=\"elementor-container elementor-column-gap-default\">\n\t\t\t\t\t<div class=\"elementor-column elementor-col-100 elementor-top-column elementor-element elementor-element-4c41ed6\" data-id=\"4c41ed6\" data-element_type=\"column\" data-e-type=\"column\">\n\t\t\t<div class=\"elementor-widget-wrap\">\n\t\t\t\t\t\t\t<\/div>\n\t\t<\/div>\n\t\t\t\t\t<\/div>\n\t\t<\/section>\n\t\t\t\t<\/div>\n\t\t","protected":false},"excerpt":{"rendered":"<p>Nya kamratst\u00f6djare som g\u00e5r med i Toivo-appen beh\u00f6ver ha g\u00e5tt en kamratst\u00f6djarutbildning. Precis som m\u00e5nga andra organisationer anordnar \u00e4ven OLKA-verksamheten kamratst\u00f6djarutbildningar: information om kommande utbildningar hittar du p\u00e5 adressen olkatoiminta.fi. Du kan ocks\u00e5 h\u00f6ra dig f\u00f6r om utbildningar hos en organisation som passar dig. Kamratst\u00f6djarna i Toivo-appen introduceras i hur man anv\u00e4nder plattformen under en &#8230; <a title=\"G\u00e5 med i Toivo\" class=\"read-more\" href=\"https:\/\/olkatoiminta.fi\/sv\/kamratstodsappen-toivo\/ga-med-i-toivo\/\" aria-label=\"L\u00e4s mer om G\u00e5 med i Toivo\">L\u00e4s mer<\/a><\/p>\n","protected":false},"author":13,"featured_media":2090,"parent":6108,"menu_order":6,"comment_status":"closed","ping_status":"closed","template":"","meta":{"_acf_changed":false,"footnotes":""},"class_list":["post-6112","page","type-page","status-publish","has-post-thumbnail"],"acf":[],"_links":{"self":[{"href":"https:\/\/olkatoiminta.fi\/sv\/wp-json\/wp\/v2\/pages\/6112","targetHints":{"allow":["GET"]}}],"collection":[{"href":"https:\/\/olkatoiminta.fi\/sv\/wp-json\/wp\/v2\/pages"}],"about":[{"href":"https:\/\/olkatoiminta.fi\/sv\/wp-json\/wp\/v2\/types\/page"}],"author":[{"embeddable":true,"href":"https:\/\/olkatoiminta.fi\/sv\/wp-json\/wp\/v2\/users\/13"}],"replies":[{"embeddable":true,"href":"https:\/\/olkatoiminta.fi\/sv\/wp-json\/wp\/v2\/comments?post=6112"}],"version-history":[{"count":20,"href":"https:\/\/olkatoiminta.fi\/sv\/wp-json\/wp\/v2\/pages\/6112\/revisions"}],"predecessor-version":[{"id":7888,"href":"https:\/\/olkatoiminta.fi\/sv\/wp-json\/wp\/v2\/pages\/6112\/revisions\/7888"}],"up":[{"embeddable":true,"href":"https:\/\/olkatoiminta.fi\/sv\/wp-json\/wp\/v2\/pages\/6108"}],"wp:featuredmedia":[{"embeddable":true,"href":"https:\/\/olkatoiminta.fi\/sv\/wp-json\/wp\/v2\/media\/2090"}],"wp:attachment":[{"href":"https:\/\/olkatoiminta.fi\/sv\/wp-json\/wp\/v2\/media?parent=6112"}],"curies":[{"name":"wp","href":"https:\/\/api.w.org\/{rel}","templated":true}]}}