{"id":6108,"date":"2024-10-11T09:59:17","date_gmt":"2024-10-11T06:59:17","guid":{"rendered":"https:\/\/olkatoiminta.fi\/?page_id=6108"},"modified":"2026-03-09T12:33:02","modified_gmt":"2026-03-09T10:33:02","slug":"kamratstodsappen-toivo","status":"publish","type":"page","link":"https:\/\/olkatoiminta.fi\/sv\/kamratstodsappen-toivo\/","title":{"rendered":"Kamratst\u00f6dsappen Toivo"},"content":{"rendered":"\t\t<div data-elementor-type=\"wp-page\" data-elementor-id=\"6108\" class=\"elementor elementor-6108 elementor-3164\" data-elementor-post-type=\"page\">\n\t\t\t\t\t\t<section class=\"elementor-section elementor-top-section elementor-element elementor-element-18a1b4e1 elementor-section-height-min-height elementor-section-items-top elementor-section-boxed elementor-section-height-default\" data-id=\"18a1b4e1\" data-element_type=\"section\" data-e-type=\"section\" data-settings=\"{&quot;background_background&quot;:&quot;gradient&quot;,&quot;shape_divider_bottom&quot;:&quot;tilt&quot;}\">\n\t\t\t\t\t\t\t<div class=\"elementor-background-overlay\"><\/div>\n\t\t\t\t\t\t<div class=\"elementor-shape elementor-shape-bottom\" aria-hidden=\"true\" data-negative=\"false\">\n\t\t\t<svg xmlns=\"http:\/\/www.w3.org\/2000\/svg\" viewBox=\"0 0 1000 100\" preserveAspectRatio=\"none\">\n\t<path class=\"elementor-shape-fill\" d=\"M0,6V0h1000v100L0,6z\"\/>\n<\/svg>\t\t<\/div>\n\t\t\t\t\t<div class=\"elementor-container elementor-column-gap-default\">\n\t\t\t\t\t<div class=\"elementor-column elementor-col-66 elementor-top-column elementor-element elementor-element-6630e230\" data-id=\"6630e230\" data-element_type=\"column\" data-e-type=\"column\">\n\t\t\t<div class=\"elementor-widget-wrap elementor-element-populated\">\n\t\t\t\t\t\t<div class=\"elementor-element elementor-element-53478695 elementor-widget elementor-widget-heading\" data-id=\"53478695\" data-element_type=\"widget\" data-e-type=\"widget\" data-widget_type=\"heading.default\">\n\t\t\t\t<div class=\"elementor-widget-container\">\n\t\t\t\t\t<h3 class=\"elementor-heading-title elementor-size-default\">Du \u00e4r inte ensam. Det finns st\u00f6d.<\/h3>\t\t\t\t<\/div>\n\t\t\t\t<\/div>\n\t\t\t\t<div class=\"elementor-element elementor-element-71d6b714 elementor-widget elementor-widget-heading\" data-id=\"71d6b714\" data-element_type=\"widget\" data-e-type=\"widget\" data-widget_type=\"heading.default\">\n\t\t\t\t<div class=\"elementor-widget-container\">\n\t\t\t\t\t<h1 class=\"elementor-heading-title elementor-size-default\">Kamratst\u00f6dsappen Toivo<\/h1>\t\t\t\t<\/div>\n\t\t\t\t<\/div>\n\t\t\t\t<div class=\"elementor-element elementor-element-2cfa2393 elementor-widget elementor-widget-text-editor\" data-id=\"2cfa2393\" data-element_type=\"widget\" data-e-type=\"widget\" data-widget_type=\"text-editor.default\">\n\t\t\t\t<div class=\"elementor-widget-container\">\n\t\t\t\t\t\t\t\t\t<p>Kamratst\u00f6dsapplikationen Toivo \u00e4r en tj\u00e4nst som erbjuder kamratst\u00f6d och information till sjuka, personer med funktionsneds\u00e4ttning och deras n\u00e4rst\u00e5ende.<\/p><p>Toivo-appen \u00e4r gratis och kan \u00e4ven anv\u00e4ndas anonymt. Kamratst\u00f6det i appen \u00e4r inte kopplat till en enskild sjukdom eller skada, utan st\u00f6d kan s\u00f6kas med olika bakgrund.<\/p><p>Kamratst\u00f6djarna i Toivo-applikationen \u00e4r p\u00e5litliga, utbildade och bundna till tystnadsplikt \u00e4ven efter att de slutat fungera som kamratst\u00f6djare. Tj\u00e4nsten baserar sig p\u00e5 kamratst\u00f6d mellan tv\u00e5 personer.<\/p>\t\t\t\t\t\t\t\t<\/div>\n\t\t\t\t<\/div>\n\t\t\t\t<div class=\"elementor-element elementor-element-21c883d1 elementor-mobile-align-center elementor-widget elementor-widget-button\" data-id=\"21c883d1\" data-element_type=\"widget\" data-e-type=\"widget\" data-widget_type=\"button.default\">\n\t\t\t\t<div class=\"elementor-widget-container\">\n\t\t\t\t\t\t\t\t\t<div class=\"elementor-button-wrapper\">\n\t\t\t\t\t<a class=\"elementor-button elementor-button-link elementor-size-md\" href=\"https:\/\/olkatoiminta.fi\/sv\/kamratstodsappen-toivo\/information-om-kamratstodsappen-toivo\/\">\n\t\t\t\t\t\t<span class=\"elementor-button-content-wrapper\">\n\t\t\t\t\t\t<span class=\"elementor-button-icon\">\n\t\t\t\t<i aria-hidden=\"true\" class=\"fas fa-arrow-right\"><\/i>\t\t\t<\/span>\n\t\t\t\t\t\t\t\t\t<span class=\"elementor-button-text\">L\u00e4s mer<\/span>\n\t\t\t\t\t<\/span>\n\t\t\t\t\t<\/a>\n\t\t\t\t<\/div>\n\t\t\t\t\t\t\t\t<\/div>\n\t\t\t\t<\/div>\n\t\t\t\t\t<\/div>\n\t\t<\/div>\n\t\t\t\t<div class=\"elementor-column elementor-col-33 elementor-top-column elementor-element elementor-element-137711a\" data-id=\"137711a\" data-element_type=\"column\" data-e-type=\"column\">\n\t\t\t<div class=\"elementor-widget-wrap elementor-element-populated\">\n\t\t\t\t\t\t<div class=\"elementor-element elementor-element-e2ca16b elementor-widget elementor-widget-image\" data-id=\"e2ca16b\" data-element_type=\"widget\" data-e-type=\"widget\" data-widget_type=\"image.default\">\n\t\t\t\t<div class=\"elementor-widget-container\">\n\t\t\t\t\t\t\t\t\t\t\t\t\t\t\t<img fetchpriority=\"high\" decoding=\"async\" width=\"930\" height=\"1532\" src=\"https:\/\/olkatoiminta.fi\/wp-content\/uploads\/Phone_search-x1.png\" class=\"attachment-large size-large wp-image-2138\" alt=\"puhelin, jossa n\u00e4kym\u00e4 sovelluksesta\" srcset=\"https:\/\/olkatoiminta.fi\/wp-content\/uploads\/Phone_search-x1.png 930w, https:\/\/olkatoiminta.fi\/wp-content\/uploads\/Phone_search-x1-768x1265.png 768w\" sizes=\"(max-width: 930px) 100vw, 930px\" \/>\t\t\t\t\t\t\t\t\t\t\t\t\t\t\t<\/div>\n\t\t\t\t<\/div>\n\t\t\t\t\t<\/div>\n\t\t<\/div>\n\t\t\t\t\t<\/div>\n\t\t<\/section>\n\t\t\t\t<section class=\"elementor-section elementor-top-section elementor-element elementor-element-0f5c3d7 elementor-section-boxed elementor-section-height-default elementor-section-height-default\" data-id=\"0f5c3d7\" data-element_type=\"section\" data-e-type=\"section\" data-settings=\"{&quot;background_background&quot;:&quot;classic&quot;}\">\n\t\t\t\t\t\t<div class=\"elementor-container elementor-column-gap-default\">\n\t\t\t\t\t<div class=\"elementor-column elementor-col-100 elementor-top-column elementor-element elementor-element-96d7f60\" data-id=\"96d7f60\" data-element_type=\"column\" data-e-type=\"column\">\n\t\t\t<div class=\"elementor-widget-wrap elementor-element-populated\">\n\t\t\t\t\t\t<div class=\"elementor-element elementor-element-0761c12 elementor-widget elementor-widget-video\" data-id=\"0761c12\" data-element_type=\"widget\" data-e-type=\"widget\" data-settings=\"{&quot;youtube_url&quot;:&quot;https:\\\/\\\/www.youtube.com\\\/watch?v=O3AuPA1Woao&quot;,&quot;yt_privacy&quot;:&quot;yes&quot;,&quot;lazy_load&quot;:&quot;yes&quot;,&quot;video_type&quot;:&quot;youtube&quot;}\" data-widget_type=\"video.default\">\n\t\t\t\t<div class=\"elementor-widget-container\">\n\t\t\t\t\t\t\t<div class=\"elementor-wrapper elementor-open-inline\">\n\t\t\t<div class=\"elementor-video\"><\/div>\t\t<\/div>\n\t\t\t\t\t\t<\/div>\n\t\t\t\t<\/div>\n\t\t\t\t\t<\/div>\n\t\t<\/div>\n\t\t\t\t\t<\/div>\n\t\t<\/section>\n\t\t\t\t<section class=\"elementor-section elementor-top-section elementor-element elementor-element-45be60c1 elementor-section-height-min-height elementor-reverse-mobile elementor-reverse-tablet elementor-section-boxed elementor-section-height-default elementor-section-items-middle\" data-id=\"45be60c1\" data-element_type=\"section\" data-e-type=\"section\" data-settings=\"{&quot;background_background&quot;:&quot;classic&quot;}\">\n\t\t\t\t\t\t\t<div class=\"elementor-background-overlay\"><\/div>\n\t\t\t\t\t\t\t<div class=\"elementor-container elementor-column-gap-default\">\n\t\t\t\t\t<div class=\"elementor-column elementor-col-50 elementor-top-column elementor-element elementor-element-359d5be6\" data-id=\"359d5be6\" data-element_type=\"column\" data-e-type=\"column\">\n\t\t\t<div class=\"elementor-widget-wrap elementor-element-populated\">\n\t\t\t\t\t\t<div class=\"elementor-element elementor-element-15b80f4 elementor-widget elementor-widget-image\" data-id=\"15b80f4\" data-element_type=\"widget\" data-e-type=\"widget\" data-widget_type=\"image.default\">\n\t\t\t\t<div class=\"elementor-widget-container\">\n\t\t\t\t\t\t\t\t\t\t\t\t\t\t\t<img decoding=\"async\" width=\"2400\" height=\"1600\" src=\"https:\/\/olkatoiminta.fi\/wp-content\/uploads\/Toivo3_medium.jpg\" class=\"attachment-large size-large wp-image-2731\" alt=\"K\u00e4si, joka pitelee \u00e4lypuhelinta. Puhelimen n\u00e4yt\u00f6ll\u00e4 on auki Toivo-sovellus.\" srcset=\"https:\/\/olkatoiminta.fi\/wp-content\/uploads\/Toivo3_medium.jpg 2400w, https:\/\/olkatoiminta.fi\/wp-content\/uploads\/Toivo3_medium-768x512.jpg 768w, https:\/\/olkatoiminta.fi\/wp-content\/uploads\/Toivo3_medium-1536x1024.jpg 1536w, https:\/\/olkatoiminta.fi\/wp-content\/uploads\/Toivo3_medium-2048x1365.jpg 2048w, https:\/\/olkatoiminta.fi\/wp-content\/uploads\/Toivo3_medium-1320x880.jpg 1320w\" sizes=\"(max-width: 2400px) 100vw, 2400px\" \/>\t\t\t\t\t\t\t\t\t\t\t\t\t\t\t<\/div>\n\t\t\t\t<\/div>\n\t\t\t\t\t<\/div>\n\t\t<\/div>\n\t\t\t\t<div class=\"elementor-column elementor-col-50 elementor-top-column elementor-element elementor-element-62e32d9a\" data-id=\"62e32d9a\" data-element_type=\"column\" data-e-type=\"column\" data-settings=\"{&quot;background_background&quot;:&quot;classic&quot;}\">\n\t\t\t<div class=\"elementor-widget-wrap elementor-element-populated\">\n\t\t\t\t\t\t<div class=\"elementor-element elementor-element-4c12b067 elementor-widget elementor-widget-heading\" data-id=\"4c12b067\" data-element_type=\"widget\" data-e-type=\"widget\" data-widget_type=\"heading.default\">\n\t\t\t\t<div class=\"elementor-widget-container\">\n\t\t\t\t\t<h2 class=\"elementor-heading-title elementor-size-default\">B\u00f6rja anv\u00e4nda kamratst\u00f6dsappen Toivo<\/h2>\t\t\t\t<\/div>\n\t\t\t\t<\/div>\n\t\t\t\t<div class=\"elementor-element elementor-element-446aae1f elementor-widget elementor-widget-text-editor\" data-id=\"446aae1f\" data-element_type=\"widget\" data-e-type=\"widget\" data-widget_type=\"text-editor.default\">\n\t\t\t\t<div class=\"elementor-widget-container\">\n\t\t\t\t\t\t\t\t\t<p>Du kan ladda ner appen Toivo gratis fr\u00e5n App Store eller Google Play.<\/p><p><a href=\"https:\/\/app.mesensei.com\/toivo\" target=\"_blank\" rel=\"noopener\">Programmet kan ocks\u00e5 anv\u00e4ndas som webbl\u00e4sarversion p\u00e5 den h\u00e4r adressen.<\/a><\/p>\t\t\t\t\t\t\t\t<\/div>\n\t\t\t\t<\/div>\n\t\t\t\t<div class=\"elementor-element elementor-element-4f9ef63 elementor-widget__width-auto elementor-widget-mobile__width-inherit elementor-widget elementor-widget-image\" data-id=\"4f9ef63\" data-element_type=\"widget\" data-e-type=\"widget\" data-widget_type=\"image.default\">\n\t\t\t\t<div class=\"elementor-widget-container\">\n\t\t\t\t\t\t\t\t\t\t\t\t\t\t\t\t<a href=\"https:\/\/apps.apple.com\/fi\/app\/toivo-vertaistukisovellus\/id1550785318\" target=\"_blank\" rel=\"noopener\">\n\t\t\t\t\t\t\t<img decoding=\"async\" width=\"1280\" height=\"376\" src=\"https:\/\/olkatoiminta.fi\/wp-content\/uploads\/ladda-appstore.png\" class=\"attachment-large size-large wp-image-6300\" alt=\"Ladda ner fr\u00e5n App Store\" srcset=\"https:\/\/olkatoiminta.fi\/wp-content\/uploads\/ladda-appstore.png 1280w, https:\/\/olkatoiminta.fi\/wp-content\/uploads\/ladda-appstore-768x226.png 768w\" sizes=\"(max-width: 1280px) 100vw, 1280px\" \/>\t\t\t\t\t\t\t\t<\/a>\n\t\t\t\t\t\t\t\t\t\t\t\t\t\t\t<\/div>\n\t\t\t\t<\/div>\n\t\t\t\t<div class=\"elementor-element elementor-element-81a51b3 elementor-widget__width-auto elementor-widget-mobile__width-inherit elementor-widget elementor-widget-image\" data-id=\"81a51b3\" data-element_type=\"widget\" data-e-type=\"widget\" data-widget_type=\"image.default\">\n\t\t\t\t<div class=\"elementor-widget-container\">\n\t\t\t\t\t\t\t\t\t\t\t\t\t\t\t\t<a href=\"https:\/\/play.google.com\/store\/apps\/details?id=com.mesensei.toivo&#038;hl=fi&#038;gl=US\" target=\"_blank\" rel=\"noopener\">\n\t\t\t\t\t\t\t<img loading=\"lazy\" decoding=\"async\" width=\"1178\" height=\"394\" src=\"https:\/\/olkatoiminta.fi\/wp-content\/uploads\/ladda-google-play.png\" class=\"attachment-large size-large wp-image-6304\" alt=\"Ladda ner fr\u00e5n Google Play\" srcset=\"https:\/\/olkatoiminta.fi\/wp-content\/uploads\/ladda-google-play.png 1178w, https:\/\/olkatoiminta.fi\/wp-content\/uploads\/ladda-google-play-768x257.png 768w\" sizes=\"(max-width: 1178px) 100vw, 1178px\" \/>\t\t\t\t\t\t\t\t<\/a>\n\t\t\t\t\t\t\t\t\t\t\t\t\t\t\t<\/div>\n\t\t\t\t<\/div>\n\t\t\t\t\t<\/div>\n\t\t<\/div>\n\t\t\t\t\t<\/div>\n\t\t<\/section>\n\t\t\t\t<section class=\"elementor-section elementor-top-section elementor-element elementor-element-2bf1cf7e elementor-section-boxed elementor-section-height-default elementor-section-height-default\" data-id=\"2bf1cf7e\" data-element_type=\"section\" data-e-type=\"section\" data-settings=\"{&quot;background_background&quot;:&quot;gradient&quot;,&quot;shape_divider_top&quot;:&quot;tilt&quot;}\">\n\t\t\t\t\t\t\t<div class=\"elementor-background-overlay\"><\/div>\n\t\t\t\t\t\t<div class=\"elementor-shape elementor-shape-top\" aria-hidden=\"true\" data-negative=\"false\">\n\t\t\t<svg xmlns=\"http:\/\/www.w3.org\/2000\/svg\" viewBox=\"0 0 1000 100\" preserveAspectRatio=\"none\">\n\t<path class=\"elementor-shape-fill\" d=\"M0,6V0h1000v100L0,6z\"\/>\n<\/svg>\t\t<\/div>\n\t\t\t\t\t<div class=\"elementor-container elementor-column-gap-default\">\n\t\t\t\t\t<div class=\"elementor-column elementor-col-100 elementor-top-column elementor-element elementor-element-12ae47fc\" data-id=\"12ae47fc\" data-element_type=\"column\" data-e-type=\"column\">\n\t\t\t<div class=\"elementor-widget-wrap elementor-element-populated\">\n\t\t\t\t\t\t<div class=\"elementor-element elementor-element-b9414ba elementor-widget elementor-widget-heading\" data-id=\"b9414ba\" data-element_type=\"widget\" data-e-type=\"widget\" data-widget_type=\"heading.default\">\n\t\t\t\t<div class=\"elementor-widget-container\">\n\t\t\t\t\t<h2 class=\"elementor-heading-title elementor-size-default\">Toivos blogg<\/h2>\t\t\t\t<\/div>\n\t\t\t\t<\/div>\n\t\t\t\t<div class=\"elementor-element elementor-element-42c6067 elementor-mobile-align-center elementor-align-center elementor-widget elementor-widget-button\" data-id=\"42c6067\" data-element_type=\"widget\" data-e-type=\"widget\" data-widget_type=\"button.default\">\n\t\t\t\t<div class=\"elementor-widget-container\">\n\t\t\t\t\t\t\t\t\t<div class=\"elementor-button-wrapper\">\n\t\t\t\t\t<a class=\"elementor-button elementor-button-link elementor-size-md\" href=\"https:\/\/olkatoiminta.fi\/toivo-blogi\/\">\n\t\t\t\t\t\t<span class=\"elementor-button-content-wrapper\">\n\t\t\t\t\t\t<span class=\"elementor-button-icon\">\n\t\t\t\t<i aria-hidden=\"true\" class=\"fas fa-arrow-right\"><\/i>\t\t\t<\/span>\n\t\t\t\t\t\t\t\t\t<span class=\"elementor-button-text\">L\u00e4s Toivos blogg (p\u00e5 finska)<\/span>\n\t\t\t\t\t<\/span>\n\t\t\t\t\t<\/a>\n\t\t\t\t<\/div>\n\t\t\t\t\t\t\t\t<\/div>\n\t\t\t\t<\/div>\n\t\t\t\t\t<\/div>\n\t\t<\/div>\n\t\t\t\t\t<\/div>\n\t\t<\/section>\n\t\t\t\t<\/div>\n\t\t","protected":false},"excerpt":{"rendered":"<p>Du \u00e4r inte ensam. Det finns st\u00f6d. Kamratst\u00f6dsappen Toivo Kamratst\u00f6dsapplikationen Toivo \u00e4r en tj\u00e4nst som erbjuder kamratst\u00f6d och information till sjuka, personer med funktionsneds\u00e4ttning och deras n\u00e4rst\u00e5ende. Toivo-appen \u00e4r gratis och kan \u00e4ven anv\u00e4ndas anonymt. Kamratst\u00f6det i appen \u00e4r inte kopplat till en enskild sjukdom eller skada, utan st\u00f6d kan s\u00f6kas med olika bakgrund. Kamratst\u00f6djarna &#8230; <a title=\"Kamratst\u00f6dsappen Toivo\" class=\"read-more\" href=\"https:\/\/olkatoiminta.fi\/sv\/kamratstodsappen-toivo\/\" aria-label=\"L\u00e4s mer om Kamratst\u00f6dsappen Toivo\">L\u00e4s mer<\/a><\/p>\n","protected":false},"author":13,"featured_media":3166,"parent":0,"menu_order":31,"comment_status":"closed","ping_status":"closed","template":"elementor_header_footer","meta":{"_acf_changed":false,"footnotes":""},"class_list":["post-6108","page","type-page","status-publish","has-post-thumbnail"],"acf":[],"_links":{"self":[{"href":"https:\/\/olkatoiminta.fi\/sv\/wp-json\/wp\/v2\/pages\/6108","targetHints":{"allow":["GET"]}}],"collection":[{"href":"https:\/\/olkatoiminta.fi\/sv\/wp-json\/wp\/v2\/pages"}],"about":[{"href":"https:\/\/olkatoiminta.fi\/sv\/wp-json\/wp\/v2\/types\/page"}],"author":[{"embeddable":true,"href":"https:\/\/olkatoiminta.fi\/sv\/wp-json\/wp\/v2\/users\/13"}],"replies":[{"embeddable":true,"href":"https:\/\/olkatoiminta.fi\/sv\/wp-json\/wp\/v2\/comments?post=6108"}],"version-history":[{"count":10,"href":"https:\/\/olkatoiminta.fi\/sv\/wp-json\/wp\/v2\/pages\/6108\/revisions"}],"predecessor-version":[{"id":7885,"href":"https:\/\/olkatoiminta.fi\/sv\/wp-json\/wp\/v2\/pages\/6108\/revisions\/7885"}],"wp:featuredmedia":[{"embeddable":true,"href":"https:\/\/olkatoiminta.fi\/sv\/wp-json\/wp\/v2\/media\/3166"}],"wp:attachment":[{"href":"https:\/\/olkatoiminta.fi\/sv\/wp-json\/wp\/v2\/media?parent=6108"}],"curies":[{"name":"wp","href":"https:\/\/api.w.org\/{rel}","templated":true}]}}