{"id":6093,"date":"2024-10-11T09:46:54","date_gmt":"2024-10-11T06:46:54","guid":{"rendered":"https:\/\/olkatoiminta.fi\/?page_id=6093"},"modified":"2024-10-23T10:51:27","modified_gmt":"2024-10-23T07:51:27","slug":"dataskydd-och-kakor","status":"publish","type":"page","link":"https:\/\/olkatoiminta.fi\/sv\/dataskydd-och-kakor\/","title":{"rendered":"Dataskydd och kakor"},"content":{"rendered":"\t\t<div data-elementor-type=\"wp-post\" data-elementor-id=\"6093\" class=\"elementor elementor-6093 elementor-21\" data-elementor-post-type=\"page\">\n\t\t\t\t\t\t<section class=\"elementor-section elementor-top-section elementor-element elementor-element-1fd2a1e elementor-section-boxed elementor-section-height-default elementor-section-height-default\" data-id=\"1fd2a1e\" data-element_type=\"section\" data-e-type=\"section\">\n\t\t\t\t\t\t<div class=\"elementor-container elementor-column-gap-default\">\n\t\t\t\t\t<div class=\"elementor-column elementor-col-100 elementor-top-column elementor-element elementor-element-005bd45\" data-id=\"005bd45\" data-element_type=\"column\" data-e-type=\"column\">\n\t\t\t<div class=\"elementor-widget-wrap elementor-element-populated\">\n\t\t\t\t\t\t<div class=\"elementor-element elementor-element-ac1b003 elementor-widget elementor-widget-theme-post-title elementor-page-title elementor-widget-heading\" data-id=\"ac1b003\" data-element_type=\"widget\" data-e-type=\"widget\" data-widget_type=\"theme-post-title.default\">\n\t\t\t\t<div class=\"elementor-widget-container\">\n\t\t\t\t\t<h1 class=\"elementor-heading-title elementor-size-default\">Dataskydd och kakor<\/h1>\t\t\t\t<\/div>\n\t\t\t\t<\/div>\n\t\t\t\t\t<\/div>\n\t\t<\/div>\n\t\t\t\t\t<\/div>\n\t\t<\/section>\n\t\t\t\t<section class=\"elementor-section elementor-top-section elementor-element elementor-element-7c1446c5 elementor-section-boxed elementor-section-height-default elementor-section-height-default\" data-id=\"7c1446c5\" data-element_type=\"section\" data-e-type=\"section\">\n\t\t\t\t\t\t<div class=\"elementor-container elementor-column-gap-default\">\n\t\t\t\t\t<div class=\"elementor-column elementor-col-100 elementor-top-column elementor-element elementor-element-23fd400e\" data-id=\"23fd400e\" data-element_type=\"column\" data-e-type=\"column\">\n\t\t\t<div class=\"elementor-widget-wrap elementor-element-populated\">\n\t\t\t\t\t\t<div class=\"elementor-element elementor-element-18aae74 elementor-widget elementor-widget-text-editor\" data-id=\"18aae74\" data-element_type=\"widget\" data-e-type=\"widget\" data-widget_type=\"text-editor.default\">\n\t\t\t\t<div class=\"elementor-widget-container\">\n\t\t\t\t\t\t\t\t\t<p><i>Uppdaterad 28.6.2024<\/i><\/p>\t\t\t\t\t\t\t\t<\/div>\n\t\t\t\t<\/div>\n\t\t\t\t<div class=\"elementor-element elementor-element-932fe44 elementor-widget elementor-widget-text-editor\" data-id=\"932fe44\" data-element_type=\"widget\" data-e-type=\"widget\" data-widget_type=\"text-editor.default\">\n\t\t\t\t<div class=\"elementor-widget-container\">\n\t\t\t\t\t\t\t\t\t<h2>Registerutdrag<\/h2><p><strong><em>Registerbeskrivning f\u00f6r kontakt och nyhetsbrev<\/em><\/strong><\/p><p><strong>Personuppgiftsansvarig<br \/><\/strong>OLKA-verksamheten\/Kaisa Kauhanen HyTe ry och Anu Toija HUS<br \/>HyTe ry, K\u00f6pmannav\u00e4gen 6, 02100 Esbo och Helsingfors och Nylands sjukv\u00e5rdsdistrikts samkommun, Stenb\u00e4cksgatan 9, PB 100, 00029 HUS<br \/><br \/>tfn HyTe ry 050 382 7711, HUS 09 4711<br \/>info@olkatoiminta.fi<\/p><p><strong>Person som \u00e4r ansvarig f\u00f6r registerfr\u00e5gor<br \/><\/strong>Kaisa Kauhanen HyTe ry 050 382 7711 och Anu Toija HUS 050 466 5152<br \/>info@olkatoiminta.fi<\/p><p><strong>Registrets namn<br \/><\/strong>Registerbeskrivning f\u00f6r kontakt och nyhetsbrev g\u00e4llande OLKA-verksamheten<\/p><p><strong>Syfte med registret<br \/><\/strong>Syftet med registret \u00e4r att m\u00f6jligg\u00f6ra den kontakt som kr\u00e4vs f\u00f6r kundtj\u00e4nst, att uppr\u00e4tth\u00e5lla kundrelationer samt att informera om tj\u00e4nsterna.<\/p><p><strong>Registrets informationsinneh\u00e5ll<br \/><\/strong>Namn<br \/>(organisation)<br \/>E-postadress<br \/>Telefonnummer<\/p><p><strong>F\u00f6rvaringstid f\u00f6r uppgifter<br \/><\/strong>Uppgifterna f\u00f6rvaras s\u00e5 l\u00e4nge som det beh\u00f6vs f\u00f6r att verkst\u00e4lla det avtal som gjorts med kunden eller f\u00f6r att utveckla kundtj\u00e4nsten.<\/p><p><strong>Regelm\u00e4ssiga informationsk\u00e4llor<\/strong><br \/>Uppgifterna samlas in via kontaktformul\u00e4ret p\u00e5 olkatoiminta.fi eller p\u00e5 annat s\u00e4tt n\u00e4r kunden kontaktar oss. Personerna anger uppgifter personligen n\u00e4r de tar kontakt.<\/p><p><strong>\u00d6verf\u00f6ring av data och regelr\u00e4tt utl\u00e4mnande av uppgifter utanf\u00f6r EU eller Europeiska ekonomiska samarbetsomr\u00e5det<\/strong><br \/>Uppgifter l\u00e4mnas inte ut.<\/p><p><strong>Registerskydd<\/strong><br \/>Uppgifterna i kundregistret \u00f6verf\u00f6rs genom en SSL-skyddad kontakt. De elektroniska uppgifterna skyddas med en brandv\u00e4gg, inloggningar och l\u00f6senord. Den enda som kan komma \u00e5t uppgifterna \u00e4r den registeransvariga och serveradministrat\u00f6ren, men endast i undantagsfall d\u00e5 det \u00e4r n\u00f6dv\u00e4ndigt f\u00f6r teknisk verksamhet. Personuppgiftsbitr\u00e4dena har tystnadsplikt g\u00e4llande all information. N\u00e4r det g\u00e4ller bokf\u00f6ringsmaterial har f\u00f6retagets bokf\u00f6rare tillg\u00e5ng till uppgifter i fr\u00e5ga, till exempel f\u00f6retagets fakturor. Bokf\u00f6ringsmaterialet ligger i en elektronisk programvara och skyddas av en brandv\u00e4gg, inloggningar och l\u00f6senord.<\/p><p><strong>Automatiserat beslutsfattande<\/strong><br \/>Det fattas inga automatiserade enskilda beslut (artikel 22 i EU:s dataskyddsf\u00f6rordning).<\/p><p><strong>Den registrerades r\u00e4ttigheter<\/strong><br \/>Den registrerade har r\u00e4tt att kontrollera vilken information som finns sparad om hen i personuppgiftsregistret. En undertecknad skriftlig beg\u00e4ran om granskning ska skickas till den som ansvarar f\u00f6r registerfr\u00e5gor. Personen ska identifiera sig fysiskt med ett officiellt identitetsbevis n\u00e4r uppgifterna h\u00e4mtas.<\/p><p>R\u00e4tten till granskning \u00e4r kostnadsfri om den sker h\u00f6gst en g\u00e5ng per \u00e5r. Den registrerade har r\u00e4tt att beg\u00e4ra att felaktiga eller f\u00f6r\u00e5ldrade uppgifter korrigeras eller raderas eller att uppgifterna f\u00f6rs \u00f6ver fr\u00e5n ett system till ett annat. Hen har ocks\u00e5 r\u00e4tt att begr\u00e4nsa eller inv\u00e4nda mot behandlingen av hens uppgifter i enlighet med artiklarna 18 och 21 i EU:s dataskyddsf\u00f6rordning. Den registrerade har r\u00e4tt att \u00e5terkalla sitt tidigare samtycke till behandling av uppgifterna eller att l\u00e4mna in ett klagom\u00e5l till tillsynsmyndigheten g\u00e4llande behandlingen av hens personuppgifter. Den registrerade har ocks\u00e5 r\u00e4tt att neka till att hens uppgifter anv\u00e4nds i direkt marknadsf\u00f6ring.<\/p>\t\t\t\t\t\t\t\t<\/div>\n\t\t\t\t<\/div>\n\t\t\t\t<div class=\"elementor-element elementor-element-524471c9 elementor-widget elementor-widget-text-editor\" data-id=\"524471c9\" data-element_type=\"widget\" data-e-type=\"widget\" data-widget_type=\"text-editor.default\">\n\t\t\t\t<div class=\"elementor-widget-container\">\n\t\t\t\t\t\t\t\t\t<h2>Cookies<\/h2><p>Denna webbplats anv\u00e4nder cookies f\u00f6r att f\u00f6rb\u00e4ttra anv\u00e4ndarupplevelsen. En cookie \u00e4r en liten textfil som tillf\u00e4lligt lagras p\u00e5 anv\u00e4ndarens h\u00e5rddisk. Cookies anv\u00e4nds p\u00e5 n\u00e4stan alla webbplatser och det \u00e4r inte s\u00e4kert att webbplatserna fungerar ordentligt utan dem.<\/p><p>En cookie inneh\u00e5ller ett slumpm\u00e4ssigt genererat och unikt ID som g\u00f6r det m\u00f6jligt f\u00f6r oss att k\u00e4nna igen din dator och samla in information om vilka sidor och funktioner du anv\u00e4nder i din webbl\u00e4sare. Cookies utg\u00f6r ingen s\u00e4kerhetsrisk och kan inte skada din enhet.<\/p><h2>Sociala medier<\/h2><p>Plattformar f\u00f6r sociala medier kan komma \u00e5t din IP-adress via delningsfunktioner. Om du inte vill att plattformarna ska samla in din information rekommenderar vi att du inte till\u00e5ter cookies via dina webbl\u00e4sarinst\u00e4llningar. Det \u00e4r dock bra att t\u00e4nka p\u00e5 att cookies kan vara n\u00f6dv\u00e4ndigt f\u00f6r att vissa funktioner p\u00e5 webbplatsen ska fungera korrekt.<\/p><h2>Google Analytics<\/h2><p>Webbplatsen samlar in information om anv\u00e4ndaraktiviteter i Google Analytics. Informationen anv\u00e4nds f\u00f6r att utveckla marknadsf\u00f6ring och tj\u00e4nster. IP-adresserna \u00e4r anonymiserade. De kommer inte att avsl\u00f6jas f\u00f6r n\u00e5gon annan part.<\/p>\t\t\t\t\t\t\t\t<\/div>\n\t\t\t\t<\/div>\n\t\t\t\t<div class=\"elementor-element elementor-element-ecae733 elementor-widget elementor-widget-button\" data-id=\"ecae733\" data-element_type=\"widget\" data-e-type=\"widget\" data-widget_type=\"button.default\">\n\t\t\t\t<div class=\"elementor-widget-container\">\n\t\t\t\t\t\t\t\t\t<div class=\"elementor-button-wrapper\">\n\t\t\t\t\t<a class=\"elementor-button elementor-button-link elementor-size-sm\" href=\"\/#gdpr_cookie_modal\">\n\t\t\t\t\t\t<span class=\"elementor-button-content-wrapper\">\n\t\t\t\t\t\t\t\t\t<span class=\"elementor-button-text\">\u00c4ndra dina cookie-inst\u00e4llningar<\/span>\n\t\t\t\t\t<\/span>\n\t\t\t\t\t<\/a>\n\t\t\t\t<\/div>\n\t\t\t\t\t\t\t\t<\/div>\n\t\t\t\t<\/div>\n\t\t\t\t\t<\/div>\n\t\t<\/div>\n\t\t\t\t\t<\/div>\n\t\t<\/section>\n\t\t\t\t<\/div>\n\t\t","protected":false},"excerpt":{"rendered":"<p>Uppdaterad 28.6.2024 Registerutdrag Registerbeskrivning f\u00f6r kontakt och nyhetsbrev PersonuppgiftsansvarigOLKA-verksamheten\/Kaisa Kauhanen HyTe ry och Anu Toija HUSHyTe ry, K\u00f6pmannav\u00e4gen 6, 02100 Esbo och Helsingfors och Nylands sjukv\u00e5rdsdistrikts samkommun, Stenb\u00e4cksgatan 9, PB 100, 00029 HUS tfn HyTe ry 050 382 7711, HUS 09 4711info@olkatoiminta.fi Person som \u00e4r ansvarig f\u00f6r registerfr\u00e5gorKaisa Kauhanen HyTe ry 050 382 7711 och &#8230; <a title=\"Dataskydd och kakor\" class=\"read-more\" href=\"https:\/\/olkatoiminta.fi\/sv\/dataskydd-och-kakor\/\" aria-label=\"L\u00e4s mer om Dataskydd och kakor\">L\u00e4s mer<\/a><\/p>\n","protected":false},"author":13,"featured_media":0,"parent":0,"menu_order":81,"comment_status":"closed","ping_status":"closed","template":"","meta":{"_acf_changed":false,"footnotes":""},"class_list":["post-6093","page","type-page","status-publish"],"acf":[],"_links":{"self":[{"href":"https:\/\/olkatoiminta.fi\/sv\/wp-json\/wp\/v2\/pages\/6093","targetHints":{"allow":["GET"]}}],"collection":[{"href":"https:\/\/olkatoiminta.fi\/sv\/wp-json\/wp\/v2\/pages"}],"about":[{"href":"https:\/\/olkatoiminta.fi\/sv\/wp-json\/wp\/v2\/types\/page"}],"author":[{"embeddable":true,"href":"https:\/\/olkatoiminta.fi\/sv\/wp-json\/wp\/v2\/users\/13"}],"replies":[{"embeddable":true,"href":"https:\/\/olkatoiminta.fi\/sv\/wp-json\/wp\/v2\/comments?post=6093"}],"version-history":[{"count":13,"href":"https:\/\/olkatoiminta.fi\/sv\/wp-json\/wp\/v2\/pages\/6093\/revisions"}],"predecessor-version":[{"id":6458,"href":"https:\/\/olkatoiminta.fi\/sv\/wp-json\/wp\/v2\/pages\/6093\/revisions\/6458"}],"wp:attachment":[{"href":"https:\/\/olkatoiminta.fi\/sv\/wp-json\/wp\/v2\/media?parent=6093"}],"curies":[{"name":"wp","href":"https:\/\/api.w.org\/{rel}","templated":true}]}}